{"id":150,"date":"2017-06-26T13:52:37","date_gmt":"2017-06-26T11:52:37","guid":{"rendered":"http:\/\/few-group.com\/?page_id=150"},"modified":"2024-01-24T11:57:15","modified_gmt":"2024-01-24T10:57:15","slug":"qualitaetsmanagement","status":"publish","type":"page","link":"https:\/\/few-group.com\/de\/few-automotive-group\/qualitaetsmanagement\/","title":{"rendered":"Qualit\u00e4tsmanagement"},"content":{"rendered":"\n\n\t\t\t\t<img loading=\"lazy\" decoding=\"async\" src=\"https:\/\/few-group.com\/wp-content\/uploads\/web-allgemein\/header-frontscheibenanschluesse.jpg\" alt=\"header-frontscheibenanschluesse\" itemprop=\"image\" height=\"360\" width=\"1240\" title=\"header-frontscheibenanschluesse\" onerror=\"this.style.display='none'\">\n<h1>\n\t\tQualit\u00e4tsmanagement&nbsp;<\/h1>\n\t<h2>Individuelle Produkte mit \u00fcberzeugender Qualit\u00e4t<\/h2>\n<p>Weltweit ver\u00adtrauen Zulief\u00ader\u00ader der Auto\u00admo\u00adbilin\u00addus\u00adtrie auf die Pro\u00adduk\u00adte der <span class=\"caps\">FEW<\/span> Auto\u00admo\u00adtive Group. Um die Zufrieden\u00adheit unser\u00ader Kun\u00adden sicherzustellen, set\u00adzen wir bei der Her\u00adstel\u00adlung unser\u00ader Pro\u00adduk\u00adte hohe Stan\u00addards. Regelm\u00e4\u00dfige Qual\u00adit\u00e4t\u00adskon\u00adtrollen und hohe Flex\u00adi\u00adbil\u00adit\u00e4t in den Bere\u00adichen Entwick\u00adlung, Pla\u00adnung und Fer\u00adti\u00adgung sind die Basis f\u00fcr die opti\u00admale Umset\u00adzung Ihrer indi\u00advidu\u00adellen W\u00fcnsche.<\/p>\n<h2>Hohe Zufriedenheit durch zertifiziertes Qualit\u00e4tsmanagement<\/h2>\n<p>Um die Hochw\u00ader\u00adtigkeit unser\u00ader Pro\u00adduk\u00adte sicherzustellen und den Anforderun\u00adgen unser\u00ader Kun\u00adden gerecht zu wer\u00adden, \u00fcber\u00adlassen wir nichts dem Zufall. Ein zer\u00adti\u00adfiziertes Qual\u00adit\u00e4ts\u00adman\u00adage\u00adment nach <span class=\"caps\">ISO<\/span> 9001 und <span class=\"caps\">IATF<\/span> 16949 bildet dabei die Grund\u00adlage unser\u00ader Arbeit.<\/p>\n<h2>Clevere Prozesse zur permanenten Qualit\u00e4tskontrolle<\/h2>\n<p>Intel\u00adli\u00adgente Ver\u00adfahren und L\u00f6sun\u00adgen helfen uns dabei, den ober\u00adsten Grund\u00adsatz unser\u00ader Qual\u00adit\u00e4t\u00adsphiloso\u00adphie \u2014 die Null-Fehler-Pro\u00adduk\u00adtion \u2014 umzuset\u00adzen. Durch unsere Werk\u00aderselb\u00adst\u00adpr\u00fc\u00adfung, sta\u00adtis\u00adtis\u00adche Prozesskon\u00adtrolle und automa\u00adtisierte Prozesse stellen wir die hohe Qual\u00adit\u00e4t unser\u00ader Pro\u00adduk\u00adte sich\u00ader. Eben\u00adso z\u00e4hlen die schnelle und zuver\u00adl\u00e4s\u00adsige Kom\u00admu\u00adnika\u00adtion, die sehr gute Aus\u00adbil\u00addung und das hohe Qual\u00adit\u00e4ts\u00adbe\u00adwu\u00dft\u00adsein unser\u00ader Mitar\u00adbei\u00adt\u00aderin\u00adnen und Mitar\u00adbeit\u00ader zu den S\u00e4ulen des Qual\u00adit\u00e4ts\u00adman\u00adage\u00adments der <span class=\"caps\">FEW<\/span> Auto\u00admo\u00adtive&nbsp;Group.<\/p>\n\t\t\t\t<img decoding=\"async\" src=\"http:\/\/few-group.com\/wp-content\/uploads\/web-allgemein\/siegel-tuev-1.png\" alt=\"siegel-tuev-1\" itemprop=\"image\" title=\"siegel-tuev-1\" onerror=\"this.style.display='none'\">\n<h4>\n\t\tUnsere Standorte&nbsp;<\/h4>\n\t\t\t\t\t<a href=\"javascript:void(0);\" id=\"fl-accordion--label-0\" tabindex=\"0\" aria-controls=\"fl-accordion--panel-0\"><\/a>\n\t\t\t\t\t\t\t\t\t\t\t<a href=\"#\" id=\"fl-accordion--icon-0\" tabindex=\"-1\" aria-controls=\"fl-accordion--panel-0\"><i>Col\u00adlapse<\/i><\/a>\n\t\t\t\t\t<p><img loading=\"lazy\" decoding=\"async\" src=\"http:\/\/few-group.com\/wp-content\/uploads\/web-allgemein\/standortkarte-box-de.jpg\" alt=\"Qualit\u00e4tsmanagement\" width=\"309\" height=\"230\"><\/p>\n\n\t\t\t\t\t<a href=\"javascript:void(0);\" id=\"fl-accordion--label-1\" tabindex=\"0\" aria-controls=\"fl-accordion--panel-1\"><\/a>\n\t\t\t\t\t\t\t\t\t\t\t<a href=\"#\" id=\"fl-accordion--icon-1\" tabindex=\"-1\" aria-controls=\"fl-accordion--panel-1\"><i>Expand<\/i><\/a>\n\t\t\t\t\t<p><img loading=\"lazy\" decoding=\"async\" src=\"http:\/\/few-group.com\/wp-content\/uploads\/web-allgemein\/standortkarte-box-usa.jpg\" alt=\"Qualit\u00e4tsmanagement\" width=\"309\" height=\"230\"><\/p>\n\n\t\t\t\t\t<a href=\"javascript:void(0);\" id=\"fl-accordion--label-2\" tabindex=\"0\" aria-controls=\"fl-accordion--panel-2\"><\/a>\n\t\t\t\t\t\t\t\t\t\t\t<a href=\"#\" id=\"fl-accordion--icon-2\" tabindex=\"-1\" aria-controls=\"fl-accordion--panel-2\"><i>Expand<\/i><\/a>\n\t\t\t\t\t<p><img loading=\"lazy\" decoding=\"async\" src=\"http:\/\/few-group.com\/wp-content\/uploads\/web-allgemein\/standortkarte-box-ch.jpg\" alt=\"Qualit\u00e4tsmanagement\" width=\"309\" height=\"230\"><\/p>\n\n\t\t\t\t\t<a href=\"javascript:void(0);\" id=\"fl-accordion--label-3\" tabindex=\"0\" aria-controls=\"fl-accordion--panel-3\"><\/a>\n\t\t\t\t\t\t\t\t\t\t\t<a href=\"#\" id=\"fl-accordion--icon-3\" tabindex=\"-1\" aria-controls=\"fl-accordion--panel-3\"><i>Expand<\/i><\/a>\n\t\t\t\t\t<p><img loading=\"lazy\" decoding=\"async\" src=\"http:\/\/few-group.com\/wp-content\/uploads\/web-allgemein\/standortkarte-box-jp-vp.jpg\" alt=\"Qualit\u00e4tsmanagement\" width=\"309\" height=\"230\"><\/p>\n\n<h4>\n\t\tDownloads&nbsp;<\/h4>\n\t\t<h4>Zertifikate<\/h4>\n\t\t\t\t<img loading=\"lazy\" decoding=\"async\" src=\"https:\/\/few-group.com\/wp-content\/uploads\/few-zertifikat.jpg\" alt=\"few-zertifikat\" itemprop=\"image\" height=\"600\" width=\"800\" title=\"few-zertifikat\" onerror=\"this.style.display='none'\">\n<p>Laden Sie hier unsere Zer\u00adti\u00adfikate herunter.<\/p>\n<p><a href=\"https:\/\/few-group.com\/wp-content\/uploads\/12685ms_00_en-2.pdf\" target=\"_blank\" rel=\"noopener\"><span class=\"caps\">ISO<\/span> 9001 <span class=\"caps\">FEW<\/span>&nbsp;Group<\/a><\/p>\n<p><a href=\"https:\/\/few-group.com\/wp-content\/uploads\/12685ms_01_de_en_chi.pdf\" target=\"_blank\" rel=\"noopener\"><span class=\"caps\">ISO<\/span> 9001 <span class=\"caps\">FEW<\/span>&nbsp;China<\/a><\/p>\n<p><a href=\"https:\/\/few-group.com\/wp-content\/uploads\/12685msIATF_en-1.pdf\" target=\"_blank\" rel=\"noopener\"><span class=\"caps\">IATF<\/span> <span class=\"caps\">FEW<\/span> Germany<\/a><\/p>\n<p><a href=\"https:\/\/few-group.com\/wp-content\/uploads\/12685msIATF_en03-2.pdf\" target=\"_blank\" rel=\"noopener\"><span class=\"caps\">IATF<\/span> <span class=\"caps\">FEW<\/span>&nbsp;<span class=\"caps\">USA<\/span><\/a><\/p>\n<p><a href=\"https:\/\/few-group.com\/wp-content\/uploads\/ISO14001_de.pdf\" target=\"_blank\" rel=\"noopener\"><span class=\"caps\">ISO<\/span> 14001<\/a><\/p>\n\n","protected":false},"excerpt":{"rendered":"<p>Qual\u00adit\u00e4ts\u00adman\u00adage\u00adment Indi\u00advidu\u00adelle Pro\u00adduk\u00adte mit \u00fcberzeu\u00adgen\u00adder Qual\u00adit\u00e4t Weltweit ver\u00adtrauen Zulief\u00ader\u00ader der Auto\u00admo\u00adbilin\u00addus\u00adtrie auf die Pro\u00adduk\u00adte der <span class=\"caps\">FEW<\/span> Auto\u00admo\u00adtive Group. Um die Zufrieden\u00adheit unser\u00ader Kun\u00adden sicherzustellen, set\u00adzen wir bei der Her\u00adstel\u00adlung unser\u00ader Pro\u00adduk\u00adte hohe Stan\u00addards. Regelm\u00e4\u00dfige Qual\u00adit\u00e4t\u00adskon\u00adtrollen und hohe Flex\u00adi\u00adbil\u00adit\u00e4t in den Bere\u00adichen Entwick\u00adlung, Pla\u00adnung und Fer\u00adti\u00adgung sind die Basis f\u00fcr die opti\u00admale Umset\u00adzung Ihrer indi\u00advidu\u00adellen W\u00fcnsche.\u2026<\/p>\n","protected":false},"author":8,"featured_media":0,"parent":1876,"menu_order":4,"comment_status":"closed","ping_status":"closed","template":"","meta":{"_acf_changed":false,"wp_typography_post_enhancements_disabled":false,"footnotes":""},"class_list":["post-150","page","type-page","status-publish","hentry"],"acf":[],"yoast_head":"\n<title>Qualit\u00e4tsmanagement - FEW Automotive Group<\/title>\n<meta name=\"robots\" content=\"index, follow, max-snippet:-1, max-image-preview:large, max-video-preview:-1\" \/>\n<link rel=\"canonical\" href=\"https:\/\/few-group.com\/de\/few-automotive-group\/qualitaetsmanagement\/\" \/>\n<meta property=\"og:locale\" content=\"de_DE\" \/>\n<meta property=\"og:type\" content=\"article\" \/>\n<meta property=\"og:title\" content=\"Qualit\u00e4tsmanagement - FEW Automotive Group\" \/>\n<meta property=\"og:description\" content=\"Qualit\u00e4tsmanagement Individuelle Produkte mit \u00fcberzeugender Qualit\u00e4t Weltweit ver\u00adtrauen Zulief\u00ader\u00ader der Auto\u00admo\u00adbilin\u00addus\u00adtrie auf die Pro\u00adduk\u00adte der FEW Auto\u00admo\u00adtive Group. Um die Zufrieden\u00adheit unser\u00ader Kun\u00adden sicherzustellen, set\u00adzen wir bei der Her\u00adstel\u00adlung unser\u00ader Pro\u00adduk\u00adte hohe Stan\u00addards. Regelm\u00e4\u00dfige Qual\u00adit\u00e4t\u00adskon\u00adtrollen und hohe Flex\u00adi\u00adbil\u00adit\u00e4t in den Bere\u00adichen Entwick\u00adlung, Pla\u00adnung und Fer\u00adti\u00adgung sind die Basis f\u00fcr die opti\u00admale Umset\u00adzung Ihrer indi\u00advidu\u00adellen W\u00fcnsche.&hellip;\" \/>\n<meta property=\"og:url\" content=\"https:\/\/few-group.com\/de\/few-automotive-group\/qualitaetsmanagement\/\" \/>\n<meta property=\"og:site_name\" content=\"FEW Automotive Group\" \/>\n<meta property=\"article:modified_time\" content=\"2024-01-24T10:57:15+00:00\" \/>\n<meta property=\"og:image\" content=\"https:\/\/few-group.com\/wp-content\/uploads\/web-allgemein\/header-frontscheibenanschluesse.jpg\" \/>\n<meta name=\"twitter:card\" content=\"summary_large_image\" \/>\n<meta name=\"twitter:label1\" content=\"Gesch\u00e4tzte Lesezeit\" \/>\n\t<meta name=\"twitter:data1\" content=\"1\u00a0Minute\" \/>\n<script type=\"application\/ld+json\" class=\"yoast-schema-graph\">{\"@context\":\"https:\/\/schema.org\",\"@graph\":[{\"@type\":\"WebPage\",\"@id\":\"https:\/\/few-group.com\/de\/few-automotive-group\/qualitaetsmanagement\/\",\"url\":\"https:\/\/few-group.com\/de\/few-automotive-group\/qualitaetsmanagement\/\",\"name\":\"Qualit\u00e4tsmanagement - FEW Automotive Group\",\"isPartOf\":{\"@id\":\"https:\/\/few-group.com\/de\/#website\"},\"primaryImageOfPage\":{\"@id\":\"https:\/\/few-group.com\/de\/few-automotive-group\/qualitaetsmanagement\/#primaryimage\"},\"image\":{\"@id\":\"https:\/\/few-group.com\/de\/few-automotive-group\/qualitaetsmanagement\/#primaryimage\"},\"thumbnailUrl\":\"https:\/\/few-group.com\/wp-content\/uploads\/web-allgemein\/header-frontscheibenanschluesse.jpg\",\"datePublished\":\"2017-06-26T11:52:37+00:00\",\"dateModified\":\"2024-01-24T10:57:15+00:00\",\"breadcrumb\":{\"@id\":\"https:\/\/few-group.com\/de\/few-automotive-group\/qualitaetsmanagement\/#breadcrumb\"},\"inLanguage\":\"de\",\"potentialAction\":[{\"@type\":\"ReadAction\",\"target\":[\"https:\/\/few-group.com\/de\/few-automotive-group\/qualitaetsmanagement\/\"]}]},{\"@type\":\"ImageObject\",\"inLanguage\":\"de\",\"@id\":\"https:\/\/few-group.com\/de\/few-automotive-group\/qualitaetsmanagement\/#primaryimage\",\"url\":\"https:\/\/few-group.com\/wp-content\/uploads\/web-allgemein\/header-frontscheibenanschluesse.jpg\",\"contentUrl\":\"https:\/\/few-group.com\/wp-content\/uploads\/web-allgemein\/header-frontscheibenanschluesse.jpg\"},{\"@type\":\"BreadcrumbList\",\"@id\":\"https:\/\/few-group.com\/de\/few-automotive-group\/qualitaetsmanagement\/#breadcrumb\",\"itemListElement\":[{\"@type\":\"ListItem\",\"position\":1,\"name\":\"Startseite\",\"item\":\"https:\/\/few-group.com\/de\/\"},{\"@type\":\"ListItem\",\"position\":2,\"name\":\"FEW Automotive Group\",\"item\":\"https:\/\/few-group.com\/de\/few-automotive-group\/\"},{\"@type\":\"ListItem\",\"position\":3,\"name\":\"Qualit\u00e4tsmanagement\"}]},{\"@type\":\"WebSite\",\"@id\":\"https:\/\/few-group.com\/de\/#website\",\"url\":\"https:\/\/few-group.com\/de\/\",\"name\":\"FEW Automotive Group\",\"description\":\"Customized Glass Connectivity\",\"potentialAction\":[{\"@type\":\"SearchAction\",\"target\":{\"@type\":\"EntryPoint\",\"urlTemplate\":\"https:\/\/few-group.com\/de\/?s={search_term_string}\"},\"query-input\":{\"@type\":\"PropertyValueSpecification\",\"valueRequired\":true,\"valueName\":\"search_term_string\"}}],\"inLanguage\":\"de\"}]}<\/script>\n","yoast_head_json":{"title":"Qualit\u00e4tsmanagement - FEW Automotive Group","robots":{"index":"index","follow":"follow","max-snippet":"max-snippet:-1","max-image-preview":"max-image-preview:large","max-video-preview":"max-video-preview:-1"},"canonical":"https:\/\/few-group.com\/de\/few-automotive-group\/qualitaetsmanagement\/","og_locale":"de_DE","og_type":"article","og_title":"Qualit\u00e4tsmanagement - FEW Automotive Group","og_description":"Qualit\u00e4tsmanagement Individuelle Produkte mit \u00fcberzeugender Qualit\u00e4t Weltweit ver\u00adtrauen Zulief\u00ader\u00ader der Auto\u00admo\u00adbilin\u00addus\u00adtrie auf die Pro\u00adduk\u00adte der FEW Auto\u00admo\u00adtive Group. Um die Zufrieden\u00adheit unser\u00ader Kun\u00adden sicherzustellen, set\u00adzen wir bei der Her\u00adstel\u00adlung unser\u00ader Pro\u00adduk\u00adte hohe Stan\u00addards. Regelm\u00e4\u00dfige Qual\u00adit\u00e4t\u00adskon\u00adtrollen und hohe Flex\u00adi\u00adbil\u00adit\u00e4t in den Bere\u00adichen Entwick\u00adlung, Pla\u00adnung und Fer\u00adti\u00adgung sind die Basis f\u00fcr die opti\u00admale Umset\u00adzung Ihrer indi\u00advidu\u00adellen W\u00fcnsche.&hellip;","og_url":"https:\/\/few-group.com\/de\/few-automotive-group\/qualitaetsmanagement\/","og_site_name":"FEW Automotive Group","article_modified_time":"2024-01-24T10:57:15+00:00","og_image":[{"url":"https:\/\/few-group.com\/wp-content\/uploads\/web-allgemein\/header-frontscheibenanschluesse.jpg","type":"","width":"","height":""}],"twitter_card":"summary_large_image","twitter_misc":{"Gesch\u00e4tzte Lesezeit":"1\u00a0Minute"},"schema":{"@context":"https:\/\/schema.org","@graph":[{"@type":"WebPage","@id":"https:\/\/few-group.com\/de\/few-automotive-group\/qualitaetsmanagement\/","url":"https:\/\/few-group.com\/de\/few-automotive-group\/qualitaetsmanagement\/","name":"Qualit\u00e4tsmanagement - FEW Automotive Group","isPartOf":{"@id":"https:\/\/few-group.com\/de\/#website"},"primaryImageOfPage":{"@id":"https:\/\/few-group.com\/de\/few-automotive-group\/qualitaetsmanagement\/#primaryimage"},"image":{"@id":"https:\/\/few-group.com\/de\/few-automotive-group\/qualitaetsmanagement\/#primaryimage"},"thumbnailUrl":"https:\/\/few-group.com\/wp-content\/uploads\/web-allgemein\/header-frontscheibenanschluesse.jpg","datePublished":"2017-06-26T11:52:37+00:00","dateModified":"2024-01-24T10:57:15+00:00","breadcrumb":{"@id":"https:\/\/few-group.com\/de\/few-automotive-group\/qualitaetsmanagement\/#breadcrumb"},"inLanguage":"de","potentialAction":[{"@type":"ReadAction","target":["https:\/\/few-group.com\/de\/few-automotive-group\/qualitaetsmanagement\/"]}]},{"@type":"ImageObject","inLanguage":"de","@id":"https:\/\/few-group.com\/de\/few-automotive-group\/qualitaetsmanagement\/#primaryimage","url":"https:\/\/few-group.com\/wp-content\/uploads\/web-allgemein\/header-frontscheibenanschluesse.jpg","contentUrl":"https:\/\/few-group.com\/wp-content\/uploads\/web-allgemein\/header-frontscheibenanschluesse.jpg"},{"@type":"BreadcrumbList","@id":"https:\/\/few-group.com\/de\/few-automotive-group\/qualitaetsmanagement\/#breadcrumb","itemListElement":[{"@type":"ListItem","position":1,"name":"Startseite","item":"https:\/\/few-group.com\/de\/"},{"@type":"ListItem","position":2,"name":"FEW Automotive Group","item":"https:\/\/few-group.com\/de\/few-automotive-group\/"},{"@type":"ListItem","position":3,"name":"Qualit\u00e4tsmanagement"}]},{"@type":"WebSite","@id":"https:\/\/few-group.com\/de\/#website","url":"https:\/\/few-group.com\/de\/","name":"FEW Automotive Group","description":"Customized Glass Connectivity","potentialAction":[{"@type":"SearchAction","target":{"@type":"EntryPoint","urlTemplate":"https:\/\/few-group.com\/de\/?s={search_term_string}"},"query-input":{"@type":"PropertyValueSpecification","valueRequired":true,"valueName":"search_term_string"}}],"inLanguage":"de"}]}},"_links":{"self":[{"href":"https:\/\/few-group.com\/de\/wp-json\/wp\/v2\/pages\/150","targetHints":{"allow":["GET"]}}],"collection":[{"href":"https:\/\/few-group.com\/de\/wp-json\/wp\/v2\/pages"}],"about":[{"href":"https:\/\/few-group.com\/de\/wp-json\/wp\/v2\/types\/page"}],"author":[{"embeddable":true,"href":"https:\/\/few-group.com\/de\/wp-json\/wp\/v2\/users\/8"}],"replies":[{"embeddable":true,"href":"https:\/\/few-group.com\/de\/wp-json\/wp\/v2\/comments?post=150"}],"version-history":[{"count":1,"href":"https:\/\/few-group.com\/de\/wp-json\/wp\/v2\/pages\/150\/revisions"}],"predecessor-version":[{"id":3671,"href":"https:\/\/few-group.com\/de\/wp-json\/wp\/v2\/pages\/150\/revisions\/3671"}],"up":[{"embeddable":true,"href":"https:\/\/few-group.com\/de\/wp-json\/wp\/v2\/pages\/1876"}],"wp:attachment":[{"href":"https:\/\/few-group.com\/de\/wp-json\/wp\/v2\/media?parent=150"}],"curies":[{"name":"wp","href":"https:\/\/api.w.org\/{rel}","templated":true}]}}