{"id":1874,"date":"2017-09-18T16:36:40","date_gmt":"2017-09-18T14:36:40","guid":{"rendered":"http:\/\/few-group.com\/?page_id=1874"},"modified":"2025-07-15T10:39:33","modified_gmt":"2025-07-15T08:39:33","slug":"startseite","status":"publish","type":"page","link":"https:\/\/few-group.com\/de\/","title":{"rendered":"Startseite"},"content":{"rendered":"\n<p><img decoding=\"async\" src=\"http:\/\/few-group.com\/wp-content\/uploads\/web-allgemein\/header-frontscheibenanschluesse.jpg\" alt=\"Startseite\"> <img decoding=\"async\" src=\"https:\/\/few-group.com\/wp-content\/uploads\/header-loetstation.jpg\" alt=\"Startseite\"> <img decoding=\"async\" src=\"https:\/\/few-group.com\/wp-content\/uploads\/headerbilder_startseite_3.jpg\" alt=\"Startseite\"> <img decoding=\"async\" src=\"https:\/\/few-group.com\/wp-content\/uploads\/header-us-rundlitzen-crimpkontakt.jpg\" alt=\"Startseite\"> <img decoding=\"async\" src=\"https:\/\/few-group.com\/wp-content\/uploads\/header-start-01-hell.png\" alt=\"Startseite\"><\/p>\n<h1><span class=\"caps\">FEW<\/span> Automotive Group<\/h1>\n<h2>Individuelle L\u00f6tanschl\u00fcsse f\u00fcr die Automobilindustrie<\/h2>\n<p>Her\u00adzlich willkom\u00admen bei der <span class=\"caps\">FEW<\/span> Auto\u00admo\u00adtive&nbsp;Group.<\/p>\n<p>Die <a href=\"http:\/\/few-group.com\/few-automotive-group\/unternehmensprofil\/\"><span class=\"caps\">FEW<\/span> Auto\u00admo\u00adtive Group<\/a> ist weltweit ein\u00ader der Mark\u00adt\u00adf\u00fchrer f\u00fcr die Her\u00adstel\u00adlung von vorverzin\u00adnten L\u00f6tan\u00adschl\u00fcssen f\u00fcr die Auto\u00admo\u00adbilin\u00addus\u00adtrie. Gegr\u00fcn\u00addet im Jahr 1995 in Deutsch\u00adland ver\u00adf\u00fcgt unser Unternehmen \u00fcber ein hohes Ma\u00df an <a href=\"http:\/\/few-group.com\/few-automotive-group\/produktentwicklung\/\">Know-how<\/a>. Hoch qual\u00adi\u00adfizierte Mitar\u00adbeit\u00ader an allen <a href=\"http:\/\/few-group.com\/few-automotive-group\/standorte\/\">Stan\u00addorten<\/a>, eine per\u00adma\u00adnente Prozesskon\u00adtrolle, ein \u00fcber\u00addurch\u00adschnit\u00adtlich\u00ader Automa\u00adtisierungs\u00adgrad und die Zusam\u00adme\u00adnar\u00adbeit mit leis\u00adtungsstarken Liefer\u00adan\u00adten bilden die Grund\u00adlage f\u00fcr die Her\u00adstel\u00adlung von <a href=\"http:\/\/few-group.com\/few-automotive-group\/umweltmanagement\/\">umwelt\u00adbe\u00adwussten<\/a> Pro\u00adduk\u00adten in her\u00adaus\u00adra\u00adgen\u00adder <a href=\"http:\/\/few-group.com\/few-automotive-group\/qualitaetsmanagement\/\">Qual\u00adit\u00e4t<\/a>.<\/p>\n<h2>L\u00f6tanschl\u00fcsse f\u00fcr Front- und Heckscheiben<\/h2>\n<p>In Abstim\u00admung mit unseren Kun\u00adden fer\u00adti\u00adgen wir indi\u00advidu\u00adelle <a href=\"https:\/\/few-group.com\/de\/produkte\/frontscheibenanschluesse\/fpc-frontscheibenanschluesse\/\">L\u00f6tan\u00adschl\u00fcsse f\u00fcr Front-<\/a> und <a href=\"https:\/\/few-group.com\/de\/produkte\/heck-und-seitenscheibenanschluesse\/stanzteile\/\">Heckscheiben<\/a>. Diese Ele\u00admente verbinden das Bor\u00add\u00adnetz von Auto\u00admo\u00adbilen mit den App\u00adlika\u00adtio\u00adnen f\u00fcr Heizfelder, Anten\u00adnen und Sen\u00adsoren. Bleifreie L\u00f6tan\u00adschl\u00fcsse und der Verzicht auf \u00f6kol\u00ado\u00adgisch beden\u00adkliche Schw\u00ader\u00admet\u00adalle geh\u00f6ren f\u00fcr die <span class=\"caps\">FEW<\/span> Auto\u00admo\u00adtive Group zum Stan\u00addard. Die von uns gefer\u00adtigten Kon\u00adnek\u00adtoren sind f\u00fcr alle Fahrzeug\u00adglastypen geeignet.<\/p>\n<h2>Kundenorientierte L\u00f6sungen f\u00fcr die Automobilindustrie<\/h2>\n<p>Beson\u00adderen Wert leg\u00aden wir auf eine enge Zusam\u00adme\u00adnar\u00adbeit mit unseren Kun\u00adden. Wir real\u00adisieren indi\u00advidu\u00adelle L\u00f6sun\u00adgen entsprechend den spez\u00adi\u00adfis\u00adchen Anforderun\u00adgen und fer\u00adti\u00adgen L\u00f6tan\u00adschl\u00fcsse in jed\u00ader gew\u00fcn\u00adscht\u00aden Funk\u00adtion\u00adal\u00adit\u00e4t, Form und Gr\u00f6\u00dfe. Effiziente Entwick\u00adlung\u00adsprozesse, Pro\u00adfes\u00adsion\u00adal\u00adit\u00e4t und Erfahrung sowie die Begeis\u00adterung f\u00fcr Inno\u00adva\u00adtio\u00adnen sind die S\u00e4ulen f\u00fcr die Her\u00adstel\u00adlung qual\u00adi\u00adta\u00adtiv hochw\u00ader\u00adtiger Pro\u00adduk\u00adte. Die zeit\u00adna\u00adhe, ter\u00admin\u00adsichere und kostenop\u00adti\u00admale Umset\u00adzung Ihrer Pro\u00adjek\u00adte ist dabei f\u00fcr uns selbstverst\u00e4ndlich.<\/p>\n<h4>Unsere Standorte<\/h4>\n<p><a id=\"fl-accordion--label-0\" tabindex=\"0\" href=\"#\" aria-controls=\"fl-accordion--panel-0\"><\/a> <a id=\"fl-accordion--icon-0\" tabindex=\"-1\" href=\"#\"><i>Col\u00adlapse<\/i><\/a><\/p>\n<p><img loading=\"lazy\" decoding=\"async\" src=\"http:\/\/few-group.com\/wp-content\/uploads\/web-allgemein\/standortkarte-box-de.jpg\" alt=\"Startseite\" width=\"309\" height=\"230\"><\/p>\n\n<p><a id=\"fl-accordion--label-1\" tabindex=\"0\" href=\"#\" aria-controls=\"fl-accordion--panel-1\"><\/a> <a id=\"fl-accordion--icon-1\" tabindex=\"-1\" href=\"#\"><i>Expand<\/i><\/a><\/p>\n<p><img loading=\"lazy\" decoding=\"async\" src=\"https:\/\/few-group.com\/wp-content\/uploads\/standorte-box-mexiko.jpg\" alt=\"Startseite\" width=\"500\" height=\"373\"><\/p>\n\n<p><a id=\"fl-accordion--label-2\" tabindex=\"0\" href=\"#\" aria-controls=\"fl-accordion--panel-2\"><\/a> <a id=\"fl-accordion--icon-2\" tabindex=\"-1\" href=\"#\"><i>Expand<\/i><\/a><\/p>\n<p><img loading=\"lazy\" decoding=\"async\" src=\"https:\/\/few-group.com\/wp-content\/uploads\/standorte-box-she.jpg\" alt=\"Startseite\" width=\"500\" height=\"373\"><\/p>\n\n<p><a id=\"fl-accordion--label-3\" tabindex=\"0\" href=\"#\" aria-controls=\"fl-accordion--panel-3\"><\/a> <a id=\"fl-accordion--icon-3\" tabindex=\"-1\" href=\"#\"><i>Expand<\/i><\/a><\/p>\n<p><img loading=\"lazy\" decoding=\"async\" src=\"https:\/\/few-group.com\/wp-content\/uploads\/standorte-box-cz.jpg\" alt=\"Startseite\" width=\"500\" height=\"373\"><\/p>\n\n<p><a id=\"fl-accordion--label-4\" tabindex=\"0\" href=\"#\" aria-controls=\"fl-accordion--panel-4\"><\/a> <a id=\"fl-accordion--icon-4\" tabindex=\"-1\" href=\"#\"><i>Expand<\/i><\/a><\/p>\n<p><img loading=\"lazy\" decoding=\"async\" src=\"http:\/\/few-group.com\/wp-content\/uploads\/web-allgemein\/standortkarte-box-ch.jpg\" alt=\"Startseite\" width=\"309\" height=\"230\"><\/p>\n\n<p><a id=\"fl-accordion--label-5\" tabindex=\"0\" href=\"#\" aria-controls=\"fl-accordion--panel-5\"><\/a> <a id=\"fl-accordion--icon-5\" tabindex=\"-1\" href=\"#\"><i>Expand<\/i><\/a><\/p>\n<p>&nbsp;<\/p>\n\n<p><a id=\"fl-accordion--label-6\" tabindex=\"0\" href=\"#\" aria-controls=\"fl-accordion--panel-6\"><\/a> <a id=\"fl-accordion--icon-6\" tabindex=\"-1\" href=\"#\"><i>Expand<\/i><\/a><\/p>\n<p><img loading=\"lazy\" decoding=\"async\" src=\"http:\/\/few-group.com\/wp-content\/uploads\/web-allgemein\/standortkarte-box-jp-vp.jpg\" alt=\"Startseite\" width=\"309\" height=\"230\"><\/p>\n\n<h4>Downloads<\/h4>\n<h4><\/h4>\n<p><img loading=\"lazy\" decoding=\"async\" title=\"few-product-catalogue-2\" src=\"https:\/\/few-group.com\/wp-content\/uploads\/web-allgemein\/few-product-catalogue-2.jpg\" alt=\"few-product-catalogue-2\" width=\"800\" height=\"600\"><\/p>\n\n<p><a href=\"\/wp-content\/uploads\/241107-FEW-Produktkatalog.pdf\" target=\"_blank\" rel=\"noopener\"><\/a><\/p>\n<p><a href=\"\/wp-content\/uploads\/downloads\/produktkatalog\/FEW-Produktkatalog-en.pdf\" target=\"_blank\" rel=\"noopener\"><\/a><\/p>\n","protected":false},"excerpt":{"rendered":"<p><span class=\"caps\">FEW<\/span> Auto\u00admo\u00adtive Group Indi\u00advidu\u00adelle L\u00f6tan\u00adschl\u00fcsse f\u00fcr die Auto\u00admo\u00adbilin\u00addus\u00adtrie Her\u00adzlich willkom\u00admen bei der <span class=\"caps\">FEW<\/span> Auto\u00admo\u00adtive&nbsp;Group. Die <span class=\"caps\">FEW<\/span> Auto\u00admo\u00adtive Group ist weltweit ein\u00ader der Mark\u00adt\u00adf\u00fchrer f\u00fcr die Her\u00adstel\u00adlung von vorverzin\u00adnten L\u00f6tan\u00adschl\u00fcssen f\u00fcr die Auto\u00admo\u00adbilin\u00addus\u00adtrie. Gegr\u00fcn\u00addet im Jahr 1995 in Deutsch\u00adland ver\u00adf\u00fcgt unser Unternehmen \u00fcber ein hohes Ma\u00df an Know-how. Hoch qual\u00adi\u00adfizierte Mitar\u00adbeit\u00ader an allen Stan\u00addorten, eine permanente\u2026<\/p>\n","protected":false},"author":8,"featured_media":0,"parent":0,"menu_order":1,"comment_status":"closed","ping_status":"closed","template":"","meta":{"_acf_changed":false,"wp_typography_post_enhancements_disabled":false,"footnotes":""},"class_list":["post-1874","page","type-page","status-publish","hentry"],"acf":[],"yoast_head":"\n<title>FEW Automotive Group \u2013 individuelle L\u00f6tanschl\u00fcsse Made in Germany<\/title>\n<meta name=\"description\" content=\"Die FEW Automotive Group produziert individuelle L\u00f6tanschl\u00fcsse f\u00fcr Autoglasscheiben und erarbeitet kundenorientierte L\u00f6sungen f\u00fcr die Automobilindustrie\" \/>\n<meta name=\"robots\" content=\"index, follow, max-snippet:-1, max-image-preview:large, max-video-preview:-1\" \/>\n<link rel=\"canonical\" href=\"https:\/\/few-group.com\/de\/\" \/>\n<meta property=\"og:locale\" content=\"de_DE\" \/>\n<meta property=\"og:type\" content=\"article\" \/>\n<meta property=\"og:title\" content=\"FEW Automotive Group \u2013 individuelle L\u00f6tanschl\u00fcsse Made in Germany\" \/>\n<meta property=\"og:description\" content=\"Die FEW Automotive Group produziert individuelle L\u00f6tanschl\u00fcsse f\u00fcr Autoglasscheiben und erarbeitet kundenorientierte L\u00f6sungen f\u00fcr die Automobilindustrie\" \/>\n<meta property=\"og:url\" content=\"https:\/\/few-group.com\/de\/\" \/>\n<meta property=\"og:site_name\" content=\"FEW Automotive Group\" \/>\n<meta property=\"article:modified_time\" content=\"2025-07-15T08:39:33+00:00\" \/>\n<meta property=\"og:image\" content=\"http:\/\/few-group.com\/wp-content\/uploads\/web-allgemein\/header-frontscheibenanschluesse.jpg\" \/>\n<meta name=\"twitter:card\" content=\"summary_large_image\" \/>\n<meta name=\"twitter:label1\" content=\"Gesch\u00e4tzte Lesezeit\" \/>\n\t<meta name=\"twitter:data1\" content=\"5\u00a0Minuten\" \/>\n<script type=\"application\/ld+json\" class=\"yoast-schema-graph\">{\"@context\":\"https:\/\/schema.org\",\"@graph\":[{\"@type\":\"WebPage\",\"@id\":\"https:\/\/few-group.com\/de\/\",\"url\":\"https:\/\/few-group.com\/de\/\",\"name\":\"FEW Automotive Group \u2013 individuelle L\u00f6tanschl\u00fcsse Made in Germany\",\"isPartOf\":{\"@id\":\"https:\/\/few-group.com\/de\/#website\"},\"primaryImageOfPage\":{\"@id\":\"https:\/\/few-group.com\/de\/#primaryimage\"},\"image\":{\"@id\":\"https:\/\/few-group.com\/de\/#primaryimage\"},\"thumbnailUrl\":\"http:\/\/few-group.com\/wp-content\/uploads\/web-allgemein\/header-frontscheibenanschluesse.jpg\",\"datePublished\":\"2017-09-18T14:36:40+00:00\",\"dateModified\":\"2025-07-15T08:39:33+00:00\",\"description\":\"Die FEW Automotive Group produziert individuelle L\u00f6tanschl\u00fcsse f\u00fcr Autoglasscheiben und erarbeitet kundenorientierte L\u00f6sungen f\u00fcr die Automobilindustrie\",\"breadcrumb\":{\"@id\":\"https:\/\/few-group.com\/de\/#breadcrumb\"},\"inLanguage\":\"de\",\"potentialAction\":[{\"@type\":\"ReadAction\",\"target\":[\"https:\/\/few-group.com\/de\/\"]}]},{\"@type\":\"ImageObject\",\"inLanguage\":\"de\",\"@id\":\"https:\/\/few-group.com\/de\/#primaryimage\",\"url\":\"http:\/\/few-group.com\/wp-content\/uploads\/web-allgemein\/header-frontscheibenanschluesse.jpg\",\"contentUrl\":\"http:\/\/few-group.com\/wp-content\/uploads\/web-allgemein\/header-frontscheibenanschluesse.jpg\"},{\"@type\":\"BreadcrumbList\",\"@id\":\"https:\/\/few-group.com\/de\/#breadcrumb\",\"itemListElement\":[{\"@type\":\"ListItem\",\"position\":1,\"name\":\"Startseite\",\"item\":\"https:\/\/few-group.com\/de\/\"},{\"@type\":\"ListItem\",\"position\":2,\"name\":\"Startseite\"}]},{\"@type\":\"WebSite\",\"@id\":\"https:\/\/few-group.com\/de\/#website\",\"url\":\"https:\/\/few-group.com\/de\/\",\"name\":\"FEW Automotive Group\",\"description\":\"Customized Glass Connectivity\",\"potentialAction\":[{\"@type\":\"SearchAction\",\"target\":{\"@type\":\"EntryPoint\",\"urlTemplate\":\"https:\/\/few-group.com\/de\/?s={search_term_string}\"},\"query-input\":{\"@type\":\"PropertyValueSpecification\",\"valueRequired\":true,\"valueName\":\"search_term_string\"}}],\"inLanguage\":\"de\"}]}<\/script>\n","yoast_head_json":{"title":"FEW Automotive Group \u2013 individuelle L\u00f6tanschl\u00fcsse Made in Germany","description":"Die FEW Automotive Group produziert individuelle L\u00f6tanschl\u00fcsse f\u00fcr Autoglasscheiben und erarbeitet kundenorientierte L\u00f6sungen f\u00fcr die Automobilindustrie","robots":{"index":"index","follow":"follow","max-snippet":"max-snippet:-1","max-image-preview":"max-image-preview:large","max-video-preview":"max-video-preview:-1"},"canonical":"https:\/\/few-group.com\/de\/","og_locale":"de_DE","og_type":"article","og_title":"FEW Automotive Group \u2013 individuelle L\u00f6tanschl\u00fcsse Made in Germany","og_description":"Die FEW Automotive Group produziert individuelle L\u00f6tanschl\u00fcsse f\u00fcr Autoglasscheiben und erarbeitet kundenorientierte L\u00f6sungen f\u00fcr die Automobilindustrie","og_url":"https:\/\/few-group.com\/de\/","og_site_name":"FEW Automotive Group","article_modified_time":"2025-07-15T08:39:33+00:00","og_image":[{"url":"http:\/\/few-group.com\/wp-content\/uploads\/web-allgemein\/header-frontscheibenanschluesse.jpg","type":"","width":"","height":""}],"twitter_card":"summary_large_image","twitter_misc":{"Gesch\u00e4tzte Lesezeit":"5\u00a0Minuten"},"schema":{"@context":"https:\/\/schema.org","@graph":[{"@type":"WebPage","@id":"https:\/\/few-group.com\/de\/","url":"https:\/\/few-group.com\/de\/","name":"FEW Automotive Group \u2013 individuelle L\u00f6tanschl\u00fcsse Made in Germany","isPartOf":{"@id":"https:\/\/few-group.com\/de\/#website"},"primaryImageOfPage":{"@id":"https:\/\/few-group.com\/de\/#primaryimage"},"image":{"@id":"https:\/\/few-group.com\/de\/#primaryimage"},"thumbnailUrl":"http:\/\/few-group.com\/wp-content\/uploads\/web-allgemein\/header-frontscheibenanschluesse.jpg","datePublished":"2017-09-18T14:36:40+00:00","dateModified":"2025-07-15T08:39:33+00:00","description":"Die FEW Automotive Group produziert individuelle L\u00f6tanschl\u00fcsse f\u00fcr Autoglasscheiben und erarbeitet kundenorientierte L\u00f6sungen f\u00fcr die Automobilindustrie","breadcrumb":{"@id":"https:\/\/few-group.com\/de\/#breadcrumb"},"inLanguage":"de","potentialAction":[{"@type":"ReadAction","target":["https:\/\/few-group.com\/de\/"]}]},{"@type":"ImageObject","inLanguage":"de","@id":"https:\/\/few-group.com\/de\/#primaryimage","url":"http:\/\/few-group.com\/wp-content\/uploads\/web-allgemein\/header-frontscheibenanschluesse.jpg","contentUrl":"http:\/\/few-group.com\/wp-content\/uploads\/web-allgemein\/header-frontscheibenanschluesse.jpg"},{"@type":"BreadcrumbList","@id":"https:\/\/few-group.com\/de\/#breadcrumb","itemListElement":[{"@type":"ListItem","position":1,"name":"Startseite","item":"https:\/\/few-group.com\/de\/"},{"@type":"ListItem","position":2,"name":"Startseite"}]},{"@type":"WebSite","@id":"https:\/\/few-group.com\/de\/#website","url":"https:\/\/few-group.com\/de\/","name":"FEW Automotive Group","description":"Customized Glass Connectivity","potentialAction":[{"@type":"SearchAction","target":{"@type":"EntryPoint","urlTemplate":"https:\/\/few-group.com\/de\/?s={search_term_string}"},"query-input":{"@type":"PropertyValueSpecification","valueRequired":true,"valueName":"search_term_string"}}],"inLanguage":"de"}]}},"_links":{"self":[{"href":"https:\/\/few-group.com\/de\/wp-json\/wp\/v2\/pages\/1874","targetHints":{"allow":["GET"]}}],"collection":[{"href":"https:\/\/few-group.com\/de\/wp-json\/wp\/v2\/pages"}],"about":[{"href":"https:\/\/few-group.com\/de\/wp-json\/wp\/v2\/types\/page"}],"author":[{"embeddable":true,"href":"https:\/\/few-group.com\/de\/wp-json\/wp\/v2\/users\/8"}],"replies":[{"embeddable":true,"href":"https:\/\/few-group.com\/de\/wp-json\/wp\/v2\/comments?post=1874"}],"version-history":[{"count":1,"href":"https:\/\/few-group.com\/de\/wp-json\/wp\/v2\/pages\/1874\/revisions"}],"predecessor-version":[{"id":3925,"href":"https:\/\/few-group.com\/de\/wp-json\/wp\/v2\/pages\/1874\/revisions\/3925"}],"wp:attachment":[{"href":"https:\/\/few-group.com\/de\/wp-json\/wp\/v2\/media?parent=1874"}],"curies":[{"name":"wp","href":"https:\/\/api.w.org\/{rel}","templated":true}]}}