{"id":1878,"date":"2017-09-18T16:38:12","date_gmt":"2017-09-18T14:38:12","guid":{"rendered":"http:\/\/few-group.com\/?page_id=1878"},"modified":"2017-09-20T16:51:17","modified_gmt":"2017-09-20T14:51:17","slug":"produkte","status":"publish","type":"page","link":"https:\/\/few-group.com\/de\/produkte\/","title":{"rendered":"Produkte"},"content":{"rendered":"<p>\t\t\t\t<img loading=\"lazy\" decoding=\"async\" src=\"http:\/\/few-group.com\/wp-content\/uploads\/web-allgemein\/Bildschirmfoto-2017-06-23-um-09.58.18.jpg\" alt=\"Bildschirmfoto 2017-06-23 um 09.58.18\" itemprop=\"image\" height=\"604\" width=\"2358\"><\/p>\n<h1>\n\t\tProdukte<br>\n\t<\/h1>\n<p>W\u00e4hlen Sie eine Pro\u00adduk\u00adtkat\u00ade\u00adgorie aus der Grafik oder der Navigation.<br>\n\n\t<\/p><div class=\"imgmap-frontend-image\">\n\t<div class=\"imgmap-dialog-wrapper\" id=\"imgmap-dialog-1958-1\"><\/div>\n\t<img alt=\"Produkte\" decoding=\"async\" src=\"http:\/\/few-group.com\/wp-content\/uploads\/few-car-illustration-5.jpg\" usemap=\"#imgmap-1958-1\" id=\"imagemap-1958-1\">\n\t<map name=\"imgmap-1958-1\"><area data-type=\"popup\" data-tooltip data-fill-color=\"fbc10f\" data-fill-opacity=\"0.9\" data-stroke-color=\"dbdbdb\" data-stroke-opacity=\"0\" data-stroke-width=\"0\" data-mapkey=\"area-2153\" shape=\"poly\" coords=\"1468,1682,1308,1771,1301,1770,1272,1787,1268,1795,1254,1801,1246,1796,1164,1825,1034,1901,1027,1918,828,2036,808,2036,802,2043,804,2065,799,2069,802,2081,793,2089,795,2099,758,2120,748,2135,702,2166,708,2174,710,2176,757,2148,777,2144,817,2122,822,2128,830,2127,837,2136,845,2133,858,2144,865,2144,877,2133,881,2123,1081,2006,1094,2006,1110,1999,1227,1928,1288,1873,1303,1876,1406,1836,1412,1829,1416,1822,1411,1816,1406,1813,1342,1829,1355,1816,1494,1727,1493,1719,1489,1705,1478,1690,1472,1684\" href=\"#\" title=\"Widerstandsl\u00f6tger\u00e4t \u2013 Resistance soldering device \"><area data-type=\"link\" data-tooltip data-fill-color=\"fbc10f\" data-fill-opacity=\"0.9\" data-stroke-color=\"dbdbdb\" data-stroke-opacity=\"0\" data-stroke-width=\"0\" data-mapkey=\"area-2152\" shape=\"poly\" coords=\"761,1459,884,1525,332,1852,216,1771\" href=\"https:\/\/few-group.com\/de\/produkte\/heck-und-seitenscheibenanschluesse\/stanzteile\/\" title=\"Stanzteile \u2013 Stamped parts\"><area data-type=\"link\" data-tooltip data-fill-color=\"fbc10f\" data-fill-opacity=\"0.9\" data-stroke-color=\"dbdbdb\" data-stroke-opacity=\"0\" data-stroke-width=\"0\" data-mapkey=\"area-2151\" shape=\"poly\" coords=\"566,1334,633,1372,629,1407,628,1412,537,1466,529,1476,524,1476,501,1467,115,1690,112,1695,78,1713,76,1714,28,1678,26,1673,27,1667,462,1423,467,1385,479,1379,488,1387,533,1364,533,1348\" href=\"https:\/\/few-group.com\/de\/agb\/\" title=\"Rundlitzenanschl\u00fcsse mit vorverzinntem Crimpkontakt \u2013 Connectors with round wire with pre-soldered crimp contact\"><area data-type=\"link\" data-tooltip data-fill-color=\"fbc10f\" data-fill-opacity=\"0.9\" data-stroke-color=\"dbdbdb\" data-stroke-opacity=\"0\" data-stroke-width=\"0\" data-mapkey=\"area-2150\" shape=\"poly\" coords=\"1461,515,1426,493,1407,492,1384,478,1337,505,1335,508,1359,524,1238,596,1221,581,1207,575,1195,571,1188,572,1052,658,1049,662,1048,664,929,731,928,738,868,773,869,782,897,800,911,800,967,770,978,764,1000,752,1004,747,1049,721,1057,730,1071,742,1082,753,1093,757,1102,756,1236,672,1241,667,1244,657,1245,649,1411,555,1455,580,1498,553,1499,549,1498,544,1477,531\" href=\"https:\/\/few-group.com\/de\/produkte\/heck-und-seitenscheibenanschluesse\/bandlitzenanschluesse\/\" title=\"Bandlitzenanschl\u00fcsse \u2013 Connectors with braided wire\"><area data-type=\"link\" data-tooltip data-fill-color=\"fbc10f\" data-fill-opacity=\"0.9\" data-stroke-color=\"dbdbdb\" data-stroke-opacity=\"0\" data-stroke-width=\"0\" data-mapkey=\"area-2149\" shape=\"poly\" coords=\"634,652,636,668,644,672,655,671,677,663,691,659,690,664,692,677,697,689,705,695,715,698,767,675,772,650,1039,505,1123,454,1125,451,1234,391,1255,401,1263,394,1227,366,1212,374,1220,382,1122,438,1113,441,1089,452,1082,447,1080,429,1071,427,1060,441,1057,453,1020,475,1017,479,1020,487,973,507,902,546,865,564,857,560,824,576,824,579,812,582,776,603,666,645,658,642\" href=\"https:\/\/few-group.com\/de\/produkte\/heck-und-seitenscheibenanschluesse\/rundlitzenanschluesse\/mit-spulen-und-kondensatoren\/\" title=\"Rundlitzenanschl\u00fcsse mit Spulen und Kondensatoren \u2013&nbsp;Connectors with round wire with coils and capacitors\"><area data-type=\"link\" data-tooltip data-fill-color=\"fbc10f\" data-fill-opacity=\"0.9\" data-stroke-color=\"dbdbdb\" data-stroke-opacity=\"0\" data-stroke-width=\"0\" data-mapkey=\"area-2148\" shape=\"poly\" coords=\"468,557,490,574,554,542,554,533,556,531,641,486,712,453,841,389,963,321,1033,284,1033,287,1049,299,1063,286,1052,273,1051,269,1006,238,995,236,985,235,968,246,974,250,975,251,905,297,670,434,620,463,556,499,543,501,534,507,523,500,517,501,514,511,468,537\" href=\"https:\/\/few-group.com\/de\/produkte\/heck-und-seitenscheibenanschluesse\/rundlitzenanschluesse\/mit-vorverzinnter-loetbruecke\/\" title=\"Rundlitzenanschl\u00fcsse mit vorverzinnter L\u00f6tbr\u00fccke \u2013 Connectors with round wire with pre-soldered solder bridge\"><area data-type=\"link\" data-tooltip data-fill-color=\"fbc10f\" data-fill-opacity=\"0.9\" data-stroke-color=\"dbdbdb\" data-stroke-opacity=\"0\" data-stroke-width=\"0\" data-mapkey=\"area-2145\" shape=\"poly\" coords=\"789,88,783,85,774,91,759,96,755,94,751,98,749,103,742,109,734,115,679,148,672,144,662,148,653,154,647,171,646,181,649,188,646,194,580,241,538,264,477,297,454,309,439,298,401,321,397,332,339,361,334,360,241,418,239,419,238,421,315,465,317,467,512,360,512,355,512,346,508,342,508,338,593,275,679,210,683,210,684,215,692,224,697,224,708,219,725,212,758,192,755,181,775,170,780,168,810,151,814,131,813,124,809,117,803,108,789,99\" href=\"https:\/\/few-group.com\/de\/produkte\/frontscheibenanschluesse\/ffc-frontscheibenanschluesse\/\" title=\"FFC-Frontscheibenanschl\u00fcsse \u2013 FFC soldering connectors for windshields\"><area data-type=\"link\" data-tooltip data-fill-color=\"fbc10f\" data-fill-opacity=\"0.9\" data-stroke-color=\"dbdbdb\" data-stroke-opacity=\"0\" data-stroke-width=\"0\" data-mapkey=\"area-2137\" shape=\"poly\" coords=\"28,295,32,302,129,357,138,355,145,355,228,300,239,289,245,275,251,258,256,250,260,243,266,238,273,233,490,95,514,106,522,108,529,107,532,102,535,96,537,89,560,78,564,74,575,77,579,76,612,56,615,50,609,45,609,34,605,30,605,18,569,-1,561,-1,510,27,494,18,463,34,461,37,459,54,208,207,191,215,137,226,112,235,101,241,36,282,31,288\" href=\"https:\/\/few-group.com\/de\/produkte\/frontscheibenanschluesse\/fpc-frontscheibenanschluesse\/\" title=\"FPC-Frontscheibenanschl\u00fcsse \u2013 FPC soldering connectors for windshields\"><\/map>\n\t<\/div>\n<h4>\n\t\tUnsere Produkte<br>\n\t<\/h4>\n<h4>\n\t\tDownloads<br>\n\t<\/h4>\n<h4>Produktkatalog<\/h4>\n<p>\t\t\t\t<img loading=\"lazy\" decoding=\"async\" src=\"http:\/\/few-group.com\/wp-content\/uploads\/web-allgemein\/few-product-catalogue-2.jpg\" alt=\"few-product-catalogue-2\" itemprop=\"image\" height=\"600\" width=\"800\"><\/p>\n<p style=\"text-align: left;\">Laden Sie hier unseren aktuellen Pro\u00adduk\u00adtkat\u00ada\u00adlog herunter.<\/p>\n<p><a href=\"\/wp-content\/uploads\/downloads\/produktkatalog\/few-produktkatalog-de.pdf\" target=\"_blank\" rel=\"noopener\">Pro\u00adduk\u00adtkat\u00ada\u00adlog deutsch<\/a><\/p>\n<p><a href=\"\/wp-content\/uploads\/downloads\/produktkatalog\/few-produktkatalog-en.pdf\" target=\"_blank\" rel=\"noopener\">Pro\u00adduk\u00adtkat\u00ada\u00adlog englisch<\/a><\/p>\n","protected":false},"excerpt":{"rendered":"<p>Pro\u00adduk\u00adte W\u00e4hlen Sie eine Pro\u00adduk\u00adtkat\u00ade\u00adgorie aus der Grafik oder der Nav\u00adi\u00adga\u00adtion.&nbsp; Unsere Pro\u00adduk\u00adte Down\u00adloads Pro\u00adduk\u00adtkat\u00ada\u00adlog Laden Sie hier unseren aktuellen Pro\u00adduk\u00adtkat\u00ada\u00adlog herunter. Pro\u00adduk\u00adtkat\u00ada\u00adlog deutsch Pro\u00adduk\u00adtkat\u00ada\u00adlog englisch<\/p>\n","protected":false},"author":8,"featured_media":0,"parent":0,"menu_order":2,"comment_status":"closed","ping_status":"closed","template":"","meta":{"_acf_changed":false,"wp_typography_post_enhancements_disabled":false,"footnotes":""},"class_list":["post-1878","page","type-page","status-publish","hentry"],"acf":[],"yoast_head":"\n<title>Produkte - FEW Automotive Group<\/title>\n<meta name=\"robots\" content=\"index, follow, max-snippet:-1, max-image-preview:large, max-video-preview:-1\" \/>\n<link rel=\"canonical\" href=\"https:\/\/few-group.com\/de\/produkte\/\" \/>\n<meta property=\"og:locale\" content=\"de_DE\" \/>\n<meta property=\"og:type\" content=\"article\" \/>\n<meta property=\"og:title\" content=\"Produkte - FEW Automotive Group\" \/>\n<meta property=\"og:description\" content=\"Produkte W\u00e4hlen Sie eine Pro\u00adduk\u00adtkat\u00ade\u00adgorie aus der Grafik oder der Navigation.&nbsp; Unsere Produkte Downloads Produktkatalog Laden Sie hier unseren aktuellen Pro\u00adduk\u00adtkat\u00ada\u00adlog herunter. Pro\u00adduk\u00adtkat\u00ada\u00adlog deutsch Pro\u00adduk\u00adtkat\u00ada\u00adlog englisch\" \/>\n<meta property=\"og:url\" content=\"https:\/\/few-group.com\/de\/produkte\/\" \/>\n<meta property=\"og:site_name\" content=\"FEW Automotive Group\" \/>\n<meta property=\"article:modified_time\" content=\"2017-09-20T14:51:17+00:00\" \/>\n<meta property=\"og:image\" content=\"http:\/\/few-group.com\/wp-content\/uploads\/web-allgemein\/Bildschirmfoto-2017-06-23-um-09.58.18.jpg\" \/>\n<meta name=\"twitter:card\" content=\"summary_large_image\" \/>\n<script type=\"application\/ld+json\" class=\"yoast-schema-graph\">{\"@context\":\"https:\/\/schema.org\",\"@graph\":[{\"@type\":\"WebPage\",\"@id\":\"https:\/\/few-group.com\/de\/produkte\/\",\"url\":\"https:\/\/few-group.com\/de\/produkte\/\",\"name\":\"Produkte - FEW Automotive Group\",\"isPartOf\":{\"@id\":\"https:\/\/few-group.com\/de\/#website\"},\"primaryImageOfPage\":{\"@id\":\"https:\/\/few-group.com\/de\/produkte\/#primaryimage\"},\"image\":{\"@id\":\"https:\/\/few-group.com\/de\/produkte\/#primaryimage\"},\"thumbnailUrl\":\"http:\/\/few-group.com\/wp-content\/uploads\/web-allgemein\/Bildschirmfoto-2017-06-23-um-09.58.18.jpg\",\"datePublished\":\"2017-09-18T14:38:12+00:00\",\"dateModified\":\"2017-09-20T14:51:17+00:00\",\"breadcrumb\":{\"@id\":\"https:\/\/few-group.com\/de\/produkte\/#breadcrumb\"},\"inLanguage\":\"de\",\"potentialAction\":[{\"@type\":\"ReadAction\",\"target\":[\"https:\/\/few-group.com\/de\/produkte\/\"]}]},{\"@type\":\"ImageObject\",\"inLanguage\":\"de\",\"@id\":\"https:\/\/few-group.com\/de\/produkte\/#primaryimage\",\"url\":\"http:\/\/few-group.com\/wp-content\/uploads\/web-allgemein\/Bildschirmfoto-2017-06-23-um-09.58.18.jpg\",\"contentUrl\":\"http:\/\/few-group.com\/wp-content\/uploads\/web-allgemein\/Bildschirmfoto-2017-06-23-um-09.58.18.jpg\"},{\"@type\":\"BreadcrumbList\",\"@id\":\"https:\/\/few-group.com\/de\/produkte\/#breadcrumb\",\"itemListElement\":[{\"@type\":\"ListItem\",\"position\":1,\"name\":\"Startseite\",\"item\":\"https:\/\/few-group.com\/de\/\"},{\"@type\":\"ListItem\",\"position\":2,\"name\":\"Produkte\"}]},{\"@type\":\"WebSite\",\"@id\":\"https:\/\/few-group.com\/de\/#website\",\"url\":\"https:\/\/few-group.com\/de\/\",\"name\":\"FEW Automotive Group\",\"description\":\"Customized Glass Connectivity\",\"potentialAction\":[{\"@type\":\"SearchAction\",\"target\":{\"@type\":\"EntryPoint\",\"urlTemplate\":\"https:\/\/few-group.com\/de\/?s={search_term_string}\"},\"query-input\":{\"@type\":\"PropertyValueSpecification\",\"valueRequired\":true,\"valueName\":\"search_term_string\"}}],\"inLanguage\":\"de\"}]}<\/script>\n","yoast_head_json":{"title":"Produkte - FEW Automotive Group","robots":{"index":"index","follow":"follow","max-snippet":"max-snippet:-1","max-image-preview":"max-image-preview:large","max-video-preview":"max-video-preview:-1"},"canonical":"https:\/\/few-group.com\/de\/produkte\/","og_locale":"de_DE","og_type":"article","og_title":"Produkte - FEW Automotive Group","og_description":"Produkte W\u00e4hlen Sie eine Pro\u00adduk\u00adtkat\u00ade\u00adgorie aus der Grafik oder der Navigation.&nbsp; Unsere Produkte Downloads Produktkatalog Laden Sie hier unseren aktuellen Pro\u00adduk\u00adtkat\u00ada\u00adlog herunter. Pro\u00adduk\u00adtkat\u00ada\u00adlog deutsch Pro\u00adduk\u00adtkat\u00ada\u00adlog englisch","og_url":"https:\/\/few-group.com\/de\/produkte\/","og_site_name":"FEW Automotive Group","article_modified_time":"2017-09-20T14:51:17+00:00","og_image":[{"url":"http:\/\/few-group.com\/wp-content\/uploads\/web-allgemein\/Bildschirmfoto-2017-06-23-um-09.58.18.jpg","type":"","width":"","height":""}],"twitter_card":"summary_large_image","schema":{"@context":"https:\/\/schema.org","@graph":[{"@type":"WebPage","@id":"https:\/\/few-group.com\/de\/produkte\/","url":"https:\/\/few-group.com\/de\/produkte\/","name":"Produkte - FEW Automotive Group","isPartOf":{"@id":"https:\/\/few-group.com\/de\/#website"},"primaryImageOfPage":{"@id":"https:\/\/few-group.com\/de\/produkte\/#primaryimage"},"image":{"@id":"https:\/\/few-group.com\/de\/produkte\/#primaryimage"},"thumbnailUrl":"http:\/\/few-group.com\/wp-content\/uploads\/web-allgemein\/Bildschirmfoto-2017-06-23-um-09.58.18.jpg","datePublished":"2017-09-18T14:38:12+00:00","dateModified":"2017-09-20T14:51:17+00:00","breadcrumb":{"@id":"https:\/\/few-group.com\/de\/produkte\/#breadcrumb"},"inLanguage":"de","potentialAction":[{"@type":"ReadAction","target":["https:\/\/few-group.com\/de\/produkte\/"]}]},{"@type":"ImageObject","inLanguage":"de","@id":"https:\/\/few-group.com\/de\/produkte\/#primaryimage","url":"http:\/\/few-group.com\/wp-content\/uploads\/web-allgemein\/Bildschirmfoto-2017-06-23-um-09.58.18.jpg","contentUrl":"http:\/\/few-group.com\/wp-content\/uploads\/web-allgemein\/Bildschirmfoto-2017-06-23-um-09.58.18.jpg"},{"@type":"BreadcrumbList","@id":"https:\/\/few-group.com\/de\/produkte\/#breadcrumb","itemListElement":[{"@type":"ListItem","position":1,"name":"Startseite","item":"https:\/\/few-group.com\/de\/"},{"@type":"ListItem","position":2,"name":"Produkte"}]},{"@type":"WebSite","@id":"https:\/\/few-group.com\/de\/#website","url":"https:\/\/few-group.com\/de\/","name":"FEW Automotive Group","description":"Customized Glass Connectivity","potentialAction":[{"@type":"SearchAction","target":{"@type":"EntryPoint","urlTemplate":"https:\/\/few-group.com\/de\/?s={search_term_string}"},"query-input":{"@type":"PropertyValueSpecification","valueRequired":true,"valueName":"search_term_string"}}],"inLanguage":"de"}]}},"_links":{"self":[{"href":"https:\/\/few-group.com\/de\/wp-json\/wp\/v2\/pages\/1878","targetHints":{"allow":["GET"]}}],"collection":[{"href":"https:\/\/few-group.com\/de\/wp-json\/wp\/v2\/pages"}],"about":[{"href":"https:\/\/few-group.com\/de\/wp-json\/wp\/v2\/types\/page"}],"author":[{"embeddable":true,"href":"https:\/\/few-group.com\/de\/wp-json\/wp\/v2\/users\/8"}],"replies":[{"embeddable":true,"href":"https:\/\/few-group.com\/de\/wp-json\/wp\/v2\/comments?post=1878"}],"version-history":[{"count":9,"href":"https:\/\/few-group.com\/de\/wp-json\/wp\/v2\/pages\/1878\/revisions"}],"predecessor-version":[{"id":2144,"href":"https:\/\/few-group.com\/de\/wp-json\/wp\/v2\/pages\/1878\/revisions\/2144"}],"wp:attachment":[{"href":"https:\/\/few-group.com\/de\/wp-json\/wp\/v2\/media?parent=1878"}],"curies":[{"name":"wp","href":"https:\/\/api.w.org\/{rel}","templated":true}]}}