{"id":1904,"date":"2017-09-18T16:49:31","date_gmt":"2017-09-18T14:49:31","guid":{"rendered":"http:\/\/few-group.com\/?page_id=1904"},"modified":"2024-01-31T17:46:21","modified_gmt":"2024-01-31T16:46:21","slug":"disclaimer","status":"publish","type":"page","link":"https:\/\/few-group.com\/de\/disclaimer\/","title":{"rendered":"Disclaimer"},"content":{"rendered":"\n\t\t\t\t<img loading=\"lazy\" decoding=\"async\" src=\"https:\/\/few-group.com\/wp-content\/uploads\/web-allgemein\/header-us-few-automotive-group.jpg\" alt=\"header-us-few-automotive-group\" itemprop=\"image\" height=\"320\" width=\"1240\" title=\"header-us-few-automotive-group\">\n<h1>\n\t\tDisclaimer&nbsp;<\/h1>\n\t<h2>Haftung f\u00fcr Inhalte<\/h2>\n<p>Als Dien\u00adstean\u00adbi\u00adeter sind wir gem\u00e4\u00df \u00a7 7 Abs.1 <span class=\"caps\">TMG<\/span> f\u00fcr eigene Inhalte auf diesen Seit\u00aden nach den all\u00adge\u00admeinen Geset\u00adzen ver\u00adant\u00adwortlich. Nach \u00a7\u00a7 8 bis 10 <span class=\"caps\">TMG<\/span> sind wir als Dien\u00adstean\u00adbi\u00adeter jedoch nicht verpflichtet, \u00fcber\u00admit\u00adtelte oder gespe\u00adicherte fremde Infor\u00adma\u00adtio\u00adnen zu \u00fcberwachen oder nach Umst\u00e4n\u00adden zu forschen, die auf eine rechtswidrige T\u00e4tigkeit hinweisen.<\/p>\n<p>Verpflich\u00adtun\u00adgen zur Ent\u00adfer\u00adnung oder Sper\u00adrung der Nutzung von Infor\u00adma\u00adtio\u00adnen nach den all\u00adge\u00admeinen Geset\u00adzen bleiben hier\u00advon unber\u00fchrt. Eine dies\u00adbez\u00fcgliche Haf\u00adtung ist jedoch erst ab dem Zeit\u00adpunkt der Ken\u00adnt\u00adnis ein\u00ader konkreten Rechtsver\u00adlet\u00adzung m\u00f6glich. Bei Bekan\u00adntwer\u00adden von entsprechen\u00adden Rechtsver\u00adlet\u00adzun\u00adgen wer\u00adden wir diese Inhalte umge\u00adhend entfernen.<\/p>\n<h2>Haftung f\u00fcr&nbsp;Links<\/h2>\n<p>Unser Ange\u00adbot enth\u00e4lt Links zu exter\u00adnen Web\u00adseit\u00aden Drit\u00adter, auf deren Inhalte wir keinen Ein\u00adfluss haben. Deshalb k\u00f6n\u00adnen wir f\u00fcr diese frem\u00adden Inhalte auch keine Gew\u00e4hr \u00fcbernehmen. F\u00fcr die Inhalte der ver\u00adlink\u00adten Seit\u00aden ist stets der jew\u00adeilige Anbi\u00adeter oder Betreiber der Seit\u00aden ver\u00adant\u00adwortlich. Die ver\u00adlink\u00adten Seit\u00aden wur\u00adden zum Zeit\u00adpunkt der Ver\u00adlinkung auf m\u00f6gliche Rechtsver\u00adst\u00f6\u00dfe \u00fcber\u00adpr\u00fcft. Rechtswidrige Inhalte waren zum Zeit\u00adpunkt der Ver\u00adlinkung nicht erkennbar.<\/p>\n<p>Eine per\u00adma\u00adnente inhaltliche Kon\u00adtrolle der ver\u00adlink\u00adten Seit\u00aden ist jedoch ohne konkrete Anhalt\u00adspunk\u00adte ein\u00ader Rechtsver\u00adlet\u00adzung nicht zumut\u00adbar. Bei Bekan\u00adntwer\u00adden von Rechtsver\u00adlet\u00adzun\u00adgen wer\u00adden wir der\u00adar\u00adtige Links umge\u00adhend entfernen.<\/p>\n<h2>Urheberrecht<\/h2>\n<p>Die durch die Seit\u00aden\u00adbe\u00adtreiber erstell\u00adten Inhalte und Werke auf diesen Seit\u00aden unter\u00adliegen dem deutschen Urhe\u00adber\u00adrecht. Die Vervielf\u00e4l\u00adti\u00adgung, Bear\u00adbeitung, Ver\u00adbre\u00aditung und jede Art der Ver\u00adw\u00ader\u00adtung au\u00dfer\u00adhalb der Gren\u00adzen des Urhe\u00adber\u00adrecht\u00ades bed\u00fcr\u00adfen der schriftlichen Zus\u00adtim\u00admung des jew\u00adeili\u00adgen Autors bzw. Erstellers. Down\u00adloads und Kopi\u00aden dieser Seite sind nur f\u00fcr den pri\u00advat\u00aden, nicht kom\u00admerziellen Gebrauch gestattet.<\/p>\n<p>Soweit die Inhalte auf dieser Seite nicht vom Betreiber erstellt wur\u00adden, wer\u00adden die Urhe\u00adber\u00adrechte Drit\u00adter beachtet. Ins\u00adbeson\u00addere wer\u00adden Inhalte Drit\u00adter als solche gekennze\u00adich\u00adnet. Soll\u00adten Sie trotz\u00addem auf eine Urhe\u00adber\u00adrechtsver\u00adlet\u00adzung aufmerk\u00adsam wer\u00adden, bit\u00adten wir um einen entsprechen\u00adden Hin\u00adweis. Bei Bekan\u00adntwer\u00adden von Rechtsver\u00adlet\u00adzun\u00adgen wer\u00adden wir der\u00adar\u00adtige Inhalte umge\u00adhend entfernen.<\/p>\n<p><i>Quel\u00adlver\u00adweis: <a href=\"https:\/\/www.e-recht24.de\" target=\"_blank\" rel=\"noopener\">eRecht24<\/a><\/i><\/p>\n","protected":false},"excerpt":{"rendered":"<p>Dis\u00adclaimer Haf\u00adtung f\u00fcr Inhalte Als Dien\u00adstean\u00adbi\u00adeter sind wir gem\u00e4\u00df \u00a7 7 Abs.1 <span class=\"caps\">TMG<\/span> f\u00fcr eigene Inhalte auf diesen Seit\u00aden nach den all\u00adge\u00admeinen Geset\u00adzen ver\u00adant\u00adwortlich. Nach \u00a7\u00a7 8 bis 10 <span class=\"caps\">TMG<\/span> sind wir als Dien\u00adstean\u00adbi\u00adeter jedoch nicht verpflichtet, \u00fcber\u00admit\u00adtelte oder gespe\u00adicherte fremde Infor\u00adma\u00adtio\u00adnen zu \u00fcberwachen oder nach Umst\u00e4n\u00adden zu forschen, die auf eine rechtswidrige T\u00e4tigkeit hinweisen.\u2026<\/p>\n","protected":false},"author":8,"featured_media":0,"parent":0,"menu_order":12,"comment_status":"closed","ping_status":"closed","template":"","meta":{"_acf_changed":false,"wp_typography_post_enhancements_disabled":false,"footnotes":""},"class_list":["post-1904","page","type-page","status-publish","hentry"],"acf":[],"yoast_head":"\n<title>Disclaimer - FEW Automotive Group<\/title>\n<meta name=\"robots\" content=\"index, follow, max-snippet:-1, max-image-preview:large, max-video-preview:-1\" \/>\n<link rel=\"canonical\" href=\"https:\/\/few-group.com\/de\/disclaimer\/\" \/>\n<meta property=\"og:locale\" content=\"de_DE\" \/>\n<meta property=\"og:type\" content=\"article\" \/>\n<meta property=\"og:title\" content=\"Disclaimer - FEW Automotive Group\" \/>\n<meta property=\"og:description\" content=\"Disclaimer Haftung f\u00fcr Inhalte Als Dien\u00adstean\u00adbi\u00adeter sind wir gem\u00e4\u00df \u00a7 7 Abs.1 TMG f\u00fcr eigene Inhalte auf diesen Seit\u00aden nach den all\u00adge\u00admeinen Geset\u00adzen ver\u00adant\u00adwortlich. Nach \u00a7\u00a7 8 bis 10 TMG sind wir als Dien\u00adstean\u00adbi\u00adeter jedoch nicht verpflichtet, \u00fcber\u00admit\u00adtelte oder gespe\u00adicherte fremde Infor\u00adma\u00adtio\u00adnen zu \u00fcberwachen oder nach Umst\u00e4n\u00adden zu forschen, die auf eine rechtswidrige T\u00e4tigkeit hinweisen.&hellip;\" \/>\n<meta property=\"og:url\" content=\"https:\/\/few-group.com\/de\/disclaimer\/\" \/>\n<meta property=\"og:site_name\" content=\"FEW Automotive Group\" \/>\n<meta property=\"article:modified_time\" content=\"2024-01-31T16:46:21+00:00\" \/>\n<meta property=\"og:image\" content=\"https:\/\/few-group.com\/wp-content\/uploads\/web-allgemein\/header-us-few-automotive-group.jpg\" \/>\n<meta name=\"twitter:card\" content=\"summary_large_image\" \/>\n<meta name=\"twitter:label1\" content=\"Gesch\u00e4tzte Lesezeit\" \/>\n\t<meta name=\"twitter:data1\" content=\"2\u00a0Minuten\" \/>\n<script type=\"application\/ld+json\" class=\"yoast-schema-graph\">{\"@context\":\"https:\/\/schema.org\",\"@graph\":[{\"@type\":\"WebPage\",\"@id\":\"https:\/\/few-group.com\/de\/disclaimer\/\",\"url\":\"https:\/\/few-group.com\/de\/disclaimer\/\",\"name\":\"Disclaimer - FEW Automotive Group\",\"isPartOf\":{\"@id\":\"https:\/\/few-group.com\/de\/#website\"},\"primaryImageOfPage\":{\"@id\":\"https:\/\/few-group.com\/de\/disclaimer\/#primaryimage\"},\"image\":{\"@id\":\"https:\/\/few-group.com\/de\/disclaimer\/#primaryimage\"},\"thumbnailUrl\":\"https:\/\/few-group.com\/wp-content\/uploads\/web-allgemein\/header-us-few-automotive-group.jpg\",\"datePublished\":\"2017-09-18T14:49:31+00:00\",\"dateModified\":\"2024-01-31T16:46:21+00:00\",\"breadcrumb\":{\"@id\":\"https:\/\/few-group.com\/de\/disclaimer\/#breadcrumb\"},\"inLanguage\":\"de\",\"potentialAction\":[{\"@type\":\"ReadAction\",\"target\":[\"https:\/\/few-group.com\/de\/disclaimer\/\"]}]},{\"@type\":\"ImageObject\",\"inLanguage\":\"de\",\"@id\":\"https:\/\/few-group.com\/de\/disclaimer\/#primaryimage\",\"url\":\"https:\/\/few-group.com\/wp-content\/uploads\/web-allgemein\/header-us-few-automotive-group.jpg\",\"contentUrl\":\"https:\/\/few-group.com\/wp-content\/uploads\/web-allgemein\/header-us-few-automotive-group.jpg\"},{\"@type\":\"BreadcrumbList\",\"@id\":\"https:\/\/few-group.com\/de\/disclaimer\/#breadcrumb\",\"itemListElement\":[{\"@type\":\"ListItem\",\"position\":1,\"name\":\"Startseite\",\"item\":\"https:\/\/few-group.com\/de\/\"},{\"@type\":\"ListItem\",\"position\":2,\"name\":\"Disclaimer\"}]},{\"@type\":\"WebSite\",\"@id\":\"https:\/\/few-group.com\/de\/#website\",\"url\":\"https:\/\/few-group.com\/de\/\",\"name\":\"FEW Automotive Group\",\"description\":\"Customized Glass Connectivity\",\"potentialAction\":[{\"@type\":\"SearchAction\",\"target\":{\"@type\":\"EntryPoint\",\"urlTemplate\":\"https:\/\/few-group.com\/de\/?s={search_term_string}\"},\"query-input\":{\"@type\":\"PropertyValueSpecification\",\"valueRequired\":true,\"valueName\":\"search_term_string\"}}],\"inLanguage\":\"de\"}]}<\/script>\n","yoast_head_json":{"title":"Disclaimer - FEW Automotive Group","robots":{"index":"index","follow":"follow","max-snippet":"max-snippet:-1","max-image-preview":"max-image-preview:large","max-video-preview":"max-video-preview:-1"},"canonical":"https:\/\/few-group.com\/de\/disclaimer\/","og_locale":"de_DE","og_type":"article","og_title":"Disclaimer - FEW Automotive Group","og_description":"Disclaimer Haftung f\u00fcr Inhalte Als Dien\u00adstean\u00adbi\u00adeter sind wir gem\u00e4\u00df \u00a7 7 Abs.1 TMG f\u00fcr eigene Inhalte auf diesen Seit\u00aden nach den all\u00adge\u00admeinen Geset\u00adzen ver\u00adant\u00adwortlich. Nach \u00a7\u00a7 8 bis 10 TMG sind wir als Dien\u00adstean\u00adbi\u00adeter jedoch nicht verpflichtet, \u00fcber\u00admit\u00adtelte oder gespe\u00adicherte fremde Infor\u00adma\u00adtio\u00adnen zu \u00fcberwachen oder nach Umst\u00e4n\u00adden zu forschen, die auf eine rechtswidrige T\u00e4tigkeit hinweisen.&hellip;","og_url":"https:\/\/few-group.com\/de\/disclaimer\/","og_site_name":"FEW Automotive Group","article_modified_time":"2024-01-31T16:46:21+00:00","og_image":[{"url":"https:\/\/few-group.com\/wp-content\/uploads\/web-allgemein\/header-us-few-automotive-group.jpg","type":"","width":"","height":""}],"twitter_card":"summary_large_image","twitter_misc":{"Gesch\u00e4tzte Lesezeit":"2\u00a0Minuten"},"schema":{"@context":"https:\/\/schema.org","@graph":[{"@type":"WebPage","@id":"https:\/\/few-group.com\/de\/disclaimer\/","url":"https:\/\/few-group.com\/de\/disclaimer\/","name":"Disclaimer - FEW Automotive Group","isPartOf":{"@id":"https:\/\/few-group.com\/de\/#website"},"primaryImageOfPage":{"@id":"https:\/\/few-group.com\/de\/disclaimer\/#primaryimage"},"image":{"@id":"https:\/\/few-group.com\/de\/disclaimer\/#primaryimage"},"thumbnailUrl":"https:\/\/few-group.com\/wp-content\/uploads\/web-allgemein\/header-us-few-automotive-group.jpg","datePublished":"2017-09-18T14:49:31+00:00","dateModified":"2024-01-31T16:46:21+00:00","breadcrumb":{"@id":"https:\/\/few-group.com\/de\/disclaimer\/#breadcrumb"},"inLanguage":"de","potentialAction":[{"@type":"ReadAction","target":["https:\/\/few-group.com\/de\/disclaimer\/"]}]},{"@type":"ImageObject","inLanguage":"de","@id":"https:\/\/few-group.com\/de\/disclaimer\/#primaryimage","url":"https:\/\/few-group.com\/wp-content\/uploads\/web-allgemein\/header-us-few-automotive-group.jpg","contentUrl":"https:\/\/few-group.com\/wp-content\/uploads\/web-allgemein\/header-us-few-automotive-group.jpg"},{"@type":"BreadcrumbList","@id":"https:\/\/few-group.com\/de\/disclaimer\/#breadcrumb","itemListElement":[{"@type":"ListItem","position":1,"name":"Startseite","item":"https:\/\/few-group.com\/de\/"},{"@type":"ListItem","position":2,"name":"Disclaimer"}]},{"@type":"WebSite","@id":"https:\/\/few-group.com\/de\/#website","url":"https:\/\/few-group.com\/de\/","name":"FEW Automotive Group","description":"Customized Glass Connectivity","potentialAction":[{"@type":"SearchAction","target":{"@type":"EntryPoint","urlTemplate":"https:\/\/few-group.com\/de\/?s={search_term_string}"},"query-input":{"@type":"PropertyValueSpecification","valueRequired":true,"valueName":"search_term_string"}}],"inLanguage":"de"}]}},"_links":{"self":[{"href":"https:\/\/few-group.com\/de\/wp-json\/wp\/v2\/pages\/1904","targetHints":{"allow":["GET"]}}],"collection":[{"href":"https:\/\/few-group.com\/de\/wp-json\/wp\/v2\/pages"}],"about":[{"href":"https:\/\/few-group.com\/de\/wp-json\/wp\/v2\/types\/page"}],"author":[{"embeddable":true,"href":"https:\/\/few-group.com\/de\/wp-json\/wp\/v2\/users\/8"}],"replies":[{"embeddable":true,"href":"https:\/\/few-group.com\/de\/wp-json\/wp\/v2\/comments?post=1904"}],"version-history":[{"count":1,"href":"https:\/\/few-group.com\/de\/wp-json\/wp\/v2\/pages\/1904\/revisions"}],"predecessor-version":[{"id":3683,"href":"https:\/\/few-group.com\/de\/wp-json\/wp\/v2\/pages\/1904\/revisions\/3683"}],"wp:attachment":[{"href":"https:\/\/few-group.com\/de\/wp-json\/wp\/v2\/media?parent=1904"}],"curies":[{"name":"wp","href":"https:\/\/api.w.org\/{rel}","templated":true}]}}