{"id":1906,"date":"2017-09-18T16:51:57","date_gmt":"2017-09-18T14:51:57","guid":{"rendered":"http:\/\/few-group.com\/?page_id=1906"},"modified":"2018-05-23T09:52:36","modified_gmt":"2018-05-23T07:52:36","slug":"arbeiten-bei-few","status":"publish","type":"page","link":"https:\/\/few-group.com\/de\/karriere\/arbeiten-bei-few\/","title":{"rendered":"Arbeiten bei&nbsp;<span class=\"caps\">FEW<\/span>"},"content":{"rendered":"<p>\t\t\t\t<img loading=\"lazy\" decoding=\"async\" src=\"https:\/\/few-group.com\/wp-content\/uploads\/web-allgemein\/header-us-firmenchronik.jpg\" alt=\"header-us-firmenchronik\" itemprop=\"image\" height=\"320\" width=\"1240\" title=\"header-us-firmenchronik\"><\/p>\n<h1>\n\t\tArbeiten bei <span class=\"caps\">FEW<\/span> Automotive Group<br>\n\t<\/h1>\n<h2>Arbeiten beim Marktf\u00fchrer <span class=\"caps\">FEW<\/span> Automotive Group<\/h2>\n<p>Als Mark\u00adt\u00adf\u00fchrer f\u00fcr L\u00f6tan\u00adschl\u00fcsse stellen wir hohe Anforderun\u00adgen an unsere Pro\u00adduk\u00adte \u2013 und an unsere Mitar\u00adbei\u00adt\u00aderin\u00adnen und Mitar\u00adbeit\u00ader. Damit sich diese bei uns wohlf\u00fchlen, ist f\u00fcr uns ein offenes und fre\u00adundlich\u00ades Arbeit\u00adskli\u00adma von beson\u00adder\u00ader Bedeu\u00adtung. Eben\u00adso acht\u00aden wir auf eine angemessene finanzielle Ent\u00adloh\u00adnung. Neben dem Gehalt\/Lohn erwartet Sie ein umfan\u00adgre\u00adich\u00ades Paket an sozialen Leis\u00adtun\u00adgen. Denn wir sind \u00fcberzeugt: Nur in einem zukun\u00adftssicheren Arbeit\u00adsum\u00adfeld lassen sich Inno\u00adva\u00adtio\u00adnen vorantreiben.&nbsp;<\/p>\n<h3>Internationales Unternehmen mit flachen Hierarchien<\/h3>\n<p>Die <span class=\"caps\">FEW<\/span> Auto\u00admo\u00adtive Group ist ein stark wach\u00adsendes, mit\u00adtel\u00adst\u00e4ndis\u00adches Unternehmen mit vielf\u00e4lti\u00adgen Ein\u00adsatzm\u00f6glichkeit\u00aden. Als Mitar\u00adbei\u00adt\u00aderin bzw. Mitar\u00adbeit\u00ader haben Sie an drei Stan\u00addorten weltweit die M\u00f6glichkeit, Ihre Erfahrun\u00adgen in unser Unternehmen einzubrin\u00adgen: Zwenkau (bei Leipzig\/Deutschland), Woost\u00ader (Ohio\/<span class=\"caps\">USA<\/span>) sowie Shang\u00adhai (Chi\u00adna). Unsere Unternehmensstruk\u00adtur zeich\u00adnet sich durch flache Hier\u00adar\u00adchien aus. Jede Mitar\u00adbei\u00adt\u00aderin und jed\u00ader Mitar\u00adbeit\u00ader ist ein\u00adge\u00adladen, die Arbeit\u00adsumge\u00adbung aktiv mitzugestal\u00adten \u2013 ein gro\u00dfer Vorteil im Mittelstand.<\/p>\n<h3>Mittelstand: Ihr Beitrag zum Unternehmenserfolg<\/h3>\n<p>Was wir suchen, sind keine Arbeits\u00adbi\u00adenen, son\u00addern Charak\u00adtere. Men\u00adschen, die uns weit\u00ader\u00adbrin\u00adgen und aktiv zum Erfolg des Unternehmens beitra\u00adgen wollen. Die Kri\u00adte\u00adrien zur Auswahl unser\u00ader Mitar\u00adbei\u00adt\u00aderin\u00adnen und Mitar\u00adbeit\u00ader bes\u00adtim\u00admen wir f\u00fcr jede zu beset\u00adzende Stelle indi\u00advidu\u00adell \u2013 je nach Anforderung und Posi\u00adtion. F\u00fcr unsere Entschei\u00addung ma\u00dfgebend ist vor allem das Gesamt\u00adbild der Bewerberin\/des Bewerbers.<\/p>\n<h2>Ihre Bewerbung bei der <span class=\"caps\">FEW<\/span> Automotive Group<\/h2>\n<p>Ihre Bewer\u00adbung ist das Erste, das wir von der <span class=\"caps\">FEW<\/span> Auto\u00admo\u00adtive Group von Ihnen zu Gesicht bekom\u00admen. Um Ihnen und uns das Ken\u00adner\u00adler\u00adnen zu erle\u00adichtern, haben wir einige wichtige Punk\u00adte zum The\u00adma Bewer\u00adbung f\u00fcr Sie zusammengestellt.<\/p>\n<h3>Unsere Bewerbungstipps<\/h3>\n<p>F\u00fcr uns von beson\u00adder\u00ader Bedeu\u00adtung ist die Voll\u00adst\u00e4ndigkeit Ihrer Bewer\u00adbung (Anschreiben, tabel\u00adlar\u00adisch\u00ader Lebenslauf, Arbeit\u00adszeug\u00adnisse). Kopi\u00aden sind v\u00f6l\u00adlig aus\u00adre\u00adichend, bitte senden Sie uns keine Orig\u00adi\u00adnale zu. Der Lebenslauf und das Anschreiben soll\u00adten unter\u00adschrieben sein. Um Sie kon\u00adtak\u00adtieren zu k\u00f6n\u00adnen, ben\u00f6ti\u00adgen wir Ihre voll\u00adst\u00e4ndi\u00adgen Kontaktdaten.<\/p>\n<p>Das wichtig\u00adste Ele\u00adment Ihrer Bewer\u00adbung ist das Anschreiben. Hier haben Sie die M\u00f6glichkeit, sich von anderen abzuheben und unser Inter\u00adesse f\u00fcr Sie zu weck\u00aden. Beson\u00adders gut gelingt dies, wenn Sie verdeut\u00adlichen, wo Ihre per\u00ads\u00f6n\u00adlichen St\u00e4rken liegen und warum ger\u00adade Sie f\u00fcr die aus\u00adgeschriebene Stelle beson\u00adders gut geeignet sind. Das Anschreiben sollte eine Seite nicht \u00fcber\u00adschre\u00adit\u00aden. Bitte beacht\u00aden Sie Fol\u00adgen\u00addes: Wenn es in der Stel\u00adlenauss\u00adchrei\u00adbung gefordert ist, geben Sie bitte unbe\u00add\u00adingt Ihre Gehaltsvorstel\u00adlun\u00adgen und den fr\u00fch\u00adest\u00adm\u00f6glichen Start\u00adter\u00admin&nbsp;an.<\/p>\n<h3>Die perfekte Bewerbung f\u00fcr Ihre neue Stelle<\/h3>\n<p>Ihr Lebenslauf \u2013 in tabel\u00adlar\u00adisch\u00ader Form \u2013 sollte auf neuestem Stand und l\u00fcck\u00aden\u00adlos sein. Bitte ver\u00adwen\u00adden Sie \u00fcber\u00adsichtliche Kat\u00ade\u00adgorien und begin\u00adnen Sie mit den aktuell\u00adsten Infor\u00adma\u00adtio\u00adnen. Damit wir uns ein Bild von Ihren F\u00e4higkeit\u00aden machen k\u00f6n\u00adnen, geben Sie bitte eine exak\u00adte T\u00e4tigkeits\u00adbeze\u00adich\u00adnung an und beschreiben stich\u00adpunk\u00adtar\u00adtig, was Sie in den jew\u00adeili\u00adgen Unternehmen gemacht haben. Auch Weit\u00ader\u00adbil\u00addun\u00adgen, Zer\u00adti\u00adfikate oder son\u00adstige Qual\u00adi\u00adfika\u00adtio\u00adnen sind f\u00fcr uns von Bedeu\u00adtung. Haben Sie keine Scheu vor ver\u00admeintlichen \u201eL\u00fcck\u00aden\u201c \u2013 auch Punk\u00adte wie Arbeit\u00adslosigkeit, l\u00e4n\u00adgere Reisen, Auszeit\u00aden oder die Pflege von Ange\u00adh\u00f6ri\u00adgen geh\u00f6ren in den Lebenslauf.<\/p>\n<p>Wir bevorzu\u00adgen Bewer\u00adbun\u00adgen per E\u2011Mail. Geben Sie in der Betr\u00ade\u00adf\u00adfzeile bitte die exak\u00adte Beze\u00adich\u00adnung der Stelle an, auf die Sie sich bewer\u00adben. Nutzen Sie g\u00e4ngige Dateifor\u00admate und \u00fcber\u00admit\u00adteln Sie uns Ihre Bewer\u00adbung m\u00f6glichst als zusam\u00admenge\u00adfasstes PDF-Doku\u00adment. Bitte verzicht\u00aden Sie aus Gr\u00fcn\u00adden der IT-Sicher\u00adheit darauf, uns Links zu Online-Pro\u00adfilen zu senden.<\/p>\n<h3><span class=\"caps\">FAQ<\/span> zur Bewerbung: Ihre Fragen \u2013 unsere Antworten<\/h3>\n<p>Wir freuen uns \u00fcber Ihr Inter\u00adesse an ein\u00ader Stelle bei der <span class=\"caps\">FEW<\/span> Auto\u00admo\u00adtive Group. Um Ihnen den Bewer\u00adbung\u00adsprozess zu erle\u00adichtern, find\u00aden Sie hier Antworten auf h\u00e4u\u00adfig gestellte Fragen.<\/p>\n<h4>Informationen zum Bewerbungsprozess und f\u00fcr Berufseinsteiger<\/h4>\n<p>\t\t\tWie kann ich mich bewerben?<\/p>\n<p>Die <span class=\"caps\">FEW<\/span> Auto\u00admo\u00adtive Group bevorzugt Bewer\u00adbun\u00adgen per E\u2011Mail. Die Bewer\u00adbung per Post ist den\u00adnoch weit\u00ader\u00adhin m\u00f6glich.<\/p>\n<p>\t\t\tAuf der Home\u00adpage befind\u00adet sich eine Stel\u00adlenanzeige. Ist diese noch aktuell?<\/p>\n<p>Ja, die Stel\u00adlenanzeigen wer\u00adden regelm\u00e4\u00dfig aktu\u00adal\u00adisiert. Sie k\u00f6n\u00adnen sich gern bewer\u00adben, solange die Auss\u00adchrei\u00adbung online ist.<\/p>\n<p>\t\t\tZurzeit passt keine der aus\u00adgeschriebe\u00adnen Stellen zu meinem Pro\u00adfil. Sind auch Ini\u00adtia\u00adtivbe\u00adwer\u00adbun\u00adgen willkommen?<\/p>\n<p>Ja, Sie k\u00f6n\u00adnen sich gern ini\u00adtia\u00adtiv bewer\u00adben. Bitte beacht\u00aden Sie, dass die Bear\u00adbeitung unter Umst\u00e4n\u00adden einige Zeit in Anspruch nehmen kann.<\/p>\n<p>\t\t\tIch bin Beruf\u00adse\u00adin\u00adsteiger. Kann ich mich auch auf eine Stelle bewer\u00adben, wenn diese nicht aus\u00addr\u00fcck\u00adlich f\u00fcr Ein\u00adsteiger aus\u00adgeschrieben ist?<\/p>\n<p>Ja, sehr gern. Bei uns z\u00e4hlt das Gesamt\u00adbild, auch Beruf\u00adse\u00adin\u00adsteiger bekom\u00admen eine Chance.<\/p>\n<p>\t\t\tWie lange dauert der Bewerbungsprozess?<\/p>\n<p>Es ist schwierig, dar\u00fcber eine all\u00adge\u00admeine Aus\u00adsage zu tre\u00adf\u00adfen, da Ihre Bewer\u00adbung an mehreren Stellen im Unternehmen gesichtet wird. Um Ihnen zeit\u00adnah R\u00fcck\u00admel\u00addung zu geben, erhal\u00adten Sie in jedem Fall eine Ein\u00adgangs\u00adbest\u00e4\u00adti\u00adgung und wer\u00adden gegebe\u00adnen\u00adfalls im Laufe des Bear\u00adbeitung\u00adsprozess\u00ades \u00fcber den Stand Ihrer Bewer\u00adbung informiert.<\/p>\n<p>\t\t\tGibt es die M\u00f6glichkeit, ein Prak\u00adtikum oder eine Werk\u00adstu\u00adden\u00adten\u00adt\u00e4tigkeit bei der <span class=\"caps\">FEW<\/span> Auto\u00admo\u00adtive Group zu absolvieren oder auch eine Abschlus\u00adsar\u00adbeit betreuen zu lassen?<\/p>\n<p>Ja. Aktuelle Prak\u00adtikum\u00adspl\u00e4tze und Stellen f\u00fcr Werk\u00adstu\u00adden\u00adten f\u00fcr alle Stan\u00addorte find\u00aden Sie auf unser\u00ader Home\u00adpage unter dem Punkt Stel\u00adlenange\u00adbote. Ob die Betreu\u00adung ein\u00ader Abschlus\u00adsar\u00adbeit m\u00f6glich ist, muss indi\u00advidu\u00adell gepr\u00fcft wer\u00adden. Kon\u00adtak\u00adtieren Sie uns ein\u00adfach, wir beant\u00adworten Ihre Fra\u00adgen gern. Grund\u00ads\u00e4t\u00adzlich sind auch Ini\u00adtia\u00adtivbe\u00adwer\u00adbun\u00adgen f\u00fcr einen Prak\u00adtikum\u00adsplatz, eine Werk\u00adstu\u00adden\u00adten\u00adt\u00e4tigkeit oder die Betreu\u00adung ein\u00ader Abschlus\u00adsar\u00adbeit willkommen.<\/p>\n<p>\t\t\tIch habe spezielle Fra\u00adgen zu ein\u00ader Stel\u00adlenauss\u00adchrei\u00adbung oder zur Bewer\u00adbung. An wen kann ich mich wenden?<\/p>\n<p>Bitte kon\u00adtak\u00adtieren Sie die Per\u00adson\u00adal\u00adabteilung des Stan\u00addorts, an dem Sie sich bewer\u00adben m\u00f6cht\u00aden. Ihre Fra\u00adgen wer\u00adden dort gern beantwortet.<\/p>\n<h4>\n\t\tStellenangebote<br>\n\t<\/h4>\n<h4>\n\t\tAktuelle Stellenangebote<br>\n\t<\/h4>\n<p>\t\t\t<a href=\"http:\/\/few-group.com\/karriere\/stellenangebote\/\" target=\"_self\" role=\"button\"><br>\n\t\t\t\t\t\t\talle Stellenangebote<br>\n\t\t\t\t\t<\/a><\/p>\n","protected":false},"excerpt":{"rendered":"<p>Arbeit\u00aden bei <span class=\"caps\">FEW<\/span> Auto\u00admo\u00adtive Group Arbeit\u00aden beim Mark\u00adt\u00adf\u00fchrer <span class=\"caps\">FEW<\/span> Auto\u00admo\u00adtive Group Als Mark\u00adt\u00adf\u00fchrer f\u00fcr L\u00f6tan\u00adschl\u00fcsse stellen wir hohe Anforderun\u00adgen an unsere Pro\u00adduk\u00adte \u2013 und an unsere Mitar\u00adbei\u00adt\u00aderin\u00adnen und Mitar\u00adbeit\u00ader. Damit sich diese bei uns wohlf\u00fchlen, ist f\u00fcr uns ein offenes und fre\u00adundlich\u00ades Arbeit\u00adskli\u00adma von beson\u00adder\u00ader Bedeu\u00adtung. Eben\u00adso acht\u00aden wir auf eine angemessene finanzielle Ent\u00adloh\u00adnung.&nbsp;Neben\u2026<\/p>\n","protected":false},"author":8,"featured_media":0,"parent":1884,"menu_order":1,"comment_status":"closed","ping_status":"closed","template":"","meta":{"_acf_changed":false,"wp_typography_post_enhancements_disabled":false,"footnotes":""},"class_list":["post-1906","page","type-page","status-publish","hentry"],"acf":[],"yoast_head":"\n<title>Arbeiten bei FEW - FEW Automotive Group<\/title>\n<meta name=\"robots\" content=\"index, follow, max-snippet:-1, max-image-preview:large, max-video-preview:-1\" \/>\n<link rel=\"canonical\" href=\"https:\/\/few-group.com\/de\/karriere\/arbeiten-bei-few\/\" \/>\n<meta property=\"og:locale\" content=\"de_DE\" \/>\n<meta property=\"og:type\" content=\"article\" \/>\n<meta property=\"og:title\" content=\"Arbeiten bei FEW - FEW Automotive Group\" \/>\n<meta property=\"og:description\" content=\"Arbeiten bei FEW Automotive Group Arbeiten beim Marktf\u00fchrer FEW Automotive Group Als Mark\u00adt\u00adf\u00fchrer f\u00fcr L\u00f6tan\u00adschl\u00fcsse stellen wir hohe Anforderun\u00adgen an unsere Pro\u00adduk\u00adte \u2013 und an unsere Mitar\u00adbei\u00adt\u00aderin\u00adnen und Mitar\u00adbeit\u00ader. Damit sich diese bei uns wohlf\u00fchlen, ist f\u00fcr uns ein offenes und fre\u00adundlich\u00ades Arbeit\u00adskli\u00adma von beson\u00adder\u00ader Bedeu\u00adtung. Eben\u00adso acht\u00aden wir auf eine angemessene finanzielle Ent\u00adloh\u00adnung. Neben&hellip;\" \/>\n<meta property=\"og:url\" content=\"https:\/\/few-group.com\/de\/karriere\/arbeiten-bei-few\/\" \/>\n<meta property=\"og:site_name\" content=\"FEW Automotive Group\" \/>\n<meta property=\"article:modified_time\" content=\"2018-05-23T07:52:36+00:00\" \/>\n<meta property=\"og:image\" content=\"https:\/\/few-group.com\/wp-content\/uploads\/web-allgemein\/header-us-firmenchronik.jpg\" \/>\n<meta name=\"twitter:card\" content=\"summary_large_image\" \/>\n<meta name=\"twitter:label1\" content=\"Gesch\u00e4tzte Lesezeit\" \/>\n\t<meta name=\"twitter:data1\" content=\"5\u00a0Minuten\" \/>\n<script type=\"application\/ld+json\" class=\"yoast-schema-graph\">{\"@context\":\"https:\/\/schema.org\",\"@graph\":[{\"@type\":\"WebPage\",\"@id\":\"https:\/\/few-group.com\/de\/karriere\/arbeiten-bei-few\/\",\"url\":\"https:\/\/few-group.com\/de\/karriere\/arbeiten-bei-few\/\",\"name\":\"Arbeiten bei FEW - FEW Automotive Group\",\"isPartOf\":{\"@id\":\"https:\/\/few-group.com\/de\/#website\"},\"primaryImageOfPage\":{\"@id\":\"https:\/\/few-group.com\/de\/karriere\/arbeiten-bei-few\/#primaryimage\"},\"image\":{\"@id\":\"https:\/\/few-group.com\/de\/karriere\/arbeiten-bei-few\/#primaryimage\"},\"thumbnailUrl\":\"https:\/\/few-group.com\/wp-content\/uploads\/web-allgemein\/header-us-firmenchronik.jpg\",\"datePublished\":\"2017-09-18T14:51:57+00:00\",\"dateModified\":\"2018-05-23T07:52:36+00:00\",\"breadcrumb\":{\"@id\":\"https:\/\/few-group.com\/de\/karriere\/arbeiten-bei-few\/#breadcrumb\"},\"inLanguage\":\"de\",\"potentialAction\":[{\"@type\":\"ReadAction\",\"target\":[\"https:\/\/few-group.com\/de\/karriere\/arbeiten-bei-few\/\"]}]},{\"@type\":\"ImageObject\",\"inLanguage\":\"de\",\"@id\":\"https:\/\/few-group.com\/de\/karriere\/arbeiten-bei-few\/#primaryimage\",\"url\":\"https:\/\/few-group.com\/wp-content\/uploads\/web-allgemein\/header-us-firmenchronik.jpg\",\"contentUrl\":\"https:\/\/few-group.com\/wp-content\/uploads\/web-allgemein\/header-us-firmenchronik.jpg\"},{\"@type\":\"BreadcrumbList\",\"@id\":\"https:\/\/few-group.com\/de\/karriere\/arbeiten-bei-few\/#breadcrumb\",\"itemListElement\":[{\"@type\":\"ListItem\",\"position\":1,\"name\":\"Startseite\",\"item\":\"https:\/\/few-group.com\/de\/\"},{\"@type\":\"ListItem\",\"position\":2,\"name\":\"Karriere\",\"item\":\"https:\/\/few-group.com\/de\/karriere\/\"},{\"@type\":\"ListItem\",\"position\":3,\"name\":\"Arbeiten bei&nbsp;FEW\"}]},{\"@type\":\"WebSite\",\"@id\":\"https:\/\/few-group.com\/de\/#website\",\"url\":\"https:\/\/few-group.com\/de\/\",\"name\":\"FEW Automotive Group\",\"description\":\"Customized Glass Connectivity\",\"potentialAction\":[{\"@type\":\"SearchAction\",\"target\":{\"@type\":\"EntryPoint\",\"urlTemplate\":\"https:\/\/few-group.com\/de\/?s={search_term_string}\"},\"query-input\":{\"@type\":\"PropertyValueSpecification\",\"valueRequired\":true,\"valueName\":\"search_term_string\"}}],\"inLanguage\":\"de\"}]}<\/script>\n","yoast_head_json":{"title":"Arbeiten bei FEW - FEW Automotive Group","robots":{"index":"index","follow":"follow","max-snippet":"max-snippet:-1","max-image-preview":"max-image-preview:large","max-video-preview":"max-video-preview:-1"},"canonical":"https:\/\/few-group.com\/de\/karriere\/arbeiten-bei-few\/","og_locale":"de_DE","og_type":"article","og_title":"Arbeiten bei FEW - FEW Automotive Group","og_description":"Arbeiten bei FEW Automotive Group Arbeiten beim Marktf\u00fchrer FEW Automotive Group Als Mark\u00adt\u00adf\u00fchrer f\u00fcr L\u00f6tan\u00adschl\u00fcsse stellen wir hohe Anforderun\u00adgen an unsere Pro\u00adduk\u00adte \u2013 und an unsere Mitar\u00adbei\u00adt\u00aderin\u00adnen und Mitar\u00adbeit\u00ader. Damit sich diese bei uns wohlf\u00fchlen, ist f\u00fcr uns ein offenes und fre\u00adundlich\u00ades Arbeit\u00adskli\u00adma von beson\u00adder\u00ader Bedeu\u00adtung. Eben\u00adso acht\u00aden wir auf eine angemessene finanzielle Ent\u00adloh\u00adnung. Neben&hellip;","og_url":"https:\/\/few-group.com\/de\/karriere\/arbeiten-bei-few\/","og_site_name":"FEW Automotive Group","article_modified_time":"2018-05-23T07:52:36+00:00","og_image":[{"url":"https:\/\/few-group.com\/wp-content\/uploads\/web-allgemein\/header-us-firmenchronik.jpg","type":"","width":"","height":""}],"twitter_card":"summary_large_image","twitter_misc":{"Gesch\u00e4tzte Lesezeit":"5\u00a0Minuten"},"schema":{"@context":"https:\/\/schema.org","@graph":[{"@type":"WebPage","@id":"https:\/\/few-group.com\/de\/karriere\/arbeiten-bei-few\/","url":"https:\/\/few-group.com\/de\/karriere\/arbeiten-bei-few\/","name":"Arbeiten bei FEW - FEW Automotive Group","isPartOf":{"@id":"https:\/\/few-group.com\/de\/#website"},"primaryImageOfPage":{"@id":"https:\/\/few-group.com\/de\/karriere\/arbeiten-bei-few\/#primaryimage"},"image":{"@id":"https:\/\/few-group.com\/de\/karriere\/arbeiten-bei-few\/#primaryimage"},"thumbnailUrl":"https:\/\/few-group.com\/wp-content\/uploads\/web-allgemein\/header-us-firmenchronik.jpg","datePublished":"2017-09-18T14:51:57+00:00","dateModified":"2018-05-23T07:52:36+00:00","breadcrumb":{"@id":"https:\/\/few-group.com\/de\/karriere\/arbeiten-bei-few\/#breadcrumb"},"inLanguage":"de","potentialAction":[{"@type":"ReadAction","target":["https:\/\/few-group.com\/de\/karriere\/arbeiten-bei-few\/"]}]},{"@type":"ImageObject","inLanguage":"de","@id":"https:\/\/few-group.com\/de\/karriere\/arbeiten-bei-few\/#primaryimage","url":"https:\/\/few-group.com\/wp-content\/uploads\/web-allgemein\/header-us-firmenchronik.jpg","contentUrl":"https:\/\/few-group.com\/wp-content\/uploads\/web-allgemein\/header-us-firmenchronik.jpg"},{"@type":"BreadcrumbList","@id":"https:\/\/few-group.com\/de\/karriere\/arbeiten-bei-few\/#breadcrumb","itemListElement":[{"@type":"ListItem","position":1,"name":"Startseite","item":"https:\/\/few-group.com\/de\/"},{"@type":"ListItem","position":2,"name":"Karriere","item":"https:\/\/few-group.com\/de\/karriere\/"},{"@type":"ListItem","position":3,"name":"Arbeiten bei&nbsp;FEW"}]},{"@type":"WebSite","@id":"https:\/\/few-group.com\/de\/#website","url":"https:\/\/few-group.com\/de\/","name":"FEW Automotive Group","description":"Customized Glass Connectivity","potentialAction":[{"@type":"SearchAction","target":{"@type":"EntryPoint","urlTemplate":"https:\/\/few-group.com\/de\/?s={search_term_string}"},"query-input":{"@type":"PropertyValueSpecification","valueRequired":true,"valueName":"search_term_string"}}],"inLanguage":"de"}]}},"_links":{"self":[{"href":"https:\/\/few-group.com\/de\/wp-json\/wp\/v2\/pages\/1906","targetHints":{"allow":["GET"]}}],"collection":[{"href":"https:\/\/few-group.com\/de\/wp-json\/wp\/v2\/pages"}],"about":[{"href":"https:\/\/few-group.com\/de\/wp-json\/wp\/v2\/types\/page"}],"author":[{"embeddable":true,"href":"https:\/\/few-group.com\/de\/wp-json\/wp\/v2\/users\/8"}],"replies":[{"embeddable":true,"href":"https:\/\/few-group.com\/de\/wp-json\/wp\/v2\/comments?post=1906"}],"version-history":[{"count":2,"href":"https:\/\/few-group.com\/de\/wp-json\/wp\/v2\/pages\/1906\/revisions"}],"predecessor-version":[{"id":3055,"href":"https:\/\/few-group.com\/de\/wp-json\/wp\/v2\/pages\/1906\/revisions\/3055"}],"up":[{"embeddable":true,"href":"https:\/\/few-group.com\/de\/wp-json\/wp\/v2\/pages\/1884"}],"wp:attachment":[{"href":"https:\/\/few-group.com\/de\/wp-json\/wp\/v2\/media?parent=1906"}],"curies":[{"name":"wp","href":"https:\/\/api.w.org\/{rel}","templated":true}]}}