{"id":1910,"date":"2017-09-18T16:54:14","date_gmt":"2017-09-18T14:54:14","guid":{"rendered":"http:\/\/few-group.com\/?page_id=1910"},"modified":"2017-09-22T15:37:36","modified_gmt":"2017-09-22T13:37:36","slug":"fpc-frontscheibenanschluesse","status":"publish","type":"page","link":"https:\/\/few-group.com\/de\/produkte\/frontscheibenanschluesse\/fpc-frontscheibenanschluesse\/","title":{"rendered":"FPC-Frontscheibenanschl\u00fcsse"},"content":{"rendered":"<p>\t\t\t\t<img loading=\"lazy\" decoding=\"async\" src=\"http:\/\/few-group.com\/wp-content\/uploads\/web-allgemein\/header-us-folienanschluesse-fpc.jpg\" alt=\"header-us-folienanschluesse-fpc\" itemprop=\"image\" height=\"320\" width=\"1240\"><\/p>\n<h1>\n\t\tFPC-Frontscheibenanschl\u00fcsse (Flexible Printed Circuits)<br>\n\t<\/h1>\n<h3>\n\t\tProduktmerkmale<br>\n\t<\/h3>\n<p>Ein- oder mehrpolige FPC-Folien leit\u00aden Anten\u00adnensignale von Front- oder Heckscheibe&nbsp;zum Ver\u00adst\u00e4rk\u00ader weit\u00ader. Das Lay\u00adout&nbsp;und Design der Folie ist nahezu frei&nbsp;w\u00e4hlbar. Auf\u00adgrund ihrer Eigen\u00adschaften,&nbsp;wie die flache Form und deren Flex\u00adi\u00adbil\u00adit\u00e4t,&nbsp;hat der Ein\u00adsatz der FPC-Folie deut\u00adlich&nbsp;zugenommen.<\/p>\n<ul>\n<li>Lay\u00adout und Design nach Kundenwunsch<\/li>\n<li>Kon\u00adtak\u00adte und Geh\u00e4use neu\u00adtral oder mit OEM-Logo<\/li>\n<li>um Kabel erweit\u00ader\u00adbar und f\u00fcr ver\u00adschiedene&nbsp;Geh\u00e4use verwendbar<\/li>\n<li>Ver\u00adguss auf Kundenwunsch<\/li>\n<li>Auswahl ver\u00adschieden\u00ader Folien\u00adma\u00adte\u00adri\u00adalien und&nbsp;Klebeb\u00e4nder<\/li>\n<li>L\u00f6t\u00adde\u00adpot je nach Anforderung des Kun\u00adden in&nbsp;abges\u00adtimmten Vol\u00adu\u00admen, Legierun\u00adgen und Flussmit\u00adteln umsetzbar<\/li>\n<\/ul>\n<h2>\n\t\tFPC-Folienanschl\u00fcsse<br>\n\t<\/h2>\n\n\t\t<style>\n\t\t\t#gallery-1 {\n\t\t\t\tmargin: auto;\n\t\t\t}\n\t\t\t#gallery-1 .gallery-item {\n\t\t\t\tfloat: left;\n\t\t\t\tmargin-top: 10px;\n\t\t\t\ttext-align: center;\n\t\t\t\twidth: 100%;\n\t\t\t}\n\t\t\t#gallery-1 img {\n\t\t\t\tborder: 2px solid #cfcfcf;\n\t\t\t}\n\t\t\t#gallery-1 .gallery-caption {\n\t\t\t\tmargin-left: 0;\n\t\t\t}\n\t\t\t\/* see gallery_shortcode() in wp-includes\/media.php *\/\n\t\t<\/style>\n\t\t<div id=\"gallery-1\" class=\"gallery galleryid-1910 gallery-columns-1 gallery-size-full\"><dl class=\"gallery-item\">\n\t\t\t<dt class=\"gallery-icon landscape\">\n\t\t\t\t<a href=\"https:\/\/few-group.com\/de\/051_front_fpc_folienanschlu%cc%88sse_01\/\"><img loading=\"lazy\" decoding=\"async\" width=\"800\" height=\"600\" src=\"https:\/\/few-group.com\/wp-content\/uploads\/produkte\/frontscheibenanschluesse\/FPC\/051_Front_FPC_Folienanschlu\u0308sse_01.jpg\" class=\"attachment-full size-full\" alt=\"FPC-Frontscheibenanschl\u00fcsse\" srcset=\"https:\/\/few-group.com\/wp-content\/uploads\/produkte\/frontscheibenanschluesse\/FPC\/051_Front_FPC_Folienanschlu\u0308sse_01.jpg 800w, https:\/\/few-group.com\/wp-content\/uploads\/produkte\/frontscheibenanschluesse\/FPC\/051_Front_FPC_Folienanschlu\u0308sse_01-300x225.jpg 300w, https:\/\/few-group.com\/wp-content\/uploads\/produkte\/frontscheibenanschluesse\/FPC\/051_Front_FPC_Folienanschlu\u0308sse_01-768x576.jpg 768w\" sizes=\"auto, (max-width: 800px) 100vw, 800px\" title=\"FPC-Frontscheibenanschl\u00fcsse\"><\/a>\n\t\t\t<\/dt><\/dl><br style=\"clear: both\">\n\t\t<\/div>\n\n<p>Ein\u00ader der Vorz\u00fcge der FPC-Folien\u00adan\u00adschl\u00fcsse ist ihre flache Bauweise, welche speziell bei kleinem Bau\u00adraum zum Tra\u00adgen kommt. Hin\u00adsichtlich Gr\u00f6\u00dfe, Form und Farbe der Folien kann der Kunde nahezu&nbsp;frei w\u00e4hlen.<\/p>\n<h3>\n\t\tVarianten<br>\n\t<\/h3>\n\n\t\t<style>\n\t\t\t#gallery-2 {\n\t\t\t\tmargin: auto;\n\t\t\t}\n\t\t\t#gallery-2 .gallery-item {\n\t\t\t\tfloat: left;\n\t\t\t\tmargin-top: 10px;\n\t\t\t\ttext-align: center;\n\t\t\t\twidth: 33%;\n\t\t\t}\n\t\t\t#gallery-2 img {\n\t\t\t\tborder: 2px solid #cfcfcf;\n\t\t\t}\n\t\t\t#gallery-2 .gallery-caption {\n\t\t\t\tmargin-left: 0;\n\t\t\t}\n\t\t\t\/* see gallery_shortcode() in wp-includes\/media.php *\/\n\t\t<\/style>\n\t\t<div id=\"gallery-2\" class=\"gallery galleryid-1910 gallery-columns-3 gallery-size-thumbnail\"><dl class=\"gallery-item\">\n\t\t\t<dt class=\"gallery-icon landscape\">\n\t\t\t\t<a href=\"https:\/\/few-group.com\/de\/052_front_fpc_folienanschlu%cc%88sse_02\/\"><img loading=\"lazy\" decoding=\"async\" width=\"88\" height=\"88\" src=\"https:\/\/few-group.com\/wp-content\/uploads\/produkte\/frontscheibenanschluesse\/FPC\/052_Front_FPC_Folienanschlu\u0308sse_02-150x150.jpg\" class=\"attachment-thumbnail size-thumbnail\" alt=\"FPC-Frontscheibenanschl\u00fcsse\" title=\"FPC-Frontscheibenanschl\u00fcsse\"><\/a>\n\t\t\t<\/dt><\/dl><dl class=\"gallery-item\">\n\t\t\t<dt class=\"gallery-icon landscape\">\n\t\t\t\t<a href=\"https:\/\/few-group.com\/de\/050_front_fpc_folienanschlu%cc%88sse_03\/\"><img loading=\"lazy\" decoding=\"async\" width=\"88\" height=\"88\" src=\"https:\/\/few-group.com\/wp-content\/uploads\/produkte\/frontscheibenanschluesse\/FPC\/050_Front_FPC_Folienanschlu\u0308sse_03-150x150.jpg\" class=\"attachment-thumbnail size-thumbnail\" alt=\"FPC-Frontscheibenanschl\u00fcsse\" title=\"FPC-Frontscheibenanschl\u00fcsse\"><\/a>\n\t\t\t<\/dt><\/dl><dl class=\"gallery-item\">\n\t\t\t<dt class=\"gallery-icon landscape\">\n\t\t\t\t<a href=\"https:\/\/few-group.com\/de\/053_front_fpc_folienanschlu%cc%88sse_04\/\"><img loading=\"lazy\" decoding=\"async\" width=\"88\" height=\"88\" src=\"https:\/\/few-group.com\/wp-content\/uploads\/produkte\/frontscheibenanschluesse\/FPC\/053_Front_FPC_Folienanschlu\u0308sse_04-150x150.jpg\" class=\"attachment-thumbnail size-thumbnail\" alt=\"FPC-Frontscheibenanschl\u00fcsse\" title=\"FPC-Frontscheibenanschl\u00fcsse\"><\/a>\n\t\t\t<\/dt><\/dl><br style=\"clear: both\">\n\t\t<\/div>\n\n<h2>\n\t\tKombination aus Folie und Rundlitze<br>\n\t<\/h2>\n\n\t\t<style>\n\t\t\t#gallery-3 {\n\t\t\t\tmargin: auto;\n\t\t\t}\n\t\t\t#gallery-3 .gallery-item {\n\t\t\t\tfloat: left;\n\t\t\t\tmargin-top: 10px;\n\t\t\t\ttext-align: center;\n\t\t\t\twidth: 100%;\n\t\t\t}\n\t\t\t#gallery-3 img {\n\t\t\t\tborder: 2px solid #cfcfcf;\n\t\t\t}\n\t\t\t#gallery-3 .gallery-caption {\n\t\t\t\tmargin-left: 0;\n\t\t\t}\n\t\t\t\/* see gallery_shortcode() in wp-includes\/media.php *\/\n\t\t<\/style>\n\t\t<div id=\"gallery-3\" class=\"gallery galleryid-1910 gallery-columns-1 gallery-size-full\"><dl class=\"gallery-item\">\n\t\t\t<dt class=\"gallery-icon landscape\">\n\t\t\t\t<a href=\"https:\/\/few-group.com\/de\/074_front_fpc_kombi_01\/\"><img loading=\"lazy\" decoding=\"async\" width=\"800\" height=\"600\" src=\"https:\/\/few-group.com\/wp-content\/uploads\/produkte\/frontscheibenanschluesse\/FPC\/074_Front_FPC_Kombi_01.jpg\" class=\"attachment-full size-full\" alt=\"FPC-Frontscheibenanschl\u00fcsse\" srcset=\"https:\/\/few-group.com\/wp-content\/uploads\/produkte\/frontscheibenanschluesse\/FPC\/074_Front_FPC_Kombi_01.jpg 800w, https:\/\/few-group.com\/wp-content\/uploads\/produkte\/frontscheibenanschluesse\/FPC\/074_Front_FPC_Kombi_01-300x225.jpg 300w, https:\/\/few-group.com\/wp-content\/uploads\/produkte\/frontscheibenanschluesse\/FPC\/074_Front_FPC_Kombi_01-768x576.jpg 768w\" sizes=\"auto, (max-width: 800px) 100vw, 800px\" title=\"FPC-Frontscheibenanschl\u00fcsse\"><\/a>\n\t\t\t<\/dt><\/dl><br style=\"clear: both\">\n\t\t<\/div>\n\n<p>Eine zus\u00e4t\u00adzliche Rundl\u00aditze zwis\u00adchen Folie und Geh\u00e4use&nbsp;ist bei Bedarf unkom\u00adpliziert umset\u00adzbar und erm\u00f6glicht eine ver\u00adl\u00e4ngerte und kosteng\u00fcn\u00adstige&nbsp;Bauweise.<\/p>\n<h3>\n\t\tVarianten<br>\n\t<\/h3>\n\n\t\t<style>\n\t\t\t#gallery-4 {\n\t\t\t\tmargin: auto;\n\t\t\t}\n\t\t\t#gallery-4 .gallery-item {\n\t\t\t\tfloat: left;\n\t\t\t\tmargin-top: 10px;\n\t\t\t\ttext-align: center;\n\t\t\t\twidth: 33%;\n\t\t\t}\n\t\t\t#gallery-4 img {\n\t\t\t\tborder: 2px solid #cfcfcf;\n\t\t\t}\n\t\t\t#gallery-4 .gallery-caption {\n\t\t\t\tmargin-left: 0;\n\t\t\t}\n\t\t\t\/* see gallery_shortcode() in wp-includes\/media.php *\/\n\t\t<\/style>\n\t\t<div id=\"gallery-4\" class=\"gallery galleryid-1910 gallery-columns-3 gallery-size-thumbnail\"><dl class=\"gallery-item\">\n\t\t\t<dt class=\"gallery-icon landscape\">\n\t\t\t\t<a href=\"https:\/\/few-group.com\/de\/075_front_fpc_kombi_02\/\"><img loading=\"lazy\" decoding=\"async\" width=\"88\" height=\"88\" src=\"https:\/\/few-group.com\/wp-content\/uploads\/produkte\/frontscheibenanschluesse\/FPC\/075_Front_FPC_Kombi_02-150x150.jpg\" class=\"attachment-thumbnail size-thumbnail\" alt=\"FPC-Frontscheibenanschl\u00fcsse\" title=\"FPC-Frontscheibenanschl\u00fcsse\"><\/a>\n\t\t\t<\/dt><\/dl><dl class=\"gallery-item\">\n\t\t\t<dt class=\"gallery-icon landscape\">\n\t\t\t\t<a href=\"https:\/\/few-group.com\/de\/048_front_fpc_kombi_03\/\"><img loading=\"lazy\" decoding=\"async\" width=\"88\" height=\"88\" src=\"https:\/\/few-group.com\/wp-content\/uploads\/produkte\/frontscheibenanschluesse\/FPC\/048_Front_FPC_Kombi_03-150x150.jpg\" class=\"attachment-thumbnail size-thumbnail\" alt=\"FPC-Frontscheibenanschl\u00fcsse\" title=\"FPC-Frontscheibenanschl\u00fcsse\"><\/a>\n\t\t\t<\/dt><\/dl><dl class=\"gallery-item\">\n\t\t\t<dt class=\"gallery-icon landscape\">\n\t\t\t\t<a href=\"https:\/\/few-group.com\/de\/049_front_fpc_kombi_04\/\"><img loading=\"lazy\" decoding=\"async\" width=\"88\" height=\"88\" src=\"https:\/\/few-group.com\/wp-content\/uploads\/produkte\/frontscheibenanschluesse\/FPC\/049_Front_FPC_Kombi_04-150x150.jpg\" class=\"attachment-thumbnail size-thumbnail\" alt=\"FPC-Frontscheibenanschl\u00fcsse\" title=\"FPC-Frontscheibenanschl\u00fcsse\"><\/a>\n\t\t\t<\/dt><\/dl><br style=\"clear: both\">\n\t\t<\/div>\n\n<h4>\n\t\tUnsere Produkte<br>\n\t<\/h4>\n<h4>\n\t\tDownloads<br>\n\t<\/h4>\n<h4>Produktkatalog<\/h4>\n<p>\t\t\t\t<img loading=\"lazy\" decoding=\"async\" src=\"http:\/\/few-group.com\/wp-content\/uploads\/web-allgemein\/few-product-catalogue-2.jpg\" alt=\"few-product-catalogue-2\" itemprop=\"image\" height=\"600\" width=\"800\"><\/p>\n<p style=\"text-align: left;\">Laden Sie hier unseren aktuellen Pro\u00adduk\u00adtkat\u00ada\u00adlog herunter.<\/p>\n<p><a href=\"\/wp-content\/uploads\/downloads\/produktkatalog\/few-produktkatalog-de.pdf\" target=\"_blank\" rel=\"noopener\">Pro\u00adduk\u00adtkat\u00ada\u00adlog deutsch<\/a><\/p>\n<p><a href=\"\/wp-content\/uploads\/downloads\/produktkatalog\/few-produktkatalog-en.pdf\" target=\"_blank\" rel=\"noopener\">Pro\u00adduk\u00adtkat\u00ada\u00adlog englisch<\/a><\/p>\n","protected":false},"excerpt":{"rendered":"<p>FPC-Frontscheibenan\u00adschl\u00fcsse (Flex\u00adi\u00adble Print\u00aded Cir\u00adcuits) Pro\u00adduk\u00adt\u00admerk\u00admale Ein- oder mehrpolige FPC-Folien leit\u00aden Anten\u00adnensignale von Front- oder Heckscheibe&nbsp;zum Ver\u00adst\u00e4rk\u00ader weit\u00ader. Das Lay\u00adout&nbsp;und Design der Folie ist nahezu frei&nbsp;w\u00e4hlbar. Auf\u00adgrund ihrer Eigen\u00adschaften,&nbsp;wie die flache Form und deren Flex\u00adi\u00adbil\u00adit\u00e4t,&nbsp;hat der Ein\u00adsatz der FPC-Folie deut\u00adlich&nbsp;zugenom\u00admen. Lay\u00adout und Design nach Kun\u00adden\u00adwun\u00adsch Kon\u00adtak\u00adte und Geh\u00e4use neu\u00adtral oder mit OEM-Logo um Kabel erweit\u00ader\u00adbar&nbsp;und\u2026<\/p>\n","protected":false},"author":8,"featured_media":0,"parent":1916,"menu_order":0,"comment_status":"closed","ping_status":"closed","template":"","meta":{"_acf_changed":false,"wp_typography_post_enhancements_disabled":false,"footnotes":""},"class_list":["post-1910","page","type-page","status-publish","hentry"],"acf":[],"yoast_head":"\n<title>FPC-Frontscheibenanschl\u00fcsse - FEW Automotive Group<\/title>\n<meta name=\"robots\" content=\"index, follow, max-snippet:-1, max-image-preview:large, max-video-preview:-1\" \/>\n<link rel=\"canonical\" href=\"https:\/\/few-group.com\/de\/produkte\/frontscheibenanschluesse\/fpc-frontscheibenanschluesse\/\" \/>\n<meta property=\"og:locale\" content=\"de_DE\" \/>\n<meta property=\"og:type\" content=\"article\" \/>\n<meta property=\"og:title\" content=\"FPC-Frontscheibenanschl\u00fcsse - FEW Automotive Group\" \/>\n<meta property=\"og:description\" content=\"FPC-Frontscheibenanschl\u00fcsse (Flexible Printed Circuits) Produktmerkmale Ein- oder mehrpolige FPC-Folien leit\u00aden Anten\u00adnensignale von Front- oder Heckscheibe&nbsp;zum Ver\u00adst\u00e4rk\u00ader weit\u00ader. Das Lay\u00adout&nbsp;und Design der Folie ist nahezu frei&nbsp;w\u00e4hlbar. Auf\u00adgrund ihrer Eigen\u00adschaften,&nbsp;wie die flache Form und deren Flex\u00adi\u00adbil\u00adit\u00e4t,&nbsp;hat der Ein\u00adsatz der FPC-Folie deut\u00adlich&nbsp;zugenommen. Lay\u00adout und Design nach Kundenwunsch Kon\u00adtak\u00adte und Geh\u00e4use neu\u00adtral oder mit OEM-Logo um Kabel erweit\u00ader\u00adbar und&hellip;\" \/>\n<meta property=\"og:url\" content=\"https:\/\/few-group.com\/de\/produkte\/frontscheibenanschluesse\/fpc-frontscheibenanschluesse\/\" \/>\n<meta property=\"og:site_name\" content=\"FEW Automotive Group\" \/>\n<meta property=\"article:modified_time\" content=\"2017-09-22T13:37:36+00:00\" \/>\n<meta property=\"og:image\" content=\"https:\/\/few-group.com\/wp-content\/uploads\/produkte\/frontscheibenanschluesse\/FPC\/051_Front_FPC_Folienanschlu\u0308sse_01.jpg\" \/>\n<meta name=\"twitter:card\" content=\"summary_large_image\" \/>\n<meta name=\"twitter:label1\" content=\"Gesch\u00e4tzte Lesezeit\" \/>\n\t<meta name=\"twitter:data1\" content=\"1\u00a0Minute\" \/>\n<script type=\"application\/ld+json\" class=\"yoast-schema-graph\">{\"@context\":\"https:\/\/schema.org\",\"@graph\":[{\"@type\":\"WebPage\",\"@id\":\"https:\/\/few-group.com\/de\/produkte\/frontscheibenanschluesse\/fpc-frontscheibenanschluesse\/\",\"url\":\"https:\/\/few-group.com\/de\/produkte\/frontscheibenanschluesse\/fpc-frontscheibenanschluesse\/\",\"name\":\"FPC-Frontscheibenanschl\u00fcsse - FEW Automotive Group\",\"isPartOf\":{\"@id\":\"https:\/\/few-group.com\/de\/#website\"},\"primaryImageOfPage\":{\"@id\":\"https:\/\/few-group.com\/de\/produkte\/frontscheibenanschluesse\/fpc-frontscheibenanschluesse\/#primaryimage\"},\"image\":{\"@id\":\"https:\/\/few-group.com\/de\/produkte\/frontscheibenanschluesse\/fpc-frontscheibenanschluesse\/#primaryimage\"},\"thumbnailUrl\":\"http:\/\/few-group.com\/wp-content\/uploads\/web-allgemein\/header-us-folienanschluesse-fpc.jpg\",\"datePublished\":\"2017-09-18T14:54:14+00:00\",\"dateModified\":\"2017-09-22T13:37:36+00:00\",\"breadcrumb\":{\"@id\":\"https:\/\/few-group.com\/de\/produkte\/frontscheibenanschluesse\/fpc-frontscheibenanschluesse\/#breadcrumb\"},\"inLanguage\":\"de\",\"potentialAction\":[{\"@type\":\"ReadAction\",\"target\":[\"https:\/\/few-group.com\/de\/produkte\/frontscheibenanschluesse\/fpc-frontscheibenanschluesse\/\"]}]},{\"@type\":\"ImageObject\",\"inLanguage\":\"de\",\"@id\":\"https:\/\/few-group.com\/de\/produkte\/frontscheibenanschluesse\/fpc-frontscheibenanschluesse\/#primaryimage\",\"url\":\"http:\/\/few-group.com\/wp-content\/uploads\/web-allgemein\/header-us-folienanschluesse-fpc.jpg\",\"contentUrl\":\"http:\/\/few-group.com\/wp-content\/uploads\/web-allgemein\/header-us-folienanschluesse-fpc.jpg\"},{\"@type\":\"BreadcrumbList\",\"@id\":\"https:\/\/few-group.com\/de\/produkte\/frontscheibenanschluesse\/fpc-frontscheibenanschluesse\/#breadcrumb\",\"itemListElement\":[{\"@type\":\"ListItem\",\"position\":1,\"name\":\"Startseite\",\"item\":\"https:\/\/few-group.com\/de\/\"},{\"@type\":\"ListItem\",\"position\":2,\"name\":\"Produkte\",\"item\":\"https:\/\/few-group.com\/de\/produkte\/\"},{\"@type\":\"ListItem\",\"position\":3,\"name\":\"Frontscheibenanschl\u00fcsse\",\"item\":\"https:\/\/few-group.com\/de\/produkte\/frontscheibenanschluesse\/\"},{\"@type\":\"ListItem\",\"position\":4,\"name\":\"FPC-Frontscheibenanschl\u00fcsse\"}]},{\"@type\":\"WebSite\",\"@id\":\"https:\/\/few-group.com\/de\/#website\",\"url\":\"https:\/\/few-group.com\/de\/\",\"name\":\"FEW Automotive Group\",\"description\":\"Customized Glass Connectivity\",\"potentialAction\":[{\"@type\":\"SearchAction\",\"target\":{\"@type\":\"EntryPoint\",\"urlTemplate\":\"https:\/\/few-group.com\/de\/?s={search_term_string}\"},\"query-input\":{\"@type\":\"PropertyValueSpecification\",\"valueRequired\":true,\"valueName\":\"search_term_string\"}}],\"inLanguage\":\"de\"}]}<\/script>\n","yoast_head_json":{"title":"FPC-Frontscheibenanschl\u00fcsse - FEW Automotive Group","robots":{"index":"index","follow":"follow","max-snippet":"max-snippet:-1","max-image-preview":"max-image-preview:large","max-video-preview":"max-video-preview:-1"},"canonical":"https:\/\/few-group.com\/de\/produkte\/frontscheibenanschluesse\/fpc-frontscheibenanschluesse\/","og_locale":"de_DE","og_type":"article","og_title":"FPC-Frontscheibenanschl\u00fcsse - FEW Automotive Group","og_description":"FPC-Frontscheibenanschl\u00fcsse (Flexible Printed Circuits) Produktmerkmale Ein- oder mehrpolige FPC-Folien leit\u00aden Anten\u00adnensignale von Front- oder Heckscheibe&nbsp;zum Ver\u00adst\u00e4rk\u00ader weit\u00ader. Das Lay\u00adout&nbsp;und Design der Folie ist nahezu frei&nbsp;w\u00e4hlbar. Auf\u00adgrund ihrer Eigen\u00adschaften,&nbsp;wie die flache Form und deren Flex\u00adi\u00adbil\u00adit\u00e4t,&nbsp;hat der Ein\u00adsatz der FPC-Folie deut\u00adlich&nbsp;zugenommen. Lay\u00adout und Design nach Kundenwunsch Kon\u00adtak\u00adte und Geh\u00e4use neu\u00adtral oder mit OEM-Logo um Kabel erweit\u00ader\u00adbar und&hellip;","og_url":"https:\/\/few-group.com\/de\/produkte\/frontscheibenanschluesse\/fpc-frontscheibenanschluesse\/","og_site_name":"FEW Automotive Group","article_modified_time":"2017-09-22T13:37:36+00:00","og_image":[{"url":"https:\/\/few-group.com\/wp-content\/uploads\/produkte\/frontscheibenanschluesse\/FPC\/051_Front_FPC_Folienanschlu\u0308sse_01.jpg","type":"","width":"","height":""}],"twitter_card":"summary_large_image","twitter_misc":{"Gesch\u00e4tzte Lesezeit":"1\u00a0Minute"},"schema":{"@context":"https:\/\/schema.org","@graph":[{"@type":"WebPage","@id":"https:\/\/few-group.com\/de\/produkte\/frontscheibenanschluesse\/fpc-frontscheibenanschluesse\/","url":"https:\/\/few-group.com\/de\/produkte\/frontscheibenanschluesse\/fpc-frontscheibenanschluesse\/","name":"FPC-Frontscheibenanschl\u00fcsse - FEW Automotive Group","isPartOf":{"@id":"https:\/\/few-group.com\/de\/#website"},"primaryImageOfPage":{"@id":"https:\/\/few-group.com\/de\/produkte\/frontscheibenanschluesse\/fpc-frontscheibenanschluesse\/#primaryimage"},"image":{"@id":"https:\/\/few-group.com\/de\/produkte\/frontscheibenanschluesse\/fpc-frontscheibenanschluesse\/#primaryimage"},"thumbnailUrl":"http:\/\/few-group.com\/wp-content\/uploads\/web-allgemein\/header-us-folienanschluesse-fpc.jpg","datePublished":"2017-09-18T14:54:14+00:00","dateModified":"2017-09-22T13:37:36+00:00","breadcrumb":{"@id":"https:\/\/few-group.com\/de\/produkte\/frontscheibenanschluesse\/fpc-frontscheibenanschluesse\/#breadcrumb"},"inLanguage":"de","potentialAction":[{"@type":"ReadAction","target":["https:\/\/few-group.com\/de\/produkte\/frontscheibenanschluesse\/fpc-frontscheibenanschluesse\/"]}]},{"@type":"ImageObject","inLanguage":"de","@id":"https:\/\/few-group.com\/de\/produkte\/frontscheibenanschluesse\/fpc-frontscheibenanschluesse\/#primaryimage","url":"http:\/\/few-group.com\/wp-content\/uploads\/web-allgemein\/header-us-folienanschluesse-fpc.jpg","contentUrl":"http:\/\/few-group.com\/wp-content\/uploads\/web-allgemein\/header-us-folienanschluesse-fpc.jpg"},{"@type":"BreadcrumbList","@id":"https:\/\/few-group.com\/de\/produkte\/frontscheibenanschluesse\/fpc-frontscheibenanschluesse\/#breadcrumb","itemListElement":[{"@type":"ListItem","position":1,"name":"Startseite","item":"https:\/\/few-group.com\/de\/"},{"@type":"ListItem","position":2,"name":"Produkte","item":"https:\/\/few-group.com\/de\/produkte\/"},{"@type":"ListItem","position":3,"name":"Frontscheibenanschl\u00fcsse","item":"https:\/\/few-group.com\/de\/produkte\/frontscheibenanschluesse\/"},{"@type":"ListItem","position":4,"name":"FPC-Frontscheibenanschl\u00fcsse"}]},{"@type":"WebSite","@id":"https:\/\/few-group.com\/de\/#website","url":"https:\/\/few-group.com\/de\/","name":"FEW Automotive Group","description":"Customized Glass Connectivity","potentialAction":[{"@type":"SearchAction","target":{"@type":"EntryPoint","urlTemplate":"https:\/\/few-group.com\/de\/?s={search_term_string}"},"query-input":{"@type":"PropertyValueSpecification","valueRequired":true,"valueName":"search_term_string"}}],"inLanguage":"de"}]}},"_links":{"self":[{"href":"https:\/\/few-group.com\/de\/wp-json\/wp\/v2\/pages\/1910","targetHints":{"allow":["GET"]}}],"collection":[{"href":"https:\/\/few-group.com\/de\/wp-json\/wp\/v2\/pages"}],"about":[{"href":"https:\/\/few-group.com\/de\/wp-json\/wp\/v2\/types\/page"}],"author":[{"embeddable":true,"href":"https:\/\/few-group.com\/de\/wp-json\/wp\/v2\/users\/8"}],"replies":[{"embeddable":true,"href":"https:\/\/few-group.com\/de\/wp-json\/wp\/v2\/comments?post=1910"}],"version-history":[{"count":2,"href":"https:\/\/few-group.com\/de\/wp-json\/wp\/v2\/pages\/1910\/revisions"}],"predecessor-version":[{"id":2246,"href":"https:\/\/few-group.com\/de\/wp-json\/wp\/v2\/pages\/1910\/revisions\/2246"}],"up":[{"embeddable":true,"href":"https:\/\/few-group.com\/de\/wp-json\/wp\/v2\/pages\/1916"}],"wp:attachment":[{"href":"https:\/\/few-group.com\/de\/wp-json\/wp\/v2\/media?parent=1910"}],"curies":[{"name":"wp","href":"https:\/\/api.w.org\/{rel}","templated":true}]}}