{"id":1922,"date":"2017-09-18T17:00:24","date_gmt":"2017-09-18T15:00:24","guid":{"rendered":"http:\/\/few-group.com\/?page_id=1922"},"modified":"2017-09-22T15:26:55","modified_gmt":"2017-09-22T13:26:55","slug":"mit-vorverzinnter-loetbruecke","status":"publish","type":"page","link":"https:\/\/few-group.com\/de\/produkte\/heck-und-seitenscheibenanschluesse\/rundlitzenanschluesse\/mit-vorverzinnter-loetbruecke\/","title":{"rendered":"mit vorverzinnter L\u00f6tbr\u00fccke"},"content":{"rendered":"<p>\t\t\t\t<img loading=\"lazy\" decoding=\"async\" src=\"http:\/\/few-group.com\/wp-content\/uploads\/web-allgemein\/header-us-rundlitzen-loetbruecke.jpg\" alt=\"header-us-rundlitzen-loetbruecke\" itemprop=\"image\" height=\"320\" width=\"1240\"><\/p>\n<h1>\n\t\tRundlitzenanschl\u00fcsse mit vorverzinnter L\u00f6tbr\u00fccke<br>\n\t<\/h1>\n<h3>\n\t\tProduktmerkmale<br>\n\t<\/h3>\n<p>Prim\u00e4r f\u00fcr den Ein\u00adsatz als Heizfel\u00addan\u00adschluss ste\u00adhen diese Rundl\u00aditzenan\u00adschl\u00fcsse in unter\u00adschiedlichen Vari\u00adanten zur Auswahl. Die hohe Ma\u00df\u00adge\u00adnauigkeit der L\u00f6t\u00adbr\u00fccke, in Kom\u00adbi\u00adna\u00adtion mit einem per\u00adfekt abges\u00adtimmten L\u00f6tzin\u00adnvol\u00adu\u00admen, sind Garant f\u00fcr eine hohe Prozess\u00adf\u00e4higkeit beim&nbsp;L\u00f6ten.<\/p>\n<ul>\n<li>Kabel\u00adquer\u00adschnitt: 0,22 mm<sup>2<\/sup>&nbsp;bis 6,00 mm<sup>2<\/sup><\/li>\n<li>Kon\u00adtak\u00adte und Geh\u00e4use neu\u00adtral oder mit OEM-Logo<\/li>\n<li>vorhan\u00addene Geometrien:&nbsp;<ul>\n<li>L\u00f6t\u00adbr\u00fcck\u00aden 12,0 mm und 20,3 mm bzw. 24,2&nbsp;mm<\/li>\n<li>L\u00f6t\u00adpl\u00e4ttchen 6,0 mm x 8,0 mm \/ 4,0 x 4,5&nbsp;mm<\/li>\n<li>weit\u00adere L\u00f6to\u00adb\u00adjek\u00adte und Geome\u00adtrien w\u00e4hlbar<\/li>\n<\/ul>\n<\/li>\n<\/ul>\n<ul>\n<li>Vorverzin\u00adnung: Legierung, Flussmit\u00adtel und L\u00f6tzin\u00adn\u00admenge&nbsp;nach Vor\u00adgabe des Kunden<\/li>\n<li>Ver\u00adguss auf Kundenwunsch<\/li>\n<li>Formteile aus Filz oder Schaum\u00adstoff als Schutz&nbsp;vor schar\u00adfen Kan\u00adten und gegen Ger\u00e4uschen\u00adtwick\u00adlung&nbsp;montierbar<\/li>\n<li>auch als bleifreie Vari\u00adante verf\u00fcgbar<\/li>\n<\/ul>\n<h2>\n\t\tRundlitzenanschl\u00fcsse mit L\u00f6tbr\u00fccke<br>\n\t<\/h2>\n\n\t\t<style>\n\t\t\t#gallery-1 {\n\t\t\t\tmargin: auto;\n\t\t\t}\n\t\t\t#gallery-1 .gallery-item {\n\t\t\t\tfloat: left;\n\t\t\t\tmargin-top: 10px;\n\t\t\t\ttext-align: center;\n\t\t\t\twidth: 100%;\n\t\t\t}\n\t\t\t#gallery-1 img {\n\t\t\t\tborder: 2px solid #cfcfcf;\n\t\t\t}\n\t\t\t#gallery-1 .gallery-caption {\n\t\t\t\tmargin-left: 0;\n\t\t\t}\n\t\t\t\/* see gallery_shortcode() in wp-includes\/media.php *\/\n\t\t<\/style>\n\t\t<div id=\"gallery-1\" class=\"gallery galleryid-1922 gallery-columns-1 gallery-size-full\"><dl class=\"gallery-item\">\n\t\t\t<dt class=\"gallery-icon landscape\">\n\t\t\t\t<a href=\"https:\/\/few-group.com\/de\/016_heck_rund_lo%cc%88tbru%cc%88cke_01\/\"><img loading=\"lazy\" decoding=\"async\" width=\"800\" height=\"600\" src=\"https:\/\/few-group.com\/wp-content\/uploads\/produkte\/heck-und-seitenscheibenanschluesse\/rundlitzenanschluesse\/vorverzinnte-loetbruecke\/016_Heck_Rund_Lo\u0308tbru\u0308cke_01.jpg\" class=\"attachment-full size-full\" alt=\"mit vorverzinnter L\u00f6tbr\u00fccke\" srcset=\"https:\/\/few-group.com\/wp-content\/uploads\/produkte\/heck-und-seitenscheibenanschluesse\/rundlitzenanschluesse\/vorverzinnte-loetbruecke\/016_Heck_Rund_Lo\u0308tbru\u0308cke_01.jpg 800w, https:\/\/few-group.com\/wp-content\/uploads\/produkte\/heck-und-seitenscheibenanschluesse\/rundlitzenanschluesse\/vorverzinnte-loetbruecke\/016_Heck_Rund_Lo\u0308tbru\u0308cke_01-300x225.jpg 300w, https:\/\/few-group.com\/wp-content\/uploads\/produkte\/heck-und-seitenscheibenanschluesse\/rundlitzenanschluesse\/vorverzinnte-loetbruecke\/016_Heck_Rund_Lo\u0308tbru\u0308cke_01-768x576.jpg 768w\" sizes=\"auto, (max-width: 800px) 100vw, 800px\" title=\"mit vorverzinnter L\u00f6tbr\u00fccke\"><\/a>\n\t\t\t<\/dt><\/dl><br style=\"clear: both\">\n\t\t<\/div>\n\n<p>F\u00fcr Heizfelder mit unter\u00adschiedlichen Schnittstellen zum Bor\u00addsys\u00adtem ste\u00adhen in L\u00e4nge und Farbe vari\u00adable Rundl\u00aditzenan\u00adschl\u00fcsse mit geschwei\u00dften L\u00f6t\u00adbr\u00fcck\u00aden&nbsp;zur Ver\u00adf\u00fc\u00adgung. Diese erm\u00f6glichen das L\u00f6ten mit Wider\u00adstand oder Induktion.<\/p>\n<h3>\n\t\tVarianten<br>\n\t<\/h3>\n\n\t\t<style>\n\t\t\t#gallery-2 {\n\t\t\t\tmargin: auto;\n\t\t\t}\n\t\t\t#gallery-2 .gallery-item {\n\t\t\t\tfloat: left;\n\t\t\t\tmargin-top: 10px;\n\t\t\t\ttext-align: center;\n\t\t\t\twidth: 33%;\n\t\t\t}\n\t\t\t#gallery-2 img {\n\t\t\t\tborder: 2px solid #cfcfcf;\n\t\t\t}\n\t\t\t#gallery-2 .gallery-caption {\n\t\t\t\tmargin-left: 0;\n\t\t\t}\n\t\t\t\/* see gallery_shortcode() in wp-includes\/media.php *\/\n\t\t<\/style>\n\t\t<div id=\"gallery-2\" class=\"gallery galleryid-1922 gallery-columns-3 gallery-size-thumbnail\"><dl class=\"gallery-item\">\n\t\t\t<dt class=\"gallery-icon landscape\">\n\t\t\t\t<a href=\"https:\/\/few-group.com\/de\/056_heck_rund_lo%cc%88tbru%cc%88cke_02\/\"><img loading=\"lazy\" decoding=\"async\" width=\"88\" height=\"88\" src=\"https:\/\/few-group.com\/wp-content\/uploads\/produkte\/heck-und-seitenscheibenanschluesse\/rundlitzenanschluesse\/vorverzinnte-loetbruecke\/056_Heck_Rund_Lo\u0308tbru\u0308cke_02-150x150.jpg\" class=\"attachment-thumbnail size-thumbnail\" alt=\"mit vorverzinnter L\u00f6tbr\u00fccke\" title=\"mit vorverzinnter L\u00f6tbr\u00fccke\"><\/a>\n\t\t\t<\/dt><\/dl><dl class=\"gallery-item\">\n\t\t\t<dt class=\"gallery-icon landscape\">\n\t\t\t\t<a href=\"https:\/\/few-group.com\/de\/054_heck_rund_lo%cc%88tbru%cc%88cke_03\/\"><img loading=\"lazy\" decoding=\"async\" width=\"88\" height=\"88\" src=\"https:\/\/few-group.com\/wp-content\/uploads\/produkte\/heck-und-seitenscheibenanschluesse\/rundlitzenanschluesse\/vorverzinnte-loetbruecke\/054_Heck_Rund_Lo\u0308tbru\u0308cke_03-150x150.jpg\" class=\"attachment-thumbnail size-thumbnail\" alt=\"mit vorverzinnter L\u00f6tbr\u00fccke\" title=\"mit vorverzinnter L\u00f6tbr\u00fccke\"><\/a>\n\t\t\t<\/dt><\/dl><dl class=\"gallery-item\">\n\t\t\t<dt class=\"gallery-icon landscape\">\n\t\t\t\t<a href=\"https:\/\/few-group.com\/de\/055_heck_rund_lo%cc%88tbru%cc%88cke_04\/\"><img loading=\"lazy\" decoding=\"async\" width=\"88\" height=\"88\" src=\"https:\/\/few-group.com\/wp-content\/uploads\/produkte\/heck-und-seitenscheibenanschluesse\/rundlitzenanschluesse\/vorverzinnte-loetbruecke\/055_Heck_Rund_Lo\u0308tbru\u0308cke_04-150x150.jpg\" class=\"attachment-thumbnail size-thumbnail\" alt=\"mit vorverzinnter L\u00f6tbr\u00fccke\" title=\"mit vorverzinnter L\u00f6tbr\u00fccke\"><\/a>\n\t\t\t<\/dt><\/dl><br style=\"clear: both\">\n\t\t<\/div>\n\n<h2>\n\t\tRundlitzenanschl\u00fcsse mit L\u00f6tpl\u00e4ttchen<br>\n\t<\/h2>\n\n\t\t<style>\n\t\t\t#gallery-3 {\n\t\t\t\tmargin: auto;\n\t\t\t}\n\t\t\t#gallery-3 .gallery-item {\n\t\t\t\tfloat: left;\n\t\t\t\tmargin-top: 10px;\n\t\t\t\ttext-align: center;\n\t\t\t\twidth: 100%;\n\t\t\t}\n\t\t\t#gallery-3 img {\n\t\t\t\tborder: 2px solid #cfcfcf;\n\t\t\t}\n\t\t\t#gallery-3 .gallery-caption {\n\t\t\t\tmargin-left: 0;\n\t\t\t}\n\t\t\t\/* see gallery_shortcode() in wp-includes\/media.php *\/\n\t\t<\/style>\n\t\t<div id=\"gallery-3\" class=\"gallery galleryid-1922 gallery-columns-1 gallery-size-full\"><dl class=\"gallery-item\">\n\t\t\t<dt class=\"gallery-icon landscape\">\n\t\t\t\t<a href=\"https:\/\/few-group.com\/de\/057_heck_rund_lo%cc%88tpl_01\/\"><img loading=\"lazy\" decoding=\"async\" width=\"800\" height=\"600\" src=\"https:\/\/few-group.com\/wp-content\/uploads\/produkte\/heck-und-seitenscheibenanschluesse\/rundlitzenanschluesse\/vorverzinnte-loetbruecke\/057_Heck_Rund_Lo\u0308tpl_01.jpg\" class=\"attachment-full size-full\" alt=\"mit vorverzinnter L\u00f6tbr\u00fccke\" srcset=\"https:\/\/few-group.com\/wp-content\/uploads\/produkte\/heck-und-seitenscheibenanschluesse\/rundlitzenanschluesse\/vorverzinnte-loetbruecke\/057_Heck_Rund_Lo\u0308tpl_01.jpg 800w, https:\/\/few-group.com\/wp-content\/uploads\/produkte\/heck-und-seitenscheibenanschluesse\/rundlitzenanschluesse\/vorverzinnte-loetbruecke\/057_Heck_Rund_Lo\u0308tpl_01-300x225.jpg 300w, https:\/\/few-group.com\/wp-content\/uploads\/produkte\/heck-und-seitenscheibenanschluesse\/rundlitzenanschluesse\/vorverzinnte-loetbruecke\/057_Heck_Rund_Lo\u0308tpl_01-768x576.jpg 768w\" sizes=\"auto, (max-width: 800px) 100vw, 800px\" title=\"mit vorverzinnter L\u00f6tbr\u00fccke\"><\/a>\n\t\t\t<\/dt><\/dl><br style=\"clear: both\">\n\t\t<\/div>\n\n<p>Rundl\u00aditzenan\u00adschl\u00fcsse mit L\u00f6t\u00adpl\u00e4ttchen zeich\u00adnen sich&nbsp;durch ihr platzs\u00adparen\u00addes Design aus und sind dar\u00fcber&nbsp;hin\u00adaus eine kosteng\u00fcn\u00adstige Form der Kontaktierung.<\/p>\n<h3>\n\t\tVarianten<br>\n\t<\/h3>\n\n\t\t<style>\n\t\t\t#gallery-4 {\n\t\t\t\tmargin: auto;\n\t\t\t}\n\t\t\t#gallery-4 .gallery-item {\n\t\t\t\tfloat: left;\n\t\t\t\tmargin-top: 10px;\n\t\t\t\ttext-align: center;\n\t\t\t\twidth: 33%;\n\t\t\t}\n\t\t\t#gallery-4 img {\n\t\t\t\tborder: 2px solid #cfcfcf;\n\t\t\t}\n\t\t\t#gallery-4 .gallery-caption {\n\t\t\t\tmargin-left: 0;\n\t\t\t}\n\t\t\t\/* see gallery_shortcode() in wp-includes\/media.php *\/\n\t\t<\/style>\n\t\t<div id=\"gallery-4\" class=\"gallery galleryid-1922 gallery-columns-3 gallery-size-thumbnail\"><dl class=\"gallery-item\">\n\t\t\t<dt class=\"gallery-icon landscape\">\n\t\t\t\t<a href=\"https:\/\/few-group.com\/de\/019_heck_rund_lo%cc%88tpla%cc%88ttchen_02\/\"><img loading=\"lazy\" decoding=\"async\" width=\"88\" height=\"88\" src=\"https:\/\/few-group.com\/wp-content\/uploads\/produkte\/heck-und-seitenscheibenanschluesse\/rundlitzenanschluesse\/vorverzinnte-loetbruecke\/019_Heck_Rund_Lo\u0308tpla\u0308ttchen_02-150x150.jpg\" class=\"attachment-thumbnail size-thumbnail\" alt=\"mit vorverzinnter L\u00f6tbr\u00fccke\" title=\"mit vorverzinnter L\u00f6tbr\u00fccke\"><\/a>\n\t\t\t<\/dt><\/dl><dl class=\"gallery-item\">\n\t\t\t<dt class=\"gallery-icon landscape\">\n\t\t\t\t<a href=\"https:\/\/few-group.com\/de\/017_heck_rund_lo%cc%88tpla%cc%88ttchen_03\/\"><img loading=\"lazy\" decoding=\"async\" width=\"88\" height=\"88\" src=\"https:\/\/few-group.com\/wp-content\/uploads\/produkte\/heck-und-seitenscheibenanschluesse\/rundlitzenanschluesse\/vorverzinnte-loetbruecke\/017_Heck_Rund_Lo\u0308tpla\u0308ttchen_03-150x150.jpg\" class=\"attachment-thumbnail size-thumbnail\" alt=\"mit vorverzinnter L\u00f6tbr\u00fccke\" title=\"mit vorverzinnter L\u00f6tbr\u00fccke\"><\/a>\n\t\t\t<\/dt><\/dl><dl class=\"gallery-item\">\n\t\t\t<dt class=\"gallery-icon landscape\">\n\t\t\t\t<a href=\"https:\/\/few-group.com\/de\/018_heck_rund_lo%cc%88tpla%cc%88ttchen_04\/\"><img loading=\"lazy\" decoding=\"async\" width=\"88\" height=\"88\" src=\"https:\/\/few-group.com\/wp-content\/uploads\/produkte\/heck-und-seitenscheibenanschluesse\/rundlitzenanschluesse\/vorverzinnte-loetbruecke\/018_Heck_Rund_Lo\u0308tpla\u0308ttchen_04-150x150.jpg\" class=\"attachment-thumbnail size-thumbnail\" alt=\"mit vorverzinnter L\u00f6tbr\u00fccke\" title=\"mit vorverzinnter L\u00f6tbr\u00fccke\"><\/a>\n\t\t\t<\/dt><\/dl><br style=\"clear: both\">\n\t\t<\/div>\n\n<h4>\n\t\tUnsere Produkte<br>\n\t<\/h4>\n<h4>\n\t\tDownloads<br>\n\t<\/h4>\n<h4>Produktkatalog<\/h4>\n<p>\t\t\t\t<img loading=\"lazy\" decoding=\"async\" src=\"http:\/\/few-group.com\/wp-content\/uploads\/web-allgemein\/few-product-catalogue-2.jpg\" alt=\"few-product-catalogue-2\" itemprop=\"image\" height=\"600\" width=\"800\"><\/p>\n<p style=\"text-align: left;\">Laden Sie hier unseren aktuellen Pro\u00adduk\u00adtkat\u00ada\u00adlog herunter.<\/p>\n<p><a href=\"\/wp-content\/uploads\/downloads\/produktkatalog\/few-produktkatalog-de.pdf\" target=\"_blank\" rel=\"noopener\">Pro\u00adduk\u00adtkat\u00ada\u00adlog deutsch<\/a><\/p>\n<p><a href=\"\/wp-content\/uploads\/downloads\/produktkatalog\/few-produktkatalog-en.pdf\" target=\"_blank\" rel=\"noopener\">Pro\u00adduk\u00adtkat\u00ada\u00adlog englisch<\/a><\/p>\n","protected":false},"excerpt":{"rendered":"<p>Rundl\u00aditzenan\u00adschl\u00fcsse mit vorverzin\u00adnter L\u00f6t\u00adbr\u00fccke Pro\u00adduk\u00adt\u00admerk\u00admale Prim\u00e4r f\u00fcr den Ein\u00adsatz als Heizfel\u00addan\u00adschluss ste\u00adhen diese Rundl\u00aditzenan\u00adschl\u00fcsse in unter\u00adschiedlichen Vari\u00adanten zur Auswahl. Die hohe Ma\u00df\u00adge\u00adnauigkeit der L\u00f6t\u00adbr\u00fccke, in Kom\u00adbi\u00adna\u00adtion mit einem per\u00adfekt abges\u00adtimmten L\u00f6tzin\u00adnvol\u00adu\u00admen, sind Garant f\u00fcr eine hohe Prozess\u00adf\u00e4higkeit beim&nbsp;L\u00f6ten. Kabel\u00adquer\u00adschnitt: 0,22 mm\u00b2&nbsp;bis 6,00 mm\u00b2 Kon\u00adtak\u00adte und Geh\u00e4use neu\u00adtral oder mit OEM-Logo vorhan\u00addene Geome\u00adtrien:&nbsp; L\u00f6t\u00adbr\u00fcck\u00aden 12,0&nbsp;mm\u2026<\/p>\n","protected":false},"author":8,"featured_media":0,"parent":1928,"menu_order":2,"comment_status":"closed","ping_status":"closed","template":"","meta":{"_acf_changed":false,"wp_typography_post_enhancements_disabled":false,"footnotes":""},"class_list":["post-1922","page","type-page","status-publish","hentry"],"acf":[],"yoast_head":"\n<title>mit vorverzinnter L\u00f6tbr\u00fccke - FEW Automotive Group<\/title>\n<meta name=\"robots\" content=\"index, follow, max-snippet:-1, max-image-preview:large, max-video-preview:-1\" \/>\n<link rel=\"canonical\" href=\"https:\/\/few-group.com\/de\/produkte\/heck-und-seitenscheibenanschluesse\/rundlitzenanschluesse\/mit-vorverzinnter-loetbruecke\/\" \/>\n<meta property=\"og:locale\" content=\"de_DE\" \/>\n<meta property=\"og:type\" content=\"article\" \/>\n<meta property=\"og:title\" content=\"mit vorverzinnter L\u00f6tbr\u00fccke - FEW Automotive Group\" \/>\n<meta property=\"og:description\" content=\"Rundlitzenanschl\u00fcsse mit vorverzinnter L\u00f6tbr\u00fccke Produktmerkmale Prim\u00e4r f\u00fcr den Ein\u00adsatz als Heizfel\u00addan\u00adschluss ste\u00adhen diese Rundl\u00aditzenan\u00adschl\u00fcsse in unter\u00adschiedlichen Vari\u00adanten zur Auswahl. Die hohe Ma\u00df\u00adge\u00adnauigkeit der L\u00f6t\u00adbr\u00fccke, in Kom\u00adbi\u00adna\u00adtion mit einem per\u00adfekt abges\u00adtimmten L\u00f6tzin\u00adnvol\u00adu\u00admen, sind Garant f\u00fcr eine hohe Prozess\u00adf\u00e4higkeit beim&nbsp;L\u00f6ten. Kabel\u00adquer\u00adschnitt: 0,22 mm2&nbsp;bis 6,00 mm2 Kon\u00adtak\u00adte und Geh\u00e4use neu\u00adtral oder mit OEM-Logo vorhan\u00addene Geometrien:&nbsp; L\u00f6t\u00adbr\u00fcck\u00aden 12,0 mm&hellip;\" \/>\n<meta property=\"og:url\" content=\"https:\/\/few-group.com\/de\/produkte\/heck-und-seitenscheibenanschluesse\/rundlitzenanschluesse\/mit-vorverzinnter-loetbruecke\/\" \/>\n<meta property=\"og:site_name\" content=\"FEW Automotive Group\" \/>\n<meta property=\"article:modified_time\" content=\"2017-09-22T13:26:55+00:00\" \/>\n<meta property=\"og:image\" content=\"https:\/\/few-group.com\/wp-content\/uploads\/produkte\/heck-und-seitenscheibenanschluesse\/rundlitzenanschluesse\/vorverzinnte-loetbruecke\/016_Heck_Rund_Lo\u0308tbru\u0308cke_01.jpg\" \/>\n<meta name=\"twitter:card\" content=\"summary_large_image\" \/>\n<meta name=\"twitter:label1\" content=\"Gesch\u00e4tzte Lesezeit\" \/>\n\t<meta name=\"twitter:data1\" content=\"1\u00a0Minute\" \/>\n<script type=\"application\/ld+json\" class=\"yoast-schema-graph\">{\"@context\":\"https:\/\/schema.org\",\"@graph\":[{\"@type\":\"WebPage\",\"@id\":\"https:\/\/few-group.com\/de\/produkte\/heck-und-seitenscheibenanschluesse\/rundlitzenanschluesse\/mit-vorverzinnter-loetbruecke\/\",\"url\":\"https:\/\/few-group.com\/de\/produkte\/heck-und-seitenscheibenanschluesse\/rundlitzenanschluesse\/mit-vorverzinnter-loetbruecke\/\",\"name\":\"mit vorverzinnter L\u00f6tbr\u00fccke - FEW Automotive Group\",\"isPartOf\":{\"@id\":\"https:\/\/few-group.com\/de\/#website\"},\"primaryImageOfPage\":{\"@id\":\"https:\/\/few-group.com\/de\/produkte\/heck-und-seitenscheibenanschluesse\/rundlitzenanschluesse\/mit-vorverzinnter-loetbruecke\/#primaryimage\"},\"image\":{\"@id\":\"https:\/\/few-group.com\/de\/produkte\/heck-und-seitenscheibenanschluesse\/rundlitzenanschluesse\/mit-vorverzinnter-loetbruecke\/#primaryimage\"},\"thumbnailUrl\":\"http:\/\/few-group.com\/wp-content\/uploads\/web-allgemein\/header-us-rundlitzen-loetbruecke.jpg\",\"datePublished\":\"2017-09-18T15:00:24+00:00\",\"dateModified\":\"2017-09-22T13:26:55+00:00\",\"breadcrumb\":{\"@id\":\"https:\/\/few-group.com\/de\/produkte\/heck-und-seitenscheibenanschluesse\/rundlitzenanschluesse\/mit-vorverzinnter-loetbruecke\/#breadcrumb\"},\"inLanguage\":\"de\",\"potentialAction\":[{\"@type\":\"ReadAction\",\"target\":[\"https:\/\/few-group.com\/de\/produkte\/heck-und-seitenscheibenanschluesse\/rundlitzenanschluesse\/mit-vorverzinnter-loetbruecke\/\"]}]},{\"@type\":\"ImageObject\",\"inLanguage\":\"de\",\"@id\":\"https:\/\/few-group.com\/de\/produkte\/heck-und-seitenscheibenanschluesse\/rundlitzenanschluesse\/mit-vorverzinnter-loetbruecke\/#primaryimage\",\"url\":\"http:\/\/few-group.com\/wp-content\/uploads\/web-allgemein\/header-us-rundlitzen-loetbruecke.jpg\",\"contentUrl\":\"http:\/\/few-group.com\/wp-content\/uploads\/web-allgemein\/header-us-rundlitzen-loetbruecke.jpg\"},{\"@type\":\"BreadcrumbList\",\"@id\":\"https:\/\/few-group.com\/de\/produkte\/heck-und-seitenscheibenanschluesse\/rundlitzenanschluesse\/mit-vorverzinnter-loetbruecke\/#breadcrumb\",\"itemListElement\":[{\"@type\":\"ListItem\",\"position\":1,\"name\":\"Startseite\",\"item\":\"https:\/\/few-group.com\/de\/\"},{\"@type\":\"ListItem\",\"position\":2,\"name\":\"Produkte\",\"item\":\"https:\/\/few-group.com\/de\/produkte\/\"},{\"@type\":\"ListItem\",\"position\":3,\"name\":\"Heck- und Seitenscheibenanschl\u00fcsse\",\"item\":\"https:\/\/few-group.com\/de\/produkte\/heck-und-seitenscheibenanschluesse\/\"},{\"@type\":\"ListItem\",\"position\":4,\"name\":\"Rundlitzenanschl\u00fcsse\",\"item\":\"https:\/\/few-group.com\/de\/produkte\/heck-und-seitenscheibenanschluesse\/rundlitzenanschluesse\/\"},{\"@type\":\"ListItem\",\"position\":5,\"name\":\"mit vorverzinnter L\u00f6tbr\u00fccke\"}]},{\"@type\":\"WebSite\",\"@id\":\"https:\/\/few-group.com\/de\/#website\",\"url\":\"https:\/\/few-group.com\/de\/\",\"name\":\"FEW Automotive Group\",\"description\":\"Customized Glass Connectivity\",\"potentialAction\":[{\"@type\":\"SearchAction\",\"target\":{\"@type\":\"EntryPoint\",\"urlTemplate\":\"https:\/\/few-group.com\/de\/?s={search_term_string}\"},\"query-input\":{\"@type\":\"PropertyValueSpecification\",\"valueRequired\":true,\"valueName\":\"search_term_string\"}}],\"inLanguage\":\"de\"}]}<\/script>\n","yoast_head_json":{"title":"mit vorverzinnter L\u00f6tbr\u00fccke - FEW Automotive Group","robots":{"index":"index","follow":"follow","max-snippet":"max-snippet:-1","max-image-preview":"max-image-preview:large","max-video-preview":"max-video-preview:-1"},"canonical":"https:\/\/few-group.com\/de\/produkte\/heck-und-seitenscheibenanschluesse\/rundlitzenanschluesse\/mit-vorverzinnter-loetbruecke\/","og_locale":"de_DE","og_type":"article","og_title":"mit vorverzinnter L\u00f6tbr\u00fccke - FEW Automotive Group","og_description":"Rundlitzenanschl\u00fcsse mit vorverzinnter L\u00f6tbr\u00fccke Produktmerkmale Prim\u00e4r f\u00fcr den Ein\u00adsatz als Heizfel\u00addan\u00adschluss ste\u00adhen diese Rundl\u00aditzenan\u00adschl\u00fcsse in unter\u00adschiedlichen Vari\u00adanten zur Auswahl. Die hohe Ma\u00df\u00adge\u00adnauigkeit der L\u00f6t\u00adbr\u00fccke, in Kom\u00adbi\u00adna\u00adtion mit einem per\u00adfekt abges\u00adtimmten L\u00f6tzin\u00adnvol\u00adu\u00admen, sind Garant f\u00fcr eine hohe Prozess\u00adf\u00e4higkeit beim&nbsp;L\u00f6ten. Kabel\u00adquer\u00adschnitt: 0,22 mm2&nbsp;bis 6,00 mm2 Kon\u00adtak\u00adte und Geh\u00e4use neu\u00adtral oder mit OEM-Logo vorhan\u00addene Geometrien:&nbsp; L\u00f6t\u00adbr\u00fcck\u00aden 12,0 mm&hellip;","og_url":"https:\/\/few-group.com\/de\/produkte\/heck-und-seitenscheibenanschluesse\/rundlitzenanschluesse\/mit-vorverzinnter-loetbruecke\/","og_site_name":"FEW Automotive Group","article_modified_time":"2017-09-22T13:26:55+00:00","og_image":[{"url":"https:\/\/few-group.com\/wp-content\/uploads\/produkte\/heck-und-seitenscheibenanschluesse\/rundlitzenanschluesse\/vorverzinnte-loetbruecke\/016_Heck_Rund_Lo\u0308tbru\u0308cke_01.jpg","type":"","width":"","height":""}],"twitter_card":"summary_large_image","twitter_misc":{"Gesch\u00e4tzte Lesezeit":"1\u00a0Minute"},"schema":{"@context":"https:\/\/schema.org","@graph":[{"@type":"WebPage","@id":"https:\/\/few-group.com\/de\/produkte\/heck-und-seitenscheibenanschluesse\/rundlitzenanschluesse\/mit-vorverzinnter-loetbruecke\/","url":"https:\/\/few-group.com\/de\/produkte\/heck-und-seitenscheibenanschluesse\/rundlitzenanschluesse\/mit-vorverzinnter-loetbruecke\/","name":"mit vorverzinnter L\u00f6tbr\u00fccke - FEW Automotive Group","isPartOf":{"@id":"https:\/\/few-group.com\/de\/#website"},"primaryImageOfPage":{"@id":"https:\/\/few-group.com\/de\/produkte\/heck-und-seitenscheibenanschluesse\/rundlitzenanschluesse\/mit-vorverzinnter-loetbruecke\/#primaryimage"},"image":{"@id":"https:\/\/few-group.com\/de\/produkte\/heck-und-seitenscheibenanschluesse\/rundlitzenanschluesse\/mit-vorverzinnter-loetbruecke\/#primaryimage"},"thumbnailUrl":"http:\/\/few-group.com\/wp-content\/uploads\/web-allgemein\/header-us-rundlitzen-loetbruecke.jpg","datePublished":"2017-09-18T15:00:24+00:00","dateModified":"2017-09-22T13:26:55+00:00","breadcrumb":{"@id":"https:\/\/few-group.com\/de\/produkte\/heck-und-seitenscheibenanschluesse\/rundlitzenanschluesse\/mit-vorverzinnter-loetbruecke\/#breadcrumb"},"inLanguage":"de","potentialAction":[{"@type":"ReadAction","target":["https:\/\/few-group.com\/de\/produkte\/heck-und-seitenscheibenanschluesse\/rundlitzenanschluesse\/mit-vorverzinnter-loetbruecke\/"]}]},{"@type":"ImageObject","inLanguage":"de","@id":"https:\/\/few-group.com\/de\/produkte\/heck-und-seitenscheibenanschluesse\/rundlitzenanschluesse\/mit-vorverzinnter-loetbruecke\/#primaryimage","url":"http:\/\/few-group.com\/wp-content\/uploads\/web-allgemein\/header-us-rundlitzen-loetbruecke.jpg","contentUrl":"http:\/\/few-group.com\/wp-content\/uploads\/web-allgemein\/header-us-rundlitzen-loetbruecke.jpg"},{"@type":"BreadcrumbList","@id":"https:\/\/few-group.com\/de\/produkte\/heck-und-seitenscheibenanschluesse\/rundlitzenanschluesse\/mit-vorverzinnter-loetbruecke\/#breadcrumb","itemListElement":[{"@type":"ListItem","position":1,"name":"Startseite","item":"https:\/\/few-group.com\/de\/"},{"@type":"ListItem","position":2,"name":"Produkte","item":"https:\/\/few-group.com\/de\/produkte\/"},{"@type":"ListItem","position":3,"name":"Heck- und Seitenscheibenanschl\u00fcsse","item":"https:\/\/few-group.com\/de\/produkte\/heck-und-seitenscheibenanschluesse\/"},{"@type":"ListItem","position":4,"name":"Rundlitzenanschl\u00fcsse","item":"https:\/\/few-group.com\/de\/produkte\/heck-und-seitenscheibenanschluesse\/rundlitzenanschluesse\/"},{"@type":"ListItem","position":5,"name":"mit vorverzinnter L\u00f6tbr\u00fccke"}]},{"@type":"WebSite","@id":"https:\/\/few-group.com\/de\/#website","url":"https:\/\/few-group.com\/de\/","name":"FEW Automotive Group","description":"Customized Glass Connectivity","potentialAction":[{"@type":"SearchAction","target":{"@type":"EntryPoint","urlTemplate":"https:\/\/few-group.com\/de\/?s={search_term_string}"},"query-input":{"@type":"PropertyValueSpecification","valueRequired":true,"valueName":"search_term_string"}}],"inLanguage":"de"}]}},"_links":{"self":[{"href":"https:\/\/few-group.com\/de\/wp-json\/wp\/v2\/pages\/1922","targetHints":{"allow":["GET"]}}],"collection":[{"href":"https:\/\/few-group.com\/de\/wp-json\/wp\/v2\/pages"}],"about":[{"href":"https:\/\/few-group.com\/de\/wp-json\/wp\/v2\/types\/page"}],"author":[{"embeddable":true,"href":"https:\/\/few-group.com\/de\/wp-json\/wp\/v2\/users\/8"}],"replies":[{"embeddable":true,"href":"https:\/\/few-group.com\/de\/wp-json\/wp\/v2\/comments?post=1922"}],"version-history":[{"count":2,"href":"https:\/\/few-group.com\/de\/wp-json\/wp\/v2\/pages\/1922\/revisions"}],"predecessor-version":[{"id":2243,"href":"https:\/\/few-group.com\/de\/wp-json\/wp\/v2\/pages\/1922\/revisions\/2243"}],"up":[{"embeddable":true,"href":"https:\/\/few-group.com\/de\/wp-json\/wp\/v2\/pages\/1928"}],"wp:attachment":[{"href":"https:\/\/few-group.com\/de\/wp-json\/wp\/v2\/media?parent=1922"}],"curies":[{"name":"wp","href":"https:\/\/api.w.org\/{rel}","templated":true}]}}