{"id":1932,"date":"2017-09-18T17:05:03","date_gmt":"2017-09-18T15:05:03","guid":{"rendered":"http:\/\/few-group.com\/?page_id=1932"},"modified":"2025-07-15T11:59:24","modified_gmt":"2025-07-15T09:59:24","slug":"unternehmensprofil","status":"publish","type":"page","link":"https:\/\/few-group.com\/de\/few-automotive-group\/unternehmensprofil\/","title":{"rendered":"Unternehmensprofil"},"content":{"rendered":"\n\n\t\t\t\t<img decoding=\"async\" src=\"http:\/\/few-group.com\/wp-content\/uploads\/web-allgemein\/header-us-few-automotive-group.jpg\" alt=\"header-us-few-automotive-group\" itemprop=\"image\" title=\"header-us-few-automotive-group\" onerror=\"this.style.display='none'\" loading=\"lazy\">\n<h1>\n\t\t\tIhr Experte f\u00fcr Anschl\u00fcsse f\u00fcr Automobilglasscheiben&nbsp;<\/h1>\n\t<h2>Die <span class=\"caps\">FEW<\/span> Automotive Group im Profil<\/h2>\n<p>Die <span class=\"caps\">FEW<\/span> Fahrzeugelek\u00adtrik Werk GmbH &amp; Co. <span class=\"caps\">KG<\/span> \u2014 <span class=\"caps\">FEW<\/span> Auto\u00admo\u00adtive Group -, gegr\u00fcn\u00addet im Jahr 1995, ist ein inter\u00adna\u00adtion\u00adal erfol\u00adgre\u00adich agieren\u00adder Zuliefer\u00adbe\u00adtrieb der Auto\u00admo\u00adbilin\u00addus\u00adtrie. In enger Zusam\u00adme\u00adnar\u00adbeit mit unseren Kun\u00adden fer\u00adti\u00adgen wir als ein\u00ader der weltweit f\u00fchren\u00adden Her\u00adsteller Anschl\u00fcsse f\u00fcr Auto\u00admo\u00adbil\u00adglass\u00adcheiben \u2014 tech\u00adnisch hochw\u00ader\u00adtig und individuell.&nbsp;<\/p>\n<h2>Unsere L\u00f6tanschl\u00fcsse: hochwertige Verbindungen f\u00fcr Heizfelder und Antennen<\/h2>\n<p>Diese vorverzin\u00adnten L\u00f6tan\u00adschl\u00fcsse verbinden das Bor\u00add\u00adnetz und die App\u00adlika\u00adtio\u00adnen f\u00fcr Heizfelder, Anten\u00adnen und Sen\u00adsoren auf Front- und Heckscheiben. Das einzi\u00adgar\u00adtige Know-how von <span class=\"caps\">FEW<\/span> fu\u00dft auf ver\u00adschiede\u00adnen S\u00e4ulen: Wir vere\u00adinen hoch qual\u00adi\u00adfizierte Mitar\u00adbeit\u00ader und leis\u00adtungsstarke Liefer\u00adan\u00adten mit einem \u00fcber\u00addurch\u00adschnit\u00adtlichen Automa\u00adtisierungs\u00adgrad und per\u00adma\u00adnen\u00adter Prozesskontrolle.&nbsp;<\/p>\n<h2>Anschl\u00fcsse f\u00fcr Automobilglasscheiben auf h\u00f6chstem Niveau<\/h2>\n<p>Durch ein ziel\u00adgerichtetes Qual\u00adit\u00e4ts\u00adman\u00adage\u00adment und die indi\u00advidu\u00adelle Abstim\u00admung auf die W\u00fcn\u00adsche unser\u00ader Kun\u00adden gelingt es uns, qual\u00adi\u00adta\u00adtiv her\u00adaus\u00adra\u00adgende Pro\u00adduk\u00adte zu fer\u00adti\u00adgen. Deren schnelle, verbindliche und ter\u00admin\u00adsichere Liefer\u00adung entspricht unserem Selbstverst\u00e4ndnis.&nbsp;<\/p>\n<p>Gerne ste\u00adhen wir auch Ihnen f\u00fcr eine erstk\u00adlas\u00adsige Umset\u00adzung Ihrer Pro\u00adjek\u00adte zur Ver\u00adf\u00fc\u00adgung \u2014 kon\u00adtak\u00adtieren Sie uns einfach.<\/p>\n<h2 id=\"chronik\">\n\t\t\tFirmenchronik&nbsp;<\/h2>\n\n\t<ul>\n\t\t\t\t<li>\n\t\t\t\t\t\t\n\t\t\t\t\n\t\t\t\t\t<p>1995<\/p>\n\t\t\t\t\n\t\t\t\n\t\t\t\t\t\t\n\t\t\t\t\n\t\t\t\t\n\t\t\t\t\t\n\t\t\t\t\t\n\t\t\t\t\t\n\t\t\t\t\t\n\t\t\t\t\t<p>Unternehmensgr\u00fcn\u00addung unter dem Namen Fahrzeugelek\u00adtrik Weimann GmbH<\/p>\n\t\t\t\t\t\n\t\t\t\n\t\t<\/li>\n\t\t\t\t<li>\n\t\t\t\t\t\t\n\t\t\t\t\n\t\t\t\t\t<p>2000<\/p>\n\t\t\t\t\n\t\t\t\n\t\t\t\t\t\t\n\t\t\t\t\n\t\t\t\t\n\t\t\t\t\t\n\t\t\t\t\t\n\t\t\t\t\t\n\t\t\t\t\t\n\t\t\t\t\t<p>Erwerb aller Kun\u00addenkon\u00adtak\u00adte und Maschi\u00adnen vom deutschen Wet\u00adtbe\u00adwer\u00adber&nbsp;<span class=\"caps\">KEVER<\/span><\/p>\n\t\t\t\t\t\n\t\t\t\n\t\t<\/li>\n\t\t\t\t<li>\n\t\t\t\t\t\t\n\t\t\t\t\n\t\t\t\t\t<p>2001<\/p>\n\t\t\t\t\n\t\t\t\n\t\t\t\t\t\t\n\t\t\t\t\n\t\t\t\t\n\t\t\t\t\t\n\t\t\t\t\t\n\t\t\t\t\t\n\t\t\t\t\t\n\t\t\t\t\t<p>Umfir\u00admierung zur Fahrzeugelek\u00adtrik Werk GmbH &amp; Co.&nbsp;<span class=\"caps\">KG<\/span><\/p>\n\t\t\t\t\t\n\t\t\t\n\t\t<\/li>\n\t\t\t\t<li>\n\t\t\t\t\t\t\n\t\t\t\t\n\t\t\t\t\t<p>2004<\/p>\n\t\t\t\t\n\t\t\t\n\t\t\t\t\t\t\n\t\t\t\t\n\t\t\t\t\n\t\t\t\t\t\n\t\t\t\t\t\n\t\t\t\t\t\n\t\t\t\t\t\n\t\t\t\t\t<p>Pro\u00adduk\u00adtions\u00adfl\u00e4che des heuti\u00adgen Haupt\u00adsitzes in Zwenkau wird auf 3.500&nbsp;m\u00b2 verdoppelt<\/p>\n\t\t\t\t\t\n\t\t\t\n\t\t<\/li>\n\t\t\t\t<li>\n\t\t\t\t\t\t\n\t\t\t\t\n\t\t\t\t\t<p>2004<\/p>\n\t\t\t\t\n\t\t\t\n\t\t\t\t\t\t\n\t\t\t\t\n\t\t\t\t\n\t\t\t\t\t\n\t\t\t\t\t\n\t\t\t\t\t\n\t\t\t\t\t\n\t\t\t\t\t<p>Zer\u00adti\u00adfizierung nach <span class=\"caps\">ISO<\/span> <span class=\"caps\">TS<\/span> 16949, <span class=\"caps\">DIN<\/span> <span class=\"caps\">ISO<\/span> 9001 und <span class=\"caps\">DIN<\/span>&nbsp;14001<\/p>\n\t\t\t\t\t\n\t\t\t\n\t\t<\/li>\n\t\t\t\t<li>\n\t\t\t\t\t\t\n\t\t\t\t\n\t\t\t\t\t<p>2005<\/p>\n\t\t\t\t\n\t\t\t\n\t\t\t\t\t\t\n\t\t\t\t\n\t\t\t\t\n\t\t\t\t\t\n\t\t\t\t\t\n\t\t\t\t\t\n\t\t\t\t\t\n\t\t\t\t\t<p>Expan\u00adsion in den US-Markt, erste Kun\u00adden mit Sitz in den <span class=\"caps\">USA<\/span> geben Bestel\u00adlun\u00adgen&nbsp;auf<\/p>\n\t\t\t\t\t\n\t\t\t\n\t\t<\/li>\n\t\t\t\t<li>\n\t\t\t\t\t\t\n\t\t\t\t\n\t\t\t\t\t<p>2005<\/p>\n\t\t\t\t\n\t\t\t\n\t\t\t\t\t\t\n\t\t\t\t\n\t\t\t\t\n\t\t\t\t\t\n\t\t\t\t\t\n\t\t\t\t\t\n\t\t\t\t\t\n\t\t\t\t\t<p>Beginn der Pro\u00adduk\u00adtion von Flach\u00adleit\u00adern f\u00fcr Frontanschl\u00fcsse<\/p>\n\t\t\t\t\t\n\t\t\t\n\t\t<\/li>\n\t\t\t\t<li>\n\t\t\t\t\t\t\n\t\t\t\t\n\t\t\t\t\t<p>2006<\/p>\n\t\t\t\t\n\t\t\t\n\t\t\t\t\t\t\n\t\t\t\t\n\t\t\t\t\n\t\t\t\t\t\n\t\t\t\t\t\n\t\t\t\t\t\n\t\t\t\t\t\n\t\t\t\t\t<p>Mark\u00adtein\u00adtritt in Chi\u00adna, Gr\u00fcn\u00addung eines Vertriebsb\u00fcros<\/p>\n\t\t\t\t\t\n\t\t\t\n\t\t<\/li>\n\t\t\t\t<li>\n\t\t\t\t\t\t\n\t\t\t\t\n\t\t\t\t\t<p>2006<\/p>\n\t\t\t\t\n\t\t\t\n\t\t\t\t\t\t\n\t\t\t\t\n\t\t\t\t\n\t\t\t\t\t\n\t\t\t\t\t\n\t\t\t\t\t\n\t\t\t\t\t\n\t\t\t\t\t<p>Erste eigene L\u00f6t\u00adger\u00e4te und Bleifrei-L\u00f6sun\u00adgen wer\u00adden entwickelt<\/p>\n\t\t\t\t\t\n\t\t\t\n\t\t<\/li>\n\t\t\t\t<li>\n\t\t\t\t\t\t\n\t\t\t\t\n\t\t\t\t\t<p>2009<\/p>\n\t\t\t\t\n\t\t\t\n\t\t\t\t\t\t\n\t\t\t\t\n\t\t\t\t\n\t\t\t\t\t\n\t\t\t\t\t\n\t\t\t\t\t\n\t\t\t\t\t\n\t\t\t\t\t<p>Erweiterung der Pro\u00adduk\u00adtion\u00ads\u00adstan\u00addorte auf Shang\u00adhai (Chi\u00adna), Errich\u00adtung ein\u00ader Verkauf\u00ads\u00adrepr\u00e4sen\u00adtanz in den&nbsp;<span class=\"caps\">USA<\/span><\/p>\n\t\t\t\t\t\n\t\t\t\n\t\t<\/li>\n\t\t\t\t<li>\n\t\t\t\t\t\t\n\t\t\t\t\n\t\t\t\t\t<p>2011<\/p>\n\t\t\t\t\n\t\t\t\n\t\t\t\t\t\t\n\t\t\t\t\n\t\t\t\t\n\t\t\t\t\t\n\t\t\t\t\t\n\t\t\t\t\t\n\t\t\t\t\t\n\t\t\t\t\t<p>Etablierung ein\u00ader hoch automa\u00adtisierten Pro\u00adduk\u00adtion\u00adslin\u00adie f\u00fcr die <span class=\"caps\">USA<\/span> zur Sicherung der Posi\u00adtion des Unternehmens auf dem US-Markt<\/p>\n\t\t\t\t\t\n\t\t\t\n\t\t<\/li>\n\t\t\t\t<li>\n\t\t\t\t\t\t\n\t\t\t\t\n\t\t\t\t\t<p>2012<\/p>\n\t\t\t\t\n\t\t\t\n\t\t\t\t\t\t\n\t\t\t\t\n\t\t\t\t\n\t\t\t\t\t\n\t\t\t\t\t\n\t\t\t\t\t\n\t\t\t\t\t\n\t\t\t\t\t<p>Beteili\u00adgung neuer Gesellschafter (100&nbsp;% der Anteile, kein Pri\u00advate Equity)<\/p>\n\t\t\t\t\t\n\t\t\t\n\t\t<\/li>\n\t\t\t\t<li>\n\t\t\t\t\t\t\n\t\t\t\t\n\t\t\t\t\t<p>2014<\/p>\n\t\t\t\t\n\t\t\t\n\t\t\t\t\t\t\n\t\t\t\t\n\t\t\t\t\n\t\t\t\t\t\n\t\t\t\t\t\n\t\t\t\t\t\n\t\t\t\t\t\n\t\t\t\t\t<p>Erneute Erweiterung der Fl\u00e4che f\u00fcr Pro\u00adduk\u00adtion und Ver\u00adwal\u00adtung am Haupt\u00adsitz Zwenkau auf 4.800&nbsp;m\u00b2<\/p>\n\t\t\t\t\t\n\t\t\t\n\t\t<\/li>\n\t\t\t\t<li>\n\t\t\t\t\t\t\n\t\t\t\t\n\t\t\t\t\t<p>2015<\/p>\n\t\t\t\t\n\t\t\t\n\t\t\t\t\t\t\n\t\t\t\t\n\t\t\t\t\n\t\t\t\t\t\n\t\t\t\t\t\n\t\t\t\t\t\n\t\t\t\t\t\n\t\t\t\t\t<p>Start der Pro\u00adduk\u00adtion von bleifreien Anschl\u00fcssen<\/p>\n\t\t\t\t\t\n\t\t\t\n\t\t<\/li>\n\t\t\t\t<li>\n\t\t\t\t\t\t\n\t\t\t\t\n\t\t\t\t\t<p>2016<\/p>\n\t\t\t\t\n\t\t\t\n\t\t\t\t\t\t\n\t\t\t\t\n\t\t\t\t\n\t\t\t\t\t\n\t\t\t\t\t\n\t\t\t\t\t\n\t\t\t\t\t\n\t\t\t\t\t<p>Verkauf\u00ads\u00adrepr\u00e4sen\u00adtanz in Japan wird gegr\u00fcndet<\/p>\n\t\t\t\t\t\n\t\t\t\n\t\t<\/li>\n\t\t\t\t<li>\n\t\t\t\t\t\t\n\t\t\t\t\n\t\t\t\t\t<p>2016<\/p>\n\t\t\t\t\n\t\t\t\n\t\t\t\t\t\t\n\t\t\t\t\n\t\t\t\t\n\t\t\t\t\t\n\t\t\t\t\t\n\t\t\t\t\t\n\t\t\t\t\t\n\t\t\t\t\t<p>Erweiterung Fl\u00e4che <span class=\"caps\">USA<\/span>&nbsp;Werk<\/p>\n\t\t\t\t\t\n\t\t\t\n\t\t<\/li>\n\t\t\t\t<li>\n\t\t\t\t\t\t\n\t\t\t\t\n\t\t\t\t\t<p>2017<\/p>\n\t\t\t\t\n\t\t\t\n\t\t\t\t\t\t\n\t\t\t\t\n\t\t\t\t\n\t\t\t\t\t\n\t\t\t\t\t\n\t\t\t\t\t\n\t\t\t\t\t\n\t\t\t\t\t<p>Umzug des FEW-Werks in Shang\u00adhai in ein neues Pro\u00adduk\u00adtion\u00ads\u00adge\u00adb\u00e4ude mit erweit\u00adert\u00ader Fl\u00e4che<\/p>\n\t\t\t\t\t\n\t\t\t\n\t\t<\/li>\n\t\t\t<\/ul>\n<h4>\n\t\t\tUnsere Standorte&nbsp;<\/h4>\n\t\t\t\t\t<a href=\"#\" id=\"fl-accordion--label-0\" tabindex=\"0\" aria-controls=\"fl-accordion--panel-0\"><\/a>\n\t\t\t\t\t\t\t\t\t\t\t<a href=\"#\" id=\"fl-accordion--icon-0\" tabindex=\"0\"><i title=\"Collapse\">Col\u00adlapse<\/i><\/a>\n\t\t\t\t\t<p><img loading=\"lazy\" decoding=\"async\" src=\"http:\/\/few-group.com\/wp-content\/uploads\/web-allgemein\/standortkarte-box-de.jpg\" alt=\"Unternehmensprofil\" width=\"309\" height=\"230\"><\/p>\n\n\t\t\t\t\t<a href=\"#\" id=\"fl-accordion--label-1\" tabindex=\"0\" aria-controls=\"fl-accordion--panel-1\"><\/a>\n\t\t\t\t\t\t\t\t\t\t\t<a href=\"#\" id=\"fl-accordion--icon-1\" tabindex=\"0\"><i title=\"Expand\">Expand<\/i><\/a>\n\t\t\t\t\t<p><img loading=\"lazy\" decoding=\"async\" src=\"https:\/\/few-group.com\/wp-content\/uploads\/standorte-box-mexiko.jpg\" alt=\"Unternehmensprofil\" width=\"500\" height=\"373\"><\/p>\n\n\t\t\t\t\t<a href=\"#\" id=\"fl-accordion--label-2\" tabindex=\"0\" aria-controls=\"fl-accordion--panel-2\"><\/a>\n\t\t\t\t\t\t\t\t\t\t\t<a href=\"#\" id=\"fl-accordion--icon-2\" tabindex=\"0\"><i title=\"Expand\">Expand<\/i><\/a>\n\t\t\t\t\t<p><img loading=\"lazy\" decoding=\"async\" src=\"http:\/\/few-group.com\/wp-content\/uploads\/web-allgemein\/standortkarte-box-ch.jpg\" alt=\"Unternehmensprofil\" width=\"309\" height=\"230\"><\/p>\n\n\t\t\t\t\t<a href=\"#\" id=\"fl-accordion--label-3\" tabindex=\"0\" aria-controls=\"fl-accordion--panel-3\"><\/a>\n\t\t\t\t\t\t\t\t\t\t\t<a href=\"#\" id=\"fl-accordion--icon-3\" tabindex=\"0\"><i title=\"Expand\">Expand<\/i><\/a>\n\t\t\t\t\t<p><img loading=\"lazy\" decoding=\"async\" src=\"https:\/\/few-group.com\/wp-content\/uploads\/standorte-box-she.jpg\" alt=\"Unternehmensprofil\" width=\"500\" height=\"373\"><\/p>\n\n\t\t\t\t\t<a href=\"#\" id=\"fl-accordion--label-4\" tabindex=\"0\" aria-controls=\"fl-accordion--panel-4\"><\/a>\n\t\t\t\t\t\t\t\t\t\t\t<a href=\"#\" id=\"fl-accordion--icon-4\" tabindex=\"0\"><i title=\"Expand\">Expand<\/i><\/a>\n\t\t\t\t\t<p><img loading=\"lazy\" decoding=\"async\" src=\"https:\/\/few-group.com\/wp-content\/uploads\/standorte-box-cz.jpg\" alt=\"Unternehmensprofil\" width=\"500\" height=\"373\"><\/p>\n\n\t\t\t\t\t<a href=\"#\" id=\"fl-accordion--label-5\" tabindex=\"0\" aria-controls=\"fl-accordion--panel-5\"><\/a>\n\t\t\t\t\t\t\t\t\t\t\t<a href=\"#\" id=\"fl-accordion--icon-5\" tabindex=\"0\"><i title=\"Expand\">Expand<\/i><\/a>\n\t\t\t\t\t<p>&nbsp;<\/p>\n\n\t\t\t\t\t<a href=\"#\" id=\"fl-accordion--label-6\" tabindex=\"0\" aria-controls=\"fl-accordion--panel-6\"><\/a>\n\t\t\t\t\t\t\t\t\t\t\t<a href=\"#\" id=\"fl-accordion--icon-6\" tabindex=\"0\"><i title=\"Expand\">Expand<\/i><\/a>\n\t\t\t\t\t<p><img loading=\"lazy\" decoding=\"async\" src=\"http:\/\/few-group.com\/wp-content\/uploads\/web-allgemein\/standortkarte-box-jp-vp.jpg\" alt=\"Unternehmensprofil\" width=\"309\" height=\"230\"><\/p>\n\n<h4>\n\t\t\tDownloads&nbsp;<\/h4>\n\t\t<h4>Produktkatalog<\/h4>\n\t\t\t\t<img decoding=\"async\" src=\"http:\/\/few-group.com\/wp-content\/uploads\/web-allgemein\/few-product-catalogue-2.jpg\" alt=\"few-product-catalogue-2\" itemprop=\"image\" title=\"few-product-catalogue-2\" onerror=\"this.style.display='none'\" loading=\"lazy\">\n<p>Laden Sie hier unseren aktuellen Pro\u00adduk\u00adtkat\u00ada\u00adlog herunter.<\/p>\n<p><a href=\"\/wp-content\/uploads\/downloads\/produktkatalog\/FEW-Produktkatalog-de.pdf\" target=\"_blank\" rel=\"noopener\">Pro\u00adduk\u00adtkat\u00ada\u00adlog deutsch<\/a><\/p>\n<p><a href=\"\/wp-content\/uploads\/downloads\/produktkatalog\/FEW-Produktkatalog-en.pdf\" target=\"_blank\" rel=\"noopener\">Pro\u00adduk\u00adtkat\u00ada\u00adlog englisch<\/a><\/p>\n\n","protected":false},"excerpt":{"rendered":"<p>Ihr Experte f\u00fcr Anschl\u00fcsse f\u00fcr Auto\u00admo\u00adbil\u00adglass\u00adcheiben&nbsp; Die <span class=\"caps\">FEW<\/span> Auto\u00admo\u00adtive Group im Pro\u00adfil Die <span class=\"caps\">FEW<\/span> Fahrzeugelek\u00adtrik Werk GmbH &amp; Co. <span class=\"caps\">KG<\/span> \u2014 <span class=\"caps\">FEW<\/span> Auto\u00admo\u00adtive Group -, gegr\u00fcn\u00addet im Jahr 1995, ist ein inter\u00adna\u00adtion\u00adal erfol\u00adgre\u00adich agieren\u00adder Zuliefer\u00adbe\u00adtrieb der Auto\u00admo\u00adbilin\u00addus\u00adtrie. In enger Zusam\u00adme\u00adnar\u00adbeit mit unseren Kun\u00adden fer\u00adti\u00adgen wir als ein\u00ader der weltweit f\u00fchren\u00adden Her\u00adsteller Anschl\u00fcsse f\u00fcr Automobilglasscheiben&nbsp;\u2014\u2026<\/p>\n","protected":false},"author":8,"featured_media":0,"parent":1876,"menu_order":1,"comment_status":"closed","ping_status":"closed","template":"","meta":{"_acf_changed":false,"wp_typography_post_enhancements_disabled":false,"footnotes":""},"class_list":["post-1932","page","type-page","status-publish","hentry"],"acf":[],"yoast_head":"\n<title>Unternehmensprofil - FEW Automotive Group<\/title>\n<meta name=\"robots\" content=\"index, follow, max-snippet:-1, max-image-preview:large, max-video-preview:-1\" \/>\n<link rel=\"canonical\" href=\"https:\/\/few-group.com\/de\/few-automotive-group\/unternehmensprofil\/\" \/>\n<meta property=\"og:locale\" content=\"de_DE\" \/>\n<meta property=\"og:type\" content=\"article\" \/>\n<meta property=\"og:title\" content=\"Unternehmensprofil - FEW Automotive Group\" \/>\n<meta property=\"og:description\" content=\"Ihr Experte f\u00fcr Anschl\u00fcsse f\u00fcr Automobilglasscheiben&nbsp; Die FEW Automotive Group im Profil Die FEW Fahrzeugelek\u00adtrik Werk GmbH &amp; Co. KG \u2014 FEW Auto\u00admo\u00adtive Group -, gegr\u00fcn\u00addet im Jahr 1995, ist ein inter\u00adna\u00adtion\u00adal erfol\u00adgre\u00adich agieren\u00adder Zuliefer\u00adbe\u00adtrieb der Auto\u00admo\u00adbilin\u00addus\u00adtrie. In enger Zusam\u00adme\u00adnar\u00adbeit mit unseren Kun\u00adden fer\u00adti\u00adgen wir als ein\u00ader der weltweit f\u00fchren\u00adden Her\u00adsteller Anschl\u00fcsse f\u00fcr Auto\u00admo\u00adbil\u00adglass\u00adcheiben \u2014&hellip;\" \/>\n<meta property=\"og:url\" content=\"https:\/\/few-group.com\/de\/few-automotive-group\/unternehmensprofil\/\" \/>\n<meta property=\"og:site_name\" content=\"FEW Automotive Group\" \/>\n<meta property=\"article:modified_time\" content=\"2025-07-15T09:59:24+00:00\" \/>\n<meta property=\"og:image\" content=\"http:\/\/few-group.com\/wp-content\/uploads\/web-allgemein\/header-us-few-automotive-group.jpg\" \/>\n<meta name=\"twitter:card\" content=\"summary_large_image\" \/>\n<meta name=\"twitter:label1\" content=\"Gesch\u00e4tzte Lesezeit\" \/>\n\t<meta name=\"twitter:data1\" content=\"2\u00a0Minuten\" \/>\n<script type=\"application\/ld+json\" class=\"yoast-schema-graph\">{\"@context\":\"https:\/\/schema.org\",\"@graph\":[{\"@type\":\"WebPage\",\"@id\":\"https:\/\/few-group.com\/de\/few-automotive-group\/unternehmensprofil\/\",\"url\":\"https:\/\/few-group.com\/de\/few-automotive-group\/unternehmensprofil\/\",\"name\":\"Unternehmensprofil - FEW Automotive Group\",\"isPartOf\":{\"@id\":\"https:\/\/few-group.com\/de\/#website\"},\"primaryImageOfPage\":{\"@id\":\"https:\/\/few-group.com\/de\/few-automotive-group\/unternehmensprofil\/#primaryimage\"},\"image\":{\"@id\":\"https:\/\/few-group.com\/de\/few-automotive-group\/unternehmensprofil\/#primaryimage\"},\"thumbnailUrl\":\"http:\/\/few-group.com\/wp-content\/uploads\/web-allgemein\/header-us-few-automotive-group.jpg\",\"datePublished\":\"2017-09-18T15:05:03+00:00\",\"dateModified\":\"2025-07-15T09:59:24+00:00\",\"breadcrumb\":{\"@id\":\"https:\/\/few-group.com\/de\/few-automotive-group\/unternehmensprofil\/#breadcrumb\"},\"inLanguage\":\"de\",\"potentialAction\":[{\"@type\":\"ReadAction\",\"target\":[\"https:\/\/few-group.com\/de\/few-automotive-group\/unternehmensprofil\/\"]}]},{\"@type\":\"ImageObject\",\"inLanguage\":\"de\",\"@id\":\"https:\/\/few-group.com\/de\/few-automotive-group\/unternehmensprofil\/#primaryimage\",\"url\":\"http:\/\/few-group.com\/wp-content\/uploads\/web-allgemein\/header-us-few-automotive-group.jpg\",\"contentUrl\":\"http:\/\/few-group.com\/wp-content\/uploads\/web-allgemein\/header-us-few-automotive-group.jpg\"},{\"@type\":\"BreadcrumbList\",\"@id\":\"https:\/\/few-group.com\/de\/few-automotive-group\/unternehmensprofil\/#breadcrumb\",\"itemListElement\":[{\"@type\":\"ListItem\",\"position\":1,\"name\":\"Startseite\",\"item\":\"https:\/\/few-group.com\/de\/\"},{\"@type\":\"ListItem\",\"position\":2,\"name\":\"FEW Automotive Group\",\"item\":\"https:\/\/few-group.com\/de\/few-automotive-group\/\"},{\"@type\":\"ListItem\",\"position\":3,\"name\":\"Unternehmensprofil\"}]},{\"@type\":\"WebSite\",\"@id\":\"https:\/\/few-group.com\/de\/#website\",\"url\":\"https:\/\/few-group.com\/de\/\",\"name\":\"FEW Automotive Group\",\"description\":\"Customized Glass Connectivity\",\"potentialAction\":[{\"@type\":\"SearchAction\",\"target\":{\"@type\":\"EntryPoint\",\"urlTemplate\":\"https:\/\/few-group.com\/de\/?s={search_term_string}\"},\"query-input\":{\"@type\":\"PropertyValueSpecification\",\"valueRequired\":true,\"valueName\":\"search_term_string\"}}],\"inLanguage\":\"de\"}]}<\/script>\n","yoast_head_json":{"title":"Unternehmensprofil - FEW Automotive Group","robots":{"index":"index","follow":"follow","max-snippet":"max-snippet:-1","max-image-preview":"max-image-preview:large","max-video-preview":"max-video-preview:-1"},"canonical":"https:\/\/few-group.com\/de\/few-automotive-group\/unternehmensprofil\/","og_locale":"de_DE","og_type":"article","og_title":"Unternehmensprofil - FEW Automotive Group","og_description":"Ihr Experte f\u00fcr Anschl\u00fcsse f\u00fcr Automobilglasscheiben&nbsp; Die FEW Automotive Group im Profil Die FEW Fahrzeugelek\u00adtrik Werk GmbH &amp; Co. KG \u2014 FEW Auto\u00admo\u00adtive Group -, gegr\u00fcn\u00addet im Jahr 1995, ist ein inter\u00adna\u00adtion\u00adal erfol\u00adgre\u00adich agieren\u00adder Zuliefer\u00adbe\u00adtrieb der Auto\u00admo\u00adbilin\u00addus\u00adtrie. In enger Zusam\u00adme\u00adnar\u00adbeit mit unseren Kun\u00adden fer\u00adti\u00adgen wir als ein\u00ader der weltweit f\u00fchren\u00adden Her\u00adsteller Anschl\u00fcsse f\u00fcr Auto\u00admo\u00adbil\u00adglass\u00adcheiben \u2014&hellip;","og_url":"https:\/\/few-group.com\/de\/few-automotive-group\/unternehmensprofil\/","og_site_name":"FEW Automotive Group","article_modified_time":"2025-07-15T09:59:24+00:00","og_image":[{"url":"http:\/\/few-group.com\/wp-content\/uploads\/web-allgemein\/header-us-few-automotive-group.jpg","type":"","width":"","height":""}],"twitter_card":"summary_large_image","twitter_misc":{"Gesch\u00e4tzte Lesezeit":"2\u00a0Minuten"},"schema":{"@context":"https:\/\/schema.org","@graph":[{"@type":"WebPage","@id":"https:\/\/few-group.com\/de\/few-automotive-group\/unternehmensprofil\/","url":"https:\/\/few-group.com\/de\/few-automotive-group\/unternehmensprofil\/","name":"Unternehmensprofil - FEW Automotive Group","isPartOf":{"@id":"https:\/\/few-group.com\/de\/#website"},"primaryImageOfPage":{"@id":"https:\/\/few-group.com\/de\/few-automotive-group\/unternehmensprofil\/#primaryimage"},"image":{"@id":"https:\/\/few-group.com\/de\/few-automotive-group\/unternehmensprofil\/#primaryimage"},"thumbnailUrl":"http:\/\/few-group.com\/wp-content\/uploads\/web-allgemein\/header-us-few-automotive-group.jpg","datePublished":"2017-09-18T15:05:03+00:00","dateModified":"2025-07-15T09:59:24+00:00","breadcrumb":{"@id":"https:\/\/few-group.com\/de\/few-automotive-group\/unternehmensprofil\/#breadcrumb"},"inLanguage":"de","potentialAction":[{"@type":"ReadAction","target":["https:\/\/few-group.com\/de\/few-automotive-group\/unternehmensprofil\/"]}]},{"@type":"ImageObject","inLanguage":"de","@id":"https:\/\/few-group.com\/de\/few-automotive-group\/unternehmensprofil\/#primaryimage","url":"http:\/\/few-group.com\/wp-content\/uploads\/web-allgemein\/header-us-few-automotive-group.jpg","contentUrl":"http:\/\/few-group.com\/wp-content\/uploads\/web-allgemein\/header-us-few-automotive-group.jpg"},{"@type":"BreadcrumbList","@id":"https:\/\/few-group.com\/de\/few-automotive-group\/unternehmensprofil\/#breadcrumb","itemListElement":[{"@type":"ListItem","position":1,"name":"Startseite","item":"https:\/\/few-group.com\/de\/"},{"@type":"ListItem","position":2,"name":"FEW Automotive Group","item":"https:\/\/few-group.com\/de\/few-automotive-group\/"},{"@type":"ListItem","position":3,"name":"Unternehmensprofil"}]},{"@type":"WebSite","@id":"https:\/\/few-group.com\/de\/#website","url":"https:\/\/few-group.com\/de\/","name":"FEW Automotive Group","description":"Customized Glass Connectivity","potentialAction":[{"@type":"SearchAction","target":{"@type":"EntryPoint","urlTemplate":"https:\/\/few-group.com\/de\/?s={search_term_string}"},"query-input":{"@type":"PropertyValueSpecification","valueRequired":true,"valueName":"search_term_string"}}],"inLanguage":"de"}]}},"_links":{"self":[{"href":"https:\/\/few-group.com\/de\/wp-json\/wp\/v2\/pages\/1932","targetHints":{"allow":["GET"]}}],"collection":[{"href":"https:\/\/few-group.com\/de\/wp-json\/wp\/v2\/pages"}],"about":[{"href":"https:\/\/few-group.com\/de\/wp-json\/wp\/v2\/types\/page"}],"author":[{"embeddable":true,"href":"https:\/\/few-group.com\/de\/wp-json\/wp\/v2\/users\/8"}],"replies":[{"embeddable":true,"href":"https:\/\/few-group.com\/de\/wp-json\/wp\/v2\/comments?post=1932"}],"version-history":[{"count":1,"href":"https:\/\/few-group.com\/de\/wp-json\/wp\/v2\/pages\/1932\/revisions"}],"predecessor-version":[{"id":3930,"href":"https:\/\/few-group.com\/de\/wp-json\/wp\/v2\/pages\/1932\/revisions\/3930"}],"up":[{"embeddable":true,"href":"https:\/\/few-group.com\/de\/wp-json\/wp\/v2\/pages\/1876"}],"wp:attachment":[{"href":"https:\/\/few-group.com\/de\/wp-json\/wp\/v2\/media?parent=1932"}],"curies":[{"name":"wp","href":"https:\/\/api.w.org\/{rel}","templated":true}]}}