{"id":1938,"date":"2017-09-18T17:08:47","date_gmt":"2017-09-18T15:08:47","guid":{"rendered":"http:\/\/few-group.com\/?page_id=1938"},"modified":"2025-07-15T12:01:34","modified_gmt":"2025-07-15T10:01:34","slug":"produktentwicklung","status":"publish","type":"page","link":"https:\/\/few-group.com\/de\/few-automotive-group\/produktentwicklung\/","title":{"rendered":"Produktentwicklung"},"content":{"rendered":"\n\n\t\t\t\t<img decoding=\"async\" src=\"http:\/\/few-group.com\/wp-content\/uploads\/web-allgemein\/header-us-produktentwicklung.jpg\" alt=\"header-us-produktentwicklung\" itemprop=\"image\" title=\"header-us-produktentwicklung\" onerror=\"this.style.display='none'\" loading=\"lazy\">\n<h1>\n\t\t\tProduktentwicklung&nbsp;<\/h1>\n\t<h2>Vorverzinnte L\u00f6tanschl\u00fcsse: hochwertig und individuell<\/h2>\n<p>Kernkom\u00adpe\u00adtenz der <span class=\"caps\">FEW<\/span> Auto\u00admo\u00adtive Group ist die Her\u00adstel\u00adlung tech\u00adnisch hochw\u00ader\u00adtiger und indi\u00advidu\u00adeller L\u00f6tan\u00adschl\u00fcsse f\u00fcr Auto\u00admo\u00adbil\u00adglass\u00adcheiben. In enger Zusam\u00adme\u00adnar\u00adbeit mit unseren Kun\u00adden find\u00aden wir L\u00f6sun\u00adgen nach Ma\u00df: spez\u00adi\u00adfisch, einzi\u00adgar\u00adtig und genau den jew\u00adeili\u00adgen Anforderun\u00adgen entsprechend. Wir fer\u00adti\u00adgen vorverzin\u00adnte L\u00f6tan\u00adschl\u00fcsse f\u00fcr Front\u2011, Seit\u00aden- und Heckscheiben in jed\u00ader gew\u00fcn\u00adscht\u00aden Funk\u00adtion\u00adal\u00adit\u00e4t, Form und Gr\u00f6\u00dfe. Hohe Pr\u00e4zi\u00adsion, st\u00e4ndi\u00adge Prozesskon\u00adtrolle und die Ver\u00adwen\u00addung inno\u00adv\u00ada\u00adtiv\u00ader Tech\u00adniken sind dabei f\u00fcr uns Grundvoraussetzung.<\/p>\n<h2>Optimale Bestimmung des L\u00f6tzinnvolumens<\/h2>\n<p>Unser Anliegen ist die best\u00adm\u00f6gliche Umset\u00adzung Ihrer indi\u00advidu\u00adellen W\u00fcn\u00adsche. Entsprechend den Anforderun\u00adgen an das Pro\u00addukt ermit\u00adteln wir deshalb bei der Vorverzin\u00adnung der L\u00f6tan\u00adschl\u00fcsse das per\u00adfek\u00adte L\u00f6tzin\u00adnvol\u00adu\u00admen. Die enge Absprache mit unseren Kun\u00adden sowie die exak\u00adte Umset\u00adzung der geplanten Pro\u00adduk\u00adte sor\u00adgen f\u00fcr eine hohe Prozess\u00adf\u00e4higkeit und sehr gute Weiterverarbeitung.<\/p>\n<h2>Erfolgreiche Entwicklung bleifreier Konnektoren<\/h2>\n<p>Seit dem 1. Jan\u00adu\u00adar 2016 muss gem\u00e4\u00df der EU-Altau\u00adtoverord\u00adnung (Richtlin\u00adie 2000\/53\/<span class=\"caps\">EG<\/span>) bei Model\u00adlan\u00adl\u00e4ufen in der Auto\u00admo\u00adbilin\u00addus\u00adtrie auf die Ver\u00adwen\u00addung von Schw\u00ader\u00admet\u00adallen wie beispiel\u00adsweise Blei verzichtet wer\u00adden. Die <span class=\"caps\">FEW<\/span> Auto\u00admo\u00adtive Group hat eine L\u00f6sung entwick\u00adelt, um Kon\u00adnek\u00adtoren mit bleifreiem L\u00f6tzinn auszus\u00adtat\u00adten. In einem aufwendi\u00adgen Ver\u00adfahren haben wir diese gefer\u00adtigt und gemein\u00adsam mit unseren Kun\u00adden getestet sowie erfol\u00adgre\u00adich einge\u00adset\u00adzt. Die bleifreien L\u00f6tan\u00adschl\u00fcsse geh\u00f6ren inzwis\u00adchen zum Stan\u00addard der Pro\u00adduk\u00adt\u00adpalette und wer\u00adden in engem Aus\u00adtausch mit unseren Kun\u00adden kon\u00adtinuier\u00adlich weiterentwickelt.<\/p>\n\t\t\t\t<img decoding=\"async\" src=\"http:\/\/few-group.com\/wp-content\/uploads\/web-allgemein\/siegel-rohs-1.png\" alt=\"siegel-rohs-1\" itemprop=\"image\" title=\"siegel-rohs-1\" onerror=\"this.style.display='none'\" loading=\"lazy\">\n<h4>\n\t\t\tUnsere Standorte&nbsp;<\/h4>\n\t\t\t\t\t<a href=\"#\" id=\"fl-accordion--label-0\" tabindex=\"0\" aria-controls=\"fl-accordion--panel-0\"><\/a>\n\t\t\t\t\t\t\t\t\t\t\t<a href=\"#\" id=\"fl-accordion--icon-0\" tabindex=\"0\"><i title=\"Collapse\">Col\u00adlapse<\/i><\/a>\n\t\t\t\t\t<p><img loading=\"lazy\" decoding=\"async\" src=\"http:\/\/few-group.com\/wp-content\/uploads\/web-allgemein\/standortkarte-box-de.jpg\" alt=\"Produktentwicklung\" width=\"309\" height=\"230\"><\/p>\n\n\t\t\t\t\t<a href=\"#\" id=\"fl-accordion--label-1\" tabindex=\"0\" aria-controls=\"fl-accordion--panel-1\"><\/a>\n\t\t\t\t\t\t\t\t\t\t\t<a href=\"#\" id=\"fl-accordion--icon-1\" tabindex=\"0\"><i title=\"Expand\">Expand<\/i><\/a>\n\t\t\t\t\t<p><img loading=\"lazy\" decoding=\"async\" src=\"https:\/\/few-group.com\/wp-content\/uploads\/standorte-box-mexiko.jpg\" alt=\"Produktentwicklung\" width=\"500\" height=\"373\"><\/p>\n\n\t\t\t\t\t<a href=\"#\" id=\"fl-accordion--label-2\" tabindex=\"0\" aria-controls=\"fl-accordion--panel-2\"><\/a>\n\t\t\t\t\t\t\t\t\t\t\t<a href=\"#\" id=\"fl-accordion--icon-2\" tabindex=\"0\"><i title=\"Expand\">Expand<\/i><\/a>\n\t\t\t\t\t<p><img loading=\"lazy\" decoding=\"async\" src=\"http:\/\/few-group.com\/wp-content\/uploads\/web-allgemein\/standortkarte-box-ch.jpg\" alt=\"Produktentwicklung\" width=\"309\" height=\"230\"><\/p>\n\n\t\t\t\t\t<a href=\"#\" id=\"fl-accordion--label-3\" tabindex=\"0\" aria-controls=\"fl-accordion--panel-3\"><\/a>\n\t\t\t\t\t\t\t\t\t\t\t<a href=\"#\" id=\"fl-accordion--icon-3\" tabindex=\"0\"><i title=\"Expand\">Expand<\/i><\/a>\n\t\t\t\t\t<p><img loading=\"lazy\" decoding=\"async\" src=\"https:\/\/few-group.com\/wp-content\/uploads\/standorte-box-she.jpg\" alt=\"Produktentwicklung\" width=\"500\" height=\"373\"><\/p>\n\n\t\t\t\t\t<a href=\"#\" id=\"fl-accordion--label-4\" tabindex=\"0\" aria-controls=\"fl-accordion--panel-4\"><\/a>\n\t\t\t\t\t\t\t\t\t\t\t<a href=\"#\" id=\"fl-accordion--icon-4\" tabindex=\"0\"><i title=\"Expand\">Expand<\/i><\/a>\n\t\t\t\t\t<p><img loading=\"lazy\" decoding=\"async\" src=\"https:\/\/few-group.com\/wp-content\/uploads\/standorte-box-cz.jpg\" alt=\"Produktentwicklung\" width=\"500\" height=\"373\"><\/p>\n\n\t\t\t\t\t<a href=\"#\" id=\"fl-accordion--label-5\" tabindex=\"0\" aria-controls=\"fl-accordion--panel-5\"><\/a>\n\t\t\t\t\t\t\t\t\t\t\t<a href=\"#\" id=\"fl-accordion--icon-5\" tabindex=\"0\"><i title=\"Expand\">Expand<\/i><\/a>\n\t\t\t\t\t<p>&nbsp;<\/p>\n\n\t\t\t\t\t<a href=\"#\" id=\"fl-accordion--label-6\" tabindex=\"0\" aria-controls=\"fl-accordion--panel-6\"><\/a>\n\t\t\t\t\t\t\t\t\t\t\t<a href=\"#\" id=\"fl-accordion--icon-6\" tabindex=\"0\"><i title=\"Expand\">Expand<\/i><\/a>\n\t\t\t\t\t<p><img loading=\"lazy\" decoding=\"async\" src=\"http:\/\/few-group.com\/wp-content\/uploads\/web-allgemein\/standortkarte-box-jp-vp.jpg\" alt=\"Produktentwicklung\" width=\"309\" height=\"230\"><\/p>\n\n<h4>\n\t\t\tDownloads&nbsp;<\/h4>\n\t\t<h4>Produktkatalog<\/h4>\n\t\t\t\t<img decoding=\"async\" src=\"http:\/\/few-group.com\/wp-content\/uploads\/web-allgemein\/few-product-catalogue-2.jpg\" alt=\"few-product-catalogue-2\" itemprop=\"image\" title=\"few-product-catalogue-2\" onerror=\"this.style.display='none'\" loading=\"lazy\">\n<p>Laden Sie hier unseren aktuellen Pro\u00adduk\u00adtkat\u00ada\u00adlog herunter.<\/p>\n<p><a href=\"\/wp-content\/uploads\/downloads\/produktkatalog\/FEW-Produktkatalog-de.pdf\" target=\"_blank\" rel=\"noopener\">Pro\u00adduk\u00adtkat\u00ada\u00adlog deutsch<\/a><\/p>\n<p><a href=\"\/wp-content\/uploads\/downloads\/produktkatalog\/FEW-Produktkatalog-en.pdf\" target=\"_blank\" rel=\"noopener\">Pro\u00adduk\u00adtkat\u00ada\u00adlog englisch<\/a><\/p>\n\n","protected":false},"excerpt":{"rendered":"<p>Pro\u00adduk\u00adten\u00adtwick\u00adlung&nbsp; Vorverzin\u00adnte L\u00f6tan\u00adschl\u00fcsse: hochw\u00ader\u00adtig und indi\u00advidu\u00adell Kernkom\u00adpe\u00adtenz der <span class=\"caps\">FEW<\/span> Auto\u00admo\u00adtive Group ist die Her\u00adstel\u00adlung tech\u00adnisch hochw\u00ader\u00adtiger und indi\u00advidu\u00adeller L\u00f6tan\u00adschl\u00fcsse f\u00fcr Auto\u00admo\u00adbil\u00adglass\u00adcheiben. In enger Zusam\u00adme\u00adnar\u00adbeit mit unseren Kun\u00adden find\u00aden wir L\u00f6sun\u00adgen nach Ma\u00df: spez\u00adi\u00adfisch, einzi\u00adgar\u00adtig und genau den jew\u00adeili\u00adgen Anforderun\u00adgen entsprechend. Wir fer\u00adti\u00adgen vorverzin\u00adnte L\u00f6tan\u00adschl\u00fcsse f\u00fcr Front\u2011, Seit\u00aden- und Heckscheiben in jed\u00ader gew\u00fcn\u00adscht\u00aden Funk\u00adtion\u00adal\u00adit\u00e4t, Form&nbsp;und\u2026<\/p>\n","protected":false},"author":8,"featured_media":0,"parent":1876,"menu_order":3,"comment_status":"closed","ping_status":"closed","template":"","meta":{"_acf_changed":false,"wp_typography_post_enhancements_disabled":false,"footnotes":""},"class_list":["post-1938","page","type-page","status-publish","hentry"],"acf":[],"yoast_head":"\n<title>Produktentwicklung - FEW Automotive Group<\/title>\n<meta name=\"robots\" content=\"index, follow, max-snippet:-1, max-image-preview:large, max-video-preview:-1\" \/>\n<link rel=\"canonical\" href=\"https:\/\/few-group.com\/de\/few-automotive-group\/produktentwicklung\/\" \/>\n<meta property=\"og:locale\" content=\"de_DE\" \/>\n<meta property=\"og:type\" content=\"article\" \/>\n<meta property=\"og:title\" content=\"Produktentwicklung - FEW Automotive Group\" \/>\n<meta property=\"og:description\" content=\"Produktentwicklung&nbsp; Vorverzinnte L\u00f6tanschl\u00fcsse: hochwertig und individuell Kernkom\u00adpe\u00adtenz der FEW Auto\u00admo\u00adtive Group ist die Her\u00adstel\u00adlung tech\u00adnisch hochw\u00ader\u00adtiger und indi\u00advidu\u00adeller L\u00f6tan\u00adschl\u00fcsse f\u00fcr Auto\u00admo\u00adbil\u00adglass\u00adcheiben. In enger Zusam\u00adme\u00adnar\u00adbeit mit unseren Kun\u00adden find\u00aden wir L\u00f6sun\u00adgen nach Ma\u00df: spez\u00adi\u00adfisch, einzi\u00adgar\u00adtig und genau den jew\u00adeili\u00adgen Anforderun\u00adgen entsprechend. Wir fer\u00adti\u00adgen vorverzin\u00adnte L\u00f6tan\u00adschl\u00fcsse f\u00fcr Front\u2011, Seit\u00aden- und Heckscheiben in jed\u00ader gew\u00fcn\u00adscht\u00aden Funk\u00adtion\u00adal\u00adit\u00e4t, Form und&hellip;\" \/>\n<meta property=\"og:url\" content=\"https:\/\/few-group.com\/de\/few-automotive-group\/produktentwicklung\/\" \/>\n<meta property=\"og:site_name\" content=\"FEW Automotive Group\" \/>\n<meta property=\"article:modified_time\" content=\"2025-07-15T10:01:34+00:00\" \/>\n<meta property=\"og:image\" content=\"http:\/\/few-group.com\/wp-content\/uploads\/web-allgemein\/header-us-produktentwicklung.jpg\" \/>\n<meta name=\"twitter:card\" content=\"summary_large_image\" \/>\n<meta name=\"twitter:label1\" content=\"Gesch\u00e4tzte Lesezeit\" \/>\n\t<meta name=\"twitter:data1\" content=\"1\u00a0Minute\" \/>\n<script type=\"application\/ld+json\" class=\"yoast-schema-graph\">{\"@context\":\"https:\/\/schema.org\",\"@graph\":[{\"@type\":\"WebPage\",\"@id\":\"https:\/\/few-group.com\/de\/few-automotive-group\/produktentwicklung\/\",\"url\":\"https:\/\/few-group.com\/de\/few-automotive-group\/produktentwicklung\/\",\"name\":\"Produktentwicklung - FEW Automotive Group\",\"isPartOf\":{\"@id\":\"https:\/\/few-group.com\/de\/#website\"},\"primaryImageOfPage\":{\"@id\":\"https:\/\/few-group.com\/de\/few-automotive-group\/produktentwicklung\/#primaryimage\"},\"image\":{\"@id\":\"https:\/\/few-group.com\/de\/few-automotive-group\/produktentwicklung\/#primaryimage\"},\"thumbnailUrl\":\"http:\/\/few-group.com\/wp-content\/uploads\/web-allgemein\/header-us-produktentwicklung.jpg\",\"datePublished\":\"2017-09-18T15:08:47+00:00\",\"dateModified\":\"2025-07-15T10:01:34+00:00\",\"breadcrumb\":{\"@id\":\"https:\/\/few-group.com\/de\/few-automotive-group\/produktentwicklung\/#breadcrumb\"},\"inLanguage\":\"de\",\"potentialAction\":[{\"@type\":\"ReadAction\",\"target\":[\"https:\/\/few-group.com\/de\/few-automotive-group\/produktentwicklung\/\"]}]},{\"@type\":\"ImageObject\",\"inLanguage\":\"de\",\"@id\":\"https:\/\/few-group.com\/de\/few-automotive-group\/produktentwicklung\/#primaryimage\",\"url\":\"http:\/\/few-group.com\/wp-content\/uploads\/web-allgemein\/header-us-produktentwicklung.jpg\",\"contentUrl\":\"http:\/\/few-group.com\/wp-content\/uploads\/web-allgemein\/header-us-produktentwicklung.jpg\"},{\"@type\":\"BreadcrumbList\",\"@id\":\"https:\/\/few-group.com\/de\/few-automotive-group\/produktentwicklung\/#breadcrumb\",\"itemListElement\":[{\"@type\":\"ListItem\",\"position\":1,\"name\":\"Startseite\",\"item\":\"https:\/\/few-group.com\/de\/\"},{\"@type\":\"ListItem\",\"position\":2,\"name\":\"FEW Automotive Group\",\"item\":\"https:\/\/few-group.com\/de\/few-automotive-group\/\"},{\"@type\":\"ListItem\",\"position\":3,\"name\":\"Produktentwicklung\"}]},{\"@type\":\"WebSite\",\"@id\":\"https:\/\/few-group.com\/de\/#website\",\"url\":\"https:\/\/few-group.com\/de\/\",\"name\":\"FEW Automotive Group\",\"description\":\"Customized Glass Connectivity\",\"potentialAction\":[{\"@type\":\"SearchAction\",\"target\":{\"@type\":\"EntryPoint\",\"urlTemplate\":\"https:\/\/few-group.com\/de\/?s={search_term_string}\"},\"query-input\":{\"@type\":\"PropertyValueSpecification\",\"valueRequired\":true,\"valueName\":\"search_term_string\"}}],\"inLanguage\":\"de\"}]}<\/script>\n","yoast_head_json":{"title":"Produktentwicklung - FEW Automotive Group","robots":{"index":"index","follow":"follow","max-snippet":"max-snippet:-1","max-image-preview":"max-image-preview:large","max-video-preview":"max-video-preview:-1"},"canonical":"https:\/\/few-group.com\/de\/few-automotive-group\/produktentwicklung\/","og_locale":"de_DE","og_type":"article","og_title":"Produktentwicklung - FEW Automotive Group","og_description":"Produktentwicklung&nbsp; Vorverzinnte L\u00f6tanschl\u00fcsse: hochwertig und individuell Kernkom\u00adpe\u00adtenz der FEW Auto\u00admo\u00adtive Group ist die Her\u00adstel\u00adlung tech\u00adnisch hochw\u00ader\u00adtiger und indi\u00advidu\u00adeller L\u00f6tan\u00adschl\u00fcsse f\u00fcr Auto\u00admo\u00adbil\u00adglass\u00adcheiben. In enger Zusam\u00adme\u00adnar\u00adbeit mit unseren Kun\u00adden find\u00aden wir L\u00f6sun\u00adgen nach Ma\u00df: spez\u00adi\u00adfisch, einzi\u00adgar\u00adtig und genau den jew\u00adeili\u00adgen Anforderun\u00adgen entsprechend. Wir fer\u00adti\u00adgen vorverzin\u00adnte L\u00f6tan\u00adschl\u00fcsse f\u00fcr Front\u2011, Seit\u00aden- und Heckscheiben in jed\u00ader gew\u00fcn\u00adscht\u00aden Funk\u00adtion\u00adal\u00adit\u00e4t, Form und&hellip;","og_url":"https:\/\/few-group.com\/de\/few-automotive-group\/produktentwicklung\/","og_site_name":"FEW Automotive Group","article_modified_time":"2025-07-15T10:01:34+00:00","og_image":[{"url":"http:\/\/few-group.com\/wp-content\/uploads\/web-allgemein\/header-us-produktentwicklung.jpg","type":"","width":"","height":""}],"twitter_card":"summary_large_image","twitter_misc":{"Gesch\u00e4tzte Lesezeit":"1\u00a0Minute"},"schema":{"@context":"https:\/\/schema.org","@graph":[{"@type":"WebPage","@id":"https:\/\/few-group.com\/de\/few-automotive-group\/produktentwicklung\/","url":"https:\/\/few-group.com\/de\/few-automotive-group\/produktentwicklung\/","name":"Produktentwicklung - FEW Automotive Group","isPartOf":{"@id":"https:\/\/few-group.com\/de\/#website"},"primaryImageOfPage":{"@id":"https:\/\/few-group.com\/de\/few-automotive-group\/produktentwicklung\/#primaryimage"},"image":{"@id":"https:\/\/few-group.com\/de\/few-automotive-group\/produktentwicklung\/#primaryimage"},"thumbnailUrl":"http:\/\/few-group.com\/wp-content\/uploads\/web-allgemein\/header-us-produktentwicklung.jpg","datePublished":"2017-09-18T15:08:47+00:00","dateModified":"2025-07-15T10:01:34+00:00","breadcrumb":{"@id":"https:\/\/few-group.com\/de\/few-automotive-group\/produktentwicklung\/#breadcrumb"},"inLanguage":"de","potentialAction":[{"@type":"ReadAction","target":["https:\/\/few-group.com\/de\/few-automotive-group\/produktentwicklung\/"]}]},{"@type":"ImageObject","inLanguage":"de","@id":"https:\/\/few-group.com\/de\/few-automotive-group\/produktentwicklung\/#primaryimage","url":"http:\/\/few-group.com\/wp-content\/uploads\/web-allgemein\/header-us-produktentwicklung.jpg","contentUrl":"http:\/\/few-group.com\/wp-content\/uploads\/web-allgemein\/header-us-produktentwicklung.jpg"},{"@type":"BreadcrumbList","@id":"https:\/\/few-group.com\/de\/few-automotive-group\/produktentwicklung\/#breadcrumb","itemListElement":[{"@type":"ListItem","position":1,"name":"Startseite","item":"https:\/\/few-group.com\/de\/"},{"@type":"ListItem","position":2,"name":"FEW Automotive Group","item":"https:\/\/few-group.com\/de\/few-automotive-group\/"},{"@type":"ListItem","position":3,"name":"Produktentwicklung"}]},{"@type":"WebSite","@id":"https:\/\/few-group.com\/de\/#website","url":"https:\/\/few-group.com\/de\/","name":"FEW Automotive Group","description":"Customized Glass Connectivity","potentialAction":[{"@type":"SearchAction","target":{"@type":"EntryPoint","urlTemplate":"https:\/\/few-group.com\/de\/?s={search_term_string}"},"query-input":{"@type":"PropertyValueSpecification","valueRequired":true,"valueName":"search_term_string"}}],"inLanguage":"de"}]}},"_links":{"self":[{"href":"https:\/\/few-group.com\/de\/wp-json\/wp\/v2\/pages\/1938","targetHints":{"allow":["GET"]}}],"collection":[{"href":"https:\/\/few-group.com\/de\/wp-json\/wp\/v2\/pages"}],"about":[{"href":"https:\/\/few-group.com\/de\/wp-json\/wp\/v2\/types\/page"}],"author":[{"embeddable":true,"href":"https:\/\/few-group.com\/de\/wp-json\/wp\/v2\/users\/8"}],"replies":[{"embeddable":true,"href":"https:\/\/few-group.com\/de\/wp-json\/wp\/v2\/comments?post=1938"}],"version-history":[{"count":1,"href":"https:\/\/few-group.com\/de\/wp-json\/wp\/v2\/pages\/1938\/revisions"}],"predecessor-version":[{"id":3932,"href":"https:\/\/few-group.com\/de\/wp-json\/wp\/v2\/pages\/1938\/revisions\/3932"}],"up":[{"embeddable":true,"href":"https:\/\/few-group.com\/de\/wp-json\/wp\/v2\/pages\/1876"}],"wp:attachment":[{"href":"https:\/\/few-group.com\/de\/wp-json\/wp\/v2\/media?parent=1938"}],"curies":[{"name":"wp","href":"https:\/\/api.w.org\/{rel}","templated":true}]}}