{"id":1942,"date":"2017-09-18T17:10:27","date_gmt":"2017-09-18T15:10:27","guid":{"rendered":"http:\/\/few-group.com\/?page_id=1942"},"modified":"2017-09-22T15:41:38","modified_gmt":"2017-09-22T13:41:38","slug":"widerstandsloetgeraet","status":"publish","type":"page","link":"https:\/\/few-group.com\/de\/produkte\/loetgeraete\/widerstandsloetgeraet\/","title":{"rendered":"Widerstandsl\u00f6tger\u00e4t"},"content":{"rendered":"<p>\t\t\t\t<img loading=\"lazy\" decoding=\"async\" src=\"http:\/\/few-group.com\/wp-content\/uploads\/web-allgemein\/header-us-handloeter.jpg\" alt=\"header-us-handloeter\" itemprop=\"image\" height=\"320\" width=\"1240\"><\/p>\n<h1>\n\t\tWiderstandsl\u00f6tger\u00e4t<br>\n\t<\/h1>\n<h3>\n\t\tProduktmerkmale<br>\n\t<\/h3>\n<p>Das eigens von <span class=\"caps\">FEW<\/span> entwick\u00adelte Wider\u00adstand\u00adsl\u00f6t\u00adger\u00e4t kann dank seines mod\u00adu\u00adlaren&nbsp;Auf\u00adbaus den kun\u00adden\u00adspez\u00adi\u00adfis\u00adchen Anforderun\u00adgen entsprechend angepasst wer\u00adden. Hal\u00adbau\u00adtoma\u00adtisiert lassen sich Anschl\u00fcsse sowohl mit niedrigem Zin\u00adnvol\u00adu\u00admen,&nbsp;wie beispiel\u00adsweise Aderend\u00adh\u00fclsen, als auch Stanzteile mit gro\u00dfem Zin\u00adnvol\u00adu\u00admen aufl\u00f6ten. Die paten\u00adtierten, ver\u00adschlei\u00dfar\u00admen Elek\u00adtro\u00adden sor\u00adgen f\u00fcr ver\u00adl\u00e4ngerte Ser\u00advice-Inter\u00advalle und eine zus\u00e4t\u00adzliche&nbsp;Sta\u00adbil\u00adisierung des L\u00f6tprozesses.<\/p>\n<ul>\n<li>voll\u00adst\u00e4ndi\u00adges, autarkes System<\/li>\n<li>Net\u00adzs\u00adpan\u00adnung: kom\u00adpat\u00adi\u00adbel zu 120 V und 230&nbsp;V<\/li>\n<li>Spe\u00adich\u00adern und Abrufen divers\u00ader L\u00f6tprogramme<\/li>\n<li>hal\u00adbau\u00adtoma\u00adtisiert f\u00fcr hohe Reproduzierbarkeit<\/li>\n<li>inte\u00adgri\u00aderte K\u00fchlsys\u00adteme f\u00fcr hochfre\u00adquente&nbsp;Nutzung<\/li>\n<li>inklu\u00adsive Saugh\u00adal\u00adterung f\u00fcr die Opti\u00admierung des&nbsp;L\u00f6tablaufes, z. B. zur Ver\u00admei\u00addung von kalten&nbsp;L\u00f6t\u00adstellen und Ver\u00adringerung von Taktzeiten<\/li>\n<li><span class=\"caps\">EMV<\/span> gepr\u00fcft und mit CE-Zertifikat<\/li>\n<\/ul>\n\n\t\t<style>\n\t\t\t#gallery-1 {\n\t\t\t\tmargin: auto;\n\t\t\t}\n\t\t\t#gallery-1 .gallery-item {\n\t\t\t\tfloat: left;\n\t\t\t\tmargin-top: 10px;\n\t\t\t\ttext-align: center;\n\t\t\t\twidth: 100%;\n\t\t\t}\n\t\t\t#gallery-1 img {\n\t\t\t\tborder: 2px solid #cfcfcf;\n\t\t\t}\n\t\t\t#gallery-1 .gallery-caption {\n\t\t\t\tmargin-left: 0;\n\t\t\t}\n\t\t\t\/* see gallery_shortcode() in wp-includes\/media.php *\/\n\t\t<\/style>\n\t\t<div id=\"gallery-1\" class=\"gallery galleryid-1942 gallery-columns-1 gallery-size-large\"><dl class=\"gallery-item\">\n\t\t\t<dt class=\"gallery-icon landscape\">\n\t\t\t\t<a href=\"https:\/\/few-group.com\/de\/handloeter-2\/\"><img loading=\"lazy\" decoding=\"async\" width=\"800\" height=\"600\" src=\"https:\/\/few-group.com\/wp-content\/uploads\/produkte\/loetstation\/Handloeter.jpg\" class=\"attachment-large size-large\" alt=\"Widerstandsl\u00f6tger\u00e4t\" srcset=\"https:\/\/few-group.com\/wp-content\/uploads\/produkte\/loetstation\/Handloeter.jpg 800w, https:\/\/few-group.com\/wp-content\/uploads\/produkte\/loetstation\/Handloeter-88x66.jpg 88w, https:\/\/few-group.com\/wp-content\/uploads\/produkte\/loetstation\/Handloeter-300x225.jpg 300w, https:\/\/few-group.com\/wp-content\/uploads\/produkte\/loetstation\/Handloeter-768x576.jpg 768w\" sizes=\"auto, (max-width: 800px) 100vw, 800px\" title=\"Widerstandsl\u00f6tger\u00e4t\"><\/a>\n\t\t\t<\/dt><\/dl><br style=\"clear: both\">\n\t\t<\/div>\n\n<h4>\n\t\tUnsere Produkte<br>\n\t<\/h4>\n<h4>\n\t\tDownloads<br>\n\t<\/h4>\n<h4>Produktkatalog<\/h4>\n<p>\t\t\t\t<img loading=\"lazy\" decoding=\"async\" src=\"http:\/\/few-group.com\/wp-content\/uploads\/web-allgemein\/few-product-catalogue-2.jpg\" alt=\"few-product-catalogue-2\" itemprop=\"image\" height=\"600\" width=\"800\"><\/p>\n<p style=\"text-align: left;\">Laden Sie hier unseren aktuellen Pro\u00adduk\u00adtkat\u00ada\u00adlog herunter.<\/p>\n<p><a href=\"\/wp-content\/uploads\/downloads\/produktkatalog\/few-produktkatalog-de.pdf\" target=\"_blank\" rel=\"noopener\">Pro\u00adduk\u00adtkat\u00ada\u00adlog deutsch<\/a><\/p>\n<p><a href=\"\/wp-content\/uploads\/downloads\/produktkatalog\/few-produktkatalog-en.pdf\" target=\"_blank\" rel=\"noopener\">Pro\u00adduk\u00adtkat\u00ada\u00adlog englisch<\/a><\/p>\n","protected":false},"excerpt":{"rendered":"<p>Wider\u00adstand\u00adsl\u00f6t\u00adger\u00e4t Pro\u00adduk\u00adt\u00admerk\u00admale Das eigens von <span class=\"caps\">FEW<\/span> entwick\u00adelte Wider\u00adstand\u00adsl\u00f6t\u00adger\u00e4t kann dank seines mod\u00adu\u00adlaren&nbsp;Auf\u00adbaus den kun\u00adden\u00adspez\u00adi\u00adfis\u00adchen Anforderun\u00adgen entsprechend angepasst wer\u00adden. Hal\u00adbau\u00adtoma\u00adtisiert lassen sich Anschl\u00fcsse sowohl mit niedrigem Zin\u00adnvol\u00adu\u00admen,&nbsp;wie beispiel\u00adsweise Aderend\u00adh\u00fclsen, als auch Stanzteile mit gro\u00dfem Zin\u00adnvol\u00adu\u00admen aufl\u00f6ten. Die paten\u00adtierten, ver\u00adschlei\u00dfar\u00admen Elek\u00adtro\u00adden sor\u00adgen f\u00fcr ver\u00adl\u00e4ngerte Ser\u00advice-Inter\u00ad\u00ad\u00advalle und eine zus\u00e4t\u00adzliche&nbsp;Sta\u00adbil\u00adisierung des L\u00f6t\u00adprozess\u00ades. voll\u00adst\u00e4ndi\u00adges, autarkes Sys\u00adtem Net\u00adzs\u00adpan\u00adnung: kom\u00adpat\u00adi\u00adbel zu&nbsp;120\u2026<\/p>\n","protected":false},"author":8,"featured_media":0,"parent":1918,"menu_order":1,"comment_status":"closed","ping_status":"closed","template":"","meta":{"_acf_changed":false,"wp_typography_post_enhancements_disabled":false,"footnotes":""},"class_list":["post-1942","page","type-page","status-publish","hentry"],"acf":[],"yoast_head":"\n<title>Widerstandsl\u00f6tger\u00e4t - FEW Automotive Group<\/title>\n<meta name=\"robots\" content=\"index, follow, max-snippet:-1, max-image-preview:large, max-video-preview:-1\" \/>\n<link rel=\"canonical\" href=\"https:\/\/few-group.com\/de\/produkte\/loetgeraete\/widerstandsloetgeraet\/\" \/>\n<meta property=\"og:locale\" content=\"de_DE\" \/>\n<meta property=\"og:type\" content=\"article\" \/>\n<meta property=\"og:title\" content=\"Widerstandsl\u00f6tger\u00e4t - FEW Automotive Group\" \/>\n<meta property=\"og:description\" content=\"Widerstandsl\u00f6tger\u00e4t Produktmerkmale Das eigens von FEW entwick\u00adelte Wider\u00adstand\u00adsl\u00f6t\u00adger\u00e4t kann dank seines mod\u00adu\u00adlaren&nbsp;Auf\u00adbaus den kun\u00adden\u00adspez\u00adi\u00adfis\u00adchen Anforderun\u00adgen entsprechend angepasst wer\u00adden. Hal\u00adbau\u00adtoma\u00adtisiert lassen sich Anschl\u00fcsse sowohl mit niedrigem Zin\u00adnvol\u00adu\u00admen,&nbsp;wie beispiel\u00adsweise Aderend\u00adh\u00fclsen, als auch Stanzteile mit gro\u00dfem Zin\u00adnvol\u00adu\u00admen aufl\u00f6ten. Die paten\u00adtierten, ver\u00adschlei\u00dfar\u00admen Elek\u00adtro\u00adden sor\u00adgen f\u00fcr ver\u00adl\u00e4ngerte Ser\u00advice-Inter\u00advalle und eine zus\u00e4t\u00adzliche&nbsp;Sta\u00adbil\u00adisierung des L\u00f6tprozesses. voll\u00adst\u00e4ndi\u00adges, autarkes System Net\u00adzs\u00adpan\u00adnung: kom\u00adpat\u00adi\u00adbel zu 120&hellip;\" \/>\n<meta property=\"og:url\" content=\"https:\/\/few-group.com\/de\/produkte\/loetgeraete\/widerstandsloetgeraet\/\" \/>\n<meta property=\"og:site_name\" content=\"FEW Automotive Group\" \/>\n<meta property=\"article:modified_time\" content=\"2017-09-22T13:41:38+00:00\" \/>\n<meta property=\"og:image\" content=\"https:\/\/few-group.com\/wp-content\/uploads\/produkte\/loetstation\/Handloeter.jpg\" \/>\n<meta name=\"twitter:card\" content=\"summary_large_image\" \/>\n<meta name=\"twitter:label1\" content=\"Gesch\u00e4tzte Lesezeit\" \/>\n\t<meta name=\"twitter:data1\" content=\"1\u00a0Minute\" \/>\n<script type=\"application\/ld+json\" class=\"yoast-schema-graph\">{\"@context\":\"https:\/\/schema.org\",\"@graph\":[{\"@type\":\"WebPage\",\"@id\":\"https:\/\/few-group.com\/de\/produkte\/loetgeraete\/widerstandsloetgeraet\/\",\"url\":\"https:\/\/few-group.com\/de\/produkte\/loetgeraete\/widerstandsloetgeraet\/\",\"name\":\"Widerstandsl\u00f6tger\u00e4t - FEW Automotive Group\",\"isPartOf\":{\"@id\":\"https:\/\/few-group.com\/de\/#website\"},\"primaryImageOfPage\":{\"@id\":\"https:\/\/few-group.com\/de\/produkte\/loetgeraete\/widerstandsloetgeraet\/#primaryimage\"},\"image\":{\"@id\":\"https:\/\/few-group.com\/de\/produkte\/loetgeraete\/widerstandsloetgeraet\/#primaryimage\"},\"thumbnailUrl\":\"http:\/\/few-group.com\/wp-content\/uploads\/web-allgemein\/header-us-handloeter.jpg\",\"datePublished\":\"2017-09-18T15:10:27+00:00\",\"dateModified\":\"2017-09-22T13:41:38+00:00\",\"breadcrumb\":{\"@id\":\"https:\/\/few-group.com\/de\/produkte\/loetgeraete\/widerstandsloetgeraet\/#breadcrumb\"},\"inLanguage\":\"de\",\"potentialAction\":[{\"@type\":\"ReadAction\",\"target\":[\"https:\/\/few-group.com\/de\/produkte\/loetgeraete\/widerstandsloetgeraet\/\"]}]},{\"@type\":\"ImageObject\",\"inLanguage\":\"de\",\"@id\":\"https:\/\/few-group.com\/de\/produkte\/loetgeraete\/widerstandsloetgeraet\/#primaryimage\",\"url\":\"http:\/\/few-group.com\/wp-content\/uploads\/web-allgemein\/header-us-handloeter.jpg\",\"contentUrl\":\"http:\/\/few-group.com\/wp-content\/uploads\/web-allgemein\/header-us-handloeter.jpg\"},{\"@type\":\"BreadcrumbList\",\"@id\":\"https:\/\/few-group.com\/de\/produkte\/loetgeraete\/widerstandsloetgeraet\/#breadcrumb\",\"itemListElement\":[{\"@type\":\"ListItem\",\"position\":1,\"name\":\"Startseite\",\"item\":\"https:\/\/few-group.com\/de\/\"},{\"@type\":\"ListItem\",\"position\":2,\"name\":\"Produkte\",\"item\":\"https:\/\/few-group.com\/de\/produkte\/\"},{\"@type\":\"ListItem\",\"position\":3,\"name\":\"L\u00f6tger\u00e4te\",\"item\":\"https:\/\/few-group.com\/de\/produkte\/loetgeraete\/\"},{\"@type\":\"ListItem\",\"position\":4,\"name\":\"Widerstandsl\u00f6tger\u00e4t\"}]},{\"@type\":\"WebSite\",\"@id\":\"https:\/\/few-group.com\/de\/#website\",\"url\":\"https:\/\/few-group.com\/de\/\",\"name\":\"FEW Automotive Group\",\"description\":\"Customized Glass Connectivity\",\"potentialAction\":[{\"@type\":\"SearchAction\",\"target\":{\"@type\":\"EntryPoint\",\"urlTemplate\":\"https:\/\/few-group.com\/de\/?s={search_term_string}\"},\"query-input\":{\"@type\":\"PropertyValueSpecification\",\"valueRequired\":true,\"valueName\":\"search_term_string\"}}],\"inLanguage\":\"de\"}]}<\/script>\n","yoast_head_json":{"title":"Widerstandsl\u00f6tger\u00e4t - FEW Automotive Group","robots":{"index":"index","follow":"follow","max-snippet":"max-snippet:-1","max-image-preview":"max-image-preview:large","max-video-preview":"max-video-preview:-1"},"canonical":"https:\/\/few-group.com\/de\/produkte\/loetgeraete\/widerstandsloetgeraet\/","og_locale":"de_DE","og_type":"article","og_title":"Widerstandsl\u00f6tger\u00e4t - FEW Automotive Group","og_description":"Widerstandsl\u00f6tger\u00e4t Produktmerkmale Das eigens von FEW entwick\u00adelte Wider\u00adstand\u00adsl\u00f6t\u00adger\u00e4t kann dank seines mod\u00adu\u00adlaren&nbsp;Auf\u00adbaus den kun\u00adden\u00adspez\u00adi\u00adfis\u00adchen Anforderun\u00adgen entsprechend angepasst wer\u00adden. Hal\u00adbau\u00adtoma\u00adtisiert lassen sich Anschl\u00fcsse sowohl mit niedrigem Zin\u00adnvol\u00adu\u00admen,&nbsp;wie beispiel\u00adsweise Aderend\u00adh\u00fclsen, als auch Stanzteile mit gro\u00dfem Zin\u00adnvol\u00adu\u00admen aufl\u00f6ten. Die paten\u00adtierten, ver\u00adschlei\u00dfar\u00admen Elek\u00adtro\u00adden sor\u00adgen f\u00fcr ver\u00adl\u00e4ngerte Ser\u00advice-Inter\u00advalle und eine zus\u00e4t\u00adzliche&nbsp;Sta\u00adbil\u00adisierung des L\u00f6tprozesses. voll\u00adst\u00e4ndi\u00adges, autarkes System Net\u00adzs\u00adpan\u00adnung: kom\u00adpat\u00adi\u00adbel zu 120&hellip;","og_url":"https:\/\/few-group.com\/de\/produkte\/loetgeraete\/widerstandsloetgeraet\/","og_site_name":"FEW Automotive Group","article_modified_time":"2017-09-22T13:41:38+00:00","og_image":[{"url":"https:\/\/few-group.com\/wp-content\/uploads\/produkte\/loetstation\/Handloeter.jpg","type":"","width":"","height":""}],"twitter_card":"summary_large_image","twitter_misc":{"Gesch\u00e4tzte Lesezeit":"1\u00a0Minute"},"schema":{"@context":"https:\/\/schema.org","@graph":[{"@type":"WebPage","@id":"https:\/\/few-group.com\/de\/produkte\/loetgeraete\/widerstandsloetgeraet\/","url":"https:\/\/few-group.com\/de\/produkte\/loetgeraete\/widerstandsloetgeraet\/","name":"Widerstandsl\u00f6tger\u00e4t - FEW Automotive Group","isPartOf":{"@id":"https:\/\/few-group.com\/de\/#website"},"primaryImageOfPage":{"@id":"https:\/\/few-group.com\/de\/produkte\/loetgeraete\/widerstandsloetgeraet\/#primaryimage"},"image":{"@id":"https:\/\/few-group.com\/de\/produkte\/loetgeraete\/widerstandsloetgeraet\/#primaryimage"},"thumbnailUrl":"http:\/\/few-group.com\/wp-content\/uploads\/web-allgemein\/header-us-handloeter.jpg","datePublished":"2017-09-18T15:10:27+00:00","dateModified":"2017-09-22T13:41:38+00:00","breadcrumb":{"@id":"https:\/\/few-group.com\/de\/produkte\/loetgeraete\/widerstandsloetgeraet\/#breadcrumb"},"inLanguage":"de","potentialAction":[{"@type":"ReadAction","target":["https:\/\/few-group.com\/de\/produkte\/loetgeraete\/widerstandsloetgeraet\/"]}]},{"@type":"ImageObject","inLanguage":"de","@id":"https:\/\/few-group.com\/de\/produkte\/loetgeraete\/widerstandsloetgeraet\/#primaryimage","url":"http:\/\/few-group.com\/wp-content\/uploads\/web-allgemein\/header-us-handloeter.jpg","contentUrl":"http:\/\/few-group.com\/wp-content\/uploads\/web-allgemein\/header-us-handloeter.jpg"},{"@type":"BreadcrumbList","@id":"https:\/\/few-group.com\/de\/produkte\/loetgeraete\/widerstandsloetgeraet\/#breadcrumb","itemListElement":[{"@type":"ListItem","position":1,"name":"Startseite","item":"https:\/\/few-group.com\/de\/"},{"@type":"ListItem","position":2,"name":"Produkte","item":"https:\/\/few-group.com\/de\/produkte\/"},{"@type":"ListItem","position":3,"name":"L\u00f6tger\u00e4te","item":"https:\/\/few-group.com\/de\/produkte\/loetgeraete\/"},{"@type":"ListItem","position":4,"name":"Widerstandsl\u00f6tger\u00e4t"}]},{"@type":"WebSite","@id":"https:\/\/few-group.com\/de\/#website","url":"https:\/\/few-group.com\/de\/","name":"FEW Automotive Group","description":"Customized Glass Connectivity","potentialAction":[{"@type":"SearchAction","target":{"@type":"EntryPoint","urlTemplate":"https:\/\/few-group.com\/de\/?s={search_term_string}"},"query-input":{"@type":"PropertyValueSpecification","valueRequired":true,"valueName":"search_term_string"}}],"inLanguage":"de"}]}},"_links":{"self":[{"href":"https:\/\/few-group.com\/de\/wp-json\/wp\/v2\/pages\/1942","targetHints":{"allow":["GET"]}}],"collection":[{"href":"https:\/\/few-group.com\/de\/wp-json\/wp\/v2\/pages"}],"about":[{"href":"https:\/\/few-group.com\/de\/wp-json\/wp\/v2\/types\/page"}],"author":[{"embeddable":true,"href":"https:\/\/few-group.com\/de\/wp-json\/wp\/v2\/users\/8"}],"replies":[{"embeddable":true,"href":"https:\/\/few-group.com\/de\/wp-json\/wp\/v2\/comments?post=1942"}],"version-history":[{"count":2,"href":"https:\/\/few-group.com\/de\/wp-json\/wp\/v2\/pages\/1942\/revisions"}],"predecessor-version":[{"id":2248,"href":"https:\/\/few-group.com\/de\/wp-json\/wp\/v2\/pages\/1942\/revisions\/2248"}],"up":[{"embeddable":true,"href":"https:\/\/few-group.com\/de\/wp-json\/wp\/v2\/pages\/1918"}],"wp:attachment":[{"href":"https:\/\/few-group.com\/de\/wp-json\/wp\/v2\/media?parent=1942"}],"curies":[{"name":"wp","href":"https:\/\/api.w.org\/{rel}","templated":true}]}}