{"id":2315,"date":"2017-10-17T09:28:53","date_gmt":"2017-10-17T07:28:53","guid":{"rendered":"http:\/\/few-group.com\/company-profile\/"},"modified":"2024-07-04T11:48:35","modified_gmt":"2024-07-04T09:48:35","slug":"company-profile","status":"publish","type":"page","link":"https:\/\/few-group.com\/en\/few-automotive-group\/company-profile\/","title":{"rendered":"Company Profile"},"content":{"rendered":"\n\n\t\t\t\t<img decoding=\"async\" src=\"https:\/\/few-group.com\/wp-content\/uploads\/web-allgemein\/header-us-few-automotive-group.jpg\" alt=\"header-us-few-automotive-group\" itemprop=\"image\" title=\"header-us-few-automotive-group\" onerror=\"this.style.display='none'\">\n<h1>\n\t\tYour experts for connections for automotive glass panels&nbsp;<\/h1>\n\t<h2>The <span class=\"caps\">FEW<\/span> Automotive Group in profile<\/h2>\n<p><span class=\"caps\">FEW<\/span> Fahrzeugelek\u00adtrik Werk GmbH &amp; Co. <span class=\"caps\">KG<\/span> \u2014 <span class=\"caps\">FEW<\/span> Auto\u00admo\u00adtive Group -, found\u00aded in 1995, is a suc\u00adcess\u00adful and inter\u00adna\u00adtion\u00adal\u00adly active sup\u00adpli\u00ader for the auto\u00admo\u00adtive indus\u00adtry. We, as one of the lead\u00ading glob\u00adal man\u00adu\u00adfac\u00adtur\u00aders of con\u00adnec\u00adtions for auto\u00admo\u00adtive glass pan\u00adels, work close\u00adly with our cus\u00adtomers to make tech\u00adni\u00adcal\u00adly high-qual\u00adi\u00adty, cus\u00adtomized products.&nbsp;<\/p>\n<h2>Our soldering connectors: High-quality connections for heating panels and antennas<\/h2>\n<p>These pre-sol\u00addered con\u00adnec\u00adtors con\u00adnect the elec\u00adtri\u00adcal sys\u00adtem and the appli\u00adca\u00adtions for heat\u00ading pan\u00adels, anten\u00adnas and sen\u00adsors on wind\u00adshields and back\u00adlites. The unique exper\u00adtise of <span class=\"caps\">FEW<\/span> is based on var\u00adi\u00adous pil\u00adlars: We bring high\u00adly qual\u00adi\u00adfied employ\u00adees and high-per\u00adfor\u00admance sup\u00adpli\u00aders togeth\u00ader with an above-aver\u00adage lev\u00adel of automa\u00adtion and a con\u00adtin\u00adu\u00adous process control.&nbsp;<\/p>\n<h2>Connections for automotive glass panels at the highest level<\/h2>\n<p>We suc\u00adceed in mak\u00ading supe\u00adri\u00ador prod\u00aducts through a tar\u00adget\u00aded qual\u00adi\u00adty man\u00adage\u00adment sys\u00adtem and indi\u00advid\u00adu\u00adal\u00adized adjust\u00adment to cus\u00adtomer requests. Quick, bind\u00ading and dead\u00adline-dri\u00adven deliv\u00adery of those prod\u00aducts of course goes with\u00adout say\u00ading for&nbsp;us.&nbsp;<\/p>\n<p>We are glad\u00adly avail\u00adable to you for a first-class imple\u00admen\u00adta\u00adtion of your projects \u2014 just con\u00adtact&nbsp;us!<\/p>\n<h2>\n\t\tCompany history&nbsp;<\/h2>\n\n\t<ul>\n\t\t\t\t<li>\n\t\t\t\t\t\t\n\t\t\t\t\n\t\t\t\t\t<p>1995<\/p>\n\t\t\t\t\n\t\t\t\n\t\t\t\t\t\t\n\t\t\t\t\n\t\t\t\t\n\t\t\t\t\t\n\t\t\t\t\t\n\t\t\t\t\t\n\t\t\t\t\t\n\t\t\t\t\t<p>Com\u00adpa\u00adny is found\u00aded under the name Fahrzeugelek\u00adtrik Weimann GmbH<\/p>\n\t\t\t\t\t\n\t\t\t\n\t\t<\/li>\n\t\t\t\t<li>\n\t\t\t\t\t\t\n\t\t\t\t\n\t\t\t\t\t<p>2000<\/p>\n\t\t\t\t\n\t\t\t\n\t\t\t\t\t\t\n\t\t\t\t\n\t\t\t\t\n\t\t\t\t\t\n\t\t\t\t\t\n\t\t\t\t\t\n\t\t\t\t\t\n\t\t\t\t\t<p>Acqui\u00adsi\u00adtion of all cus\u00adtomer con\u00adtacts and machines from Ger\u00adman com\u00adpeti\u00adtor&nbsp;<span class=\"caps\">KEVER<\/span><\/p>\n\t\t\t\t\t\n\t\t\t\n\t\t<\/li>\n\t\t\t\t<li>\n\t\t\t\t\t\t\n\t\t\t\t\n\t\t\t\t\t<p>2001<\/p>\n\t\t\t\t\n\t\t\t\n\t\t\t\t\t\t\n\t\t\t\t\n\t\t\t\t\n\t\t\t\t\t\n\t\t\t\t\t\n\t\t\t\t\t\n\t\t\t\t\t\n\t\t\t\t\t<p>Change of name to Fahrzeugelek\u00adtrik Werk GmbH &amp; Co.&nbsp;<span class=\"caps\">KG<\/span><\/p>\n\t\t\t\t\t\n\t\t\t\n\t\t<\/li>\n\t\t\t\t<li>\n\t\t\t\t\t\t\n\t\t\t\t\n\t\t\t\t\t<p>2004<\/p>\n\t\t\t\t\n\t\t\t\n\t\t\t\t\t\t\n\t\t\t\t\n\t\t\t\t\n\t\t\t\t\t\n\t\t\t\t\t\n\t\t\t\t\t\n\t\t\t\t\t\n\t\t\t\t\t<p>Pro\u00adduc\u00adtion area of the cur\u00adrent head\u00adquar\u00adters in Zwenkau is dou\u00adbled to 3,500&nbsp;m\u00b2<\/p>\n\t\t\t\t\t\n\t\t\t\n\t\t<\/li>\n\t\t\t\t<li>\n\t\t\t\t\t\t\n\t\t\t\t\n\t\t\t\t\t<p>2004<\/p>\n\t\t\t\t\n\t\t\t\n\t\t\t\t\t\t\n\t\t\t\t\n\t\t\t\t\n\t\t\t\t\t\n\t\t\t\t\t\n\t\t\t\t\t\n\t\t\t\t\t\n\t\t\t\t\t<p>Cer\u00adti\u00adfi\u00adca\u00adtion accord\u00ading to <span class=\"caps\">ISO<\/span>&nbsp;<span class=\"caps\">TS<\/span>&nbsp;16949, <span class=\"caps\">DIN<\/span>&nbsp;<span class=\"caps\">ISO<\/span>&nbsp;9001 and <span class=\"caps\">DIN<\/span>&nbsp;14001<\/p>\n\t\t\t\t\t\n\t\t\t\n\t\t<\/li>\n\t\t\t\t<li>\n\t\t\t\t\t\t\n\t\t\t\t\n\t\t\t\t\t<p>2005<\/p>\n\t\t\t\t\n\t\t\t\n\t\t\t\t\t\t\n\t\t\t\t\n\t\t\t\t\n\t\t\t\t\t\n\t\t\t\t\t\n\t\t\t\t\t\n\t\t\t\t\t\n\t\t\t\t\t<p>Expan\u00adsion onto the <span class=\"caps\">US<\/span> mar\u00adket; first cus\u00adtomers head\u00adquar\u00adtered in the <span class=\"caps\">USA<\/span> place orders<\/p>\n\t\t\t\t\t\n\t\t\t\n\t\t<\/li>\n\t\t\t\t<li>\n\t\t\t\t\t\t\n\t\t\t\t\n\t\t\t\t\t<p>2005<\/p>\n\t\t\t\t\n\t\t\t\n\t\t\t\t\t\t\n\t\t\t\t\n\t\t\t\t\n\t\t\t\t\t\n\t\t\t\t\t\n\t\t\t\t\t\n\t\t\t\t\t\n\t\t\t\t\t<p>Begin\u00adning of pro\u00adduc\u00adtion of flat con\u00adnec\u00adtors \/ flat rib\u00adbons for wind\u00adshield connectors<\/p>\n\t\t\t\t\t\n\t\t\t\n\t\t<\/li>\n\t\t\t\t<li>\n\t\t\t\t\t\t\n\t\t\t\t\n\t\t\t\t\t<p>2006<\/p>\n\t\t\t\t\n\t\t\t\n\t\t\t\t\t\t\n\t\t\t\t\n\t\t\t\t\n\t\t\t\t\t\n\t\t\t\t\t\n\t\t\t\t\t\n\t\t\t\t\t\n\t\t\t\t\t<p>Entry onto the Chi\u00adnese mar\u00adket; a sales office is founded<\/p>\n\t\t\t\t\t\n\t\t\t\n\t\t<\/li>\n\t\t\t\t<li>\n\t\t\t\t\t\t\n\t\t\t\t\n\t\t\t\t\t<p>2006<\/p>\n\t\t\t\t\n\t\t\t\n\t\t\t\t\t\t\n\t\t\t\t\n\t\t\t\t\n\t\t\t\t\t\n\t\t\t\t\t\n\t\t\t\t\t\n\t\t\t\t\t\n\t\t\t\t\t<p>First pro\u00adpri\u00adetary sol\u00adder\u00ading devices and lead-free solu\u00adtions are developed<\/p>\n\t\t\t\t\t\n\t\t\t\n\t\t<\/li>\n\t\t\t\t<li>\n\t\t\t\t\t\t\n\t\t\t\t\n\t\t\t\t\t<p>2009<\/p>\n\t\t\t\t\n\t\t\t\n\t\t\t\t\t\t\n\t\t\t\t\n\t\t\t\t\n\t\t\t\t\t\n\t\t\t\t\t\n\t\t\t\t\t\n\t\t\t\t\t\n\t\t\t\t\t<p>Expan\u00adsion of the pro\u00adduc\u00adtion loca\u00adtions to Shang\u00adhai (Chi\u00adna); cre\u00adation of a sales rep\u00adre\u00adsen\u00adta\u00adtion in the&nbsp;<span class=\"caps\">USA<\/span><\/p>\n\t\t\t\t\t\n\t\t\t\n\t\t<\/li>\n\t\t\t\t<li>\n\t\t\t\t\t\t\n\t\t\t\t\n\t\t\t\t\t<p>2011<\/p>\n\t\t\t\t\n\t\t\t\n\t\t\t\t\t\t\n\t\t\t\t\n\t\t\t\t\n\t\t\t\t\t\n\t\t\t\t\t\n\t\t\t\t\t\n\t\t\t\t\t\n\t\t\t\t\t<p>Estab\u00adlish\u00adment of a high\u00adly-auto\u00admat\u00aded pro\u00adduc\u00adtion line for the <span class=\"caps\">USA<\/span> to secure the com\u00adpa\u00adny\u2019s posi\u00adtion on the <span class=\"caps\">US<\/span> market<\/p>\n\t\t\t\t\t\n\t\t\t\n\t\t<\/li>\n\t\t\t\t<li>\n\t\t\t\t\t\t\n\t\t\t\t\n\t\t\t\t\t<p>2012<\/p>\n\t\t\t\t\n\t\t\t\n\t\t\t\t\t\t\n\t\t\t\t\n\t\t\t\t\n\t\t\t\t\t\n\t\t\t\t\t\n\t\t\t\t\t\n\t\t\t\t\t\n\t\t\t\t\t<p>A new pro\u00adpri\u00adetor invests (100% of the shares, no pri\u00advate equity)<\/p>\n\t\t\t\t\t\n\t\t\t\n\t\t<\/li>\n\t\t\t\t<li>\n\t\t\t\t\t\t\n\t\t\t\t\n\t\t\t\t\t<p>2014<\/p>\n\t\t\t\t\n\t\t\t\n\t\t\t\t\t\t\n\t\t\t\t\n\t\t\t\t\n\t\t\t\t\t\n\t\t\t\t\t\n\t\t\t\t\t\n\t\t\t\t\t\n\t\t\t\t\t<p>Renewed expan\u00adsion of the pro\u00adduc\u00adtion area and admin\u00adis\u00adtra\u00adtion at the Zwenkau head\u00adquar\u00adters to 4,800&nbsp;m\u00b2<\/p>\n\t\t\t\t\t\n\t\t\t\n\t\t<\/li>\n\t\t\t\t<li>\n\t\t\t\t\t\t\n\t\t\t\t\n\t\t\t\t\t<p>2015<\/p>\n\t\t\t\t\n\t\t\t\n\t\t\t\t\t\t\n\t\t\t\t\n\t\t\t\t\n\t\t\t\t\t\n\t\t\t\t\t\n\t\t\t\t\t\n\t\t\t\t\t\n\t\t\t\t\t<p>Start of pro\u00adduc\u00adtion of lead-free connectors<\/p>\n\t\t\t\t\t\n\t\t\t\n\t\t<\/li>\n\t\t\t\t<li>\n\t\t\t\t\t\t\n\t\t\t\t\n\t\t\t\t\t<p>2016<\/p>\n\t\t\t\t\n\t\t\t\n\t\t\t\t\t\t\n\t\t\t\t\n\t\t\t\t\n\t\t\t\t\t\n\t\t\t\t\t\n\t\t\t\t\t\n\t\t\t\t\t\n\t\t\t\t\t<p>Sales rep\u00adre\u00adsen\u00adta\u00adtion in Japan is founded<\/p>\n\t\t\t\t\t\n\t\t\t\n\t\t<\/li>\n\t\t\t\t<li>\n\t\t\t\t\t\t\n\t\t\t\t\n\t\t\t\t\t<p>2016<\/p>\n\t\t\t\t\n\t\t\t\n\t\t\t\t\t\t\n\t\t\t\t\n\t\t\t\t\n\t\t\t\t\t\n\t\t\t\t\t\n\t\t\t\t\t\n\t\t\t\t\t\n\t\t\t\t\t<p>Expan\u00adsion of the area in the <span class=\"caps\">USA<\/span>&nbsp;plant<\/p>\n\t\t\t\t\t\n\t\t\t\n\t\t<\/li>\n\t\t\t\t<li>\n\t\t\t\t\t\t\n\t\t\t\t\n\t\t\t\t\t<p>2017<\/p>\n\t\t\t\t\n\t\t\t\n\t\t\t\t\t\t\n\t\t\t\t\n\t\t\t\t\n\t\t\t\t\t\n\t\t\t\t\t\n\t\t\t\t\t\n\t\t\t\t\t\n\t\t\t\t\t<p>The <span class=\"caps\">FEW<\/span> plant in Shang\u00adhai moves into a new pro\u00adduc\u00adtion build\u00ading with expand\u00aded square footage<\/p>\n\t\t\t\t\t\n\t\t\t\n\t\t<\/li>\n\t\t\t<\/ul>\n<h4>\n\t\tOur Locations&nbsp;<\/h4>\n\t\t\t\t\t<a href=\"#\" id=\"fl-accordion--label-0\" tabindex=\"0\" aria-controls=\"fl-accordion--panel-0\"><\/a>\n\t\t\t\t\t\t\t\t\t\t\t<a href=\"#\" id=\"fl-accordion--icon-0\" tabindex=\"-1\"><i>Col\u00adlapse<\/i><\/a>\n\t\t\t\t\t<p><img loading=\"lazy\" decoding=\"async\" src=\"https:\/\/few-group.com\/wp-content\/uploads\/web-allgemein\/standortkarte-box-de.jpg\" alt=\"Company Profile\" width=\"309\" height=\"230\"><\/p>\n\n\t\t\t\t\t<a href=\"#\" id=\"fl-accordion--label-1\" tabindex=\"0\" aria-controls=\"fl-accordion--panel-1\">Mex\u00adi\u00adco Location<\/a>\n\t\t\t\t\t\t\t\t\t\t\t<a href=\"#\" id=\"fl-accordion--icon-1\" tabindex=\"-1\"><i>Expand<\/i><\/a>\n\t\t\t\t\t<p><img loading=\"lazy\" decoding=\"async\" src=\"https:\/\/few-group.com\/wp-content\/uploads\/standorte-box-mexiko.jpg\" alt=\"Company Profile\" width=\"500\" height=\"373\"><\/p>\n<span class=\"caps\">FEW<\/span> Auto\u00admo\u00adtive Glass Appli\u00adca\u00adtions- Mexico<br>\note uni\u00adco, Man\u00adzana <span class=\"caps\">II<\/span>, Sec\u00adcion C Numero 100 \u2014&nbsp;7,<br>\nCar\u00adretera Mena <span class=\"caps\">CIX<\/span>, <span class=\"caps\">KM<\/span> 7, <span class=\"caps\">CD<\/span>. Indus\u00adtri\u00adal Xico\u00adten\u00adcatl&nbsp;1<br>\nTet\u00adla de la Solidaridad<br>\n<span class=\"caps\">CP<\/span> 90434, Tlax\u00adcala, M\u00e9x\u00adi\u00adco.\n\t\t\t\t\t<a href=\"#\" id=\"fl-accordion--label-2\" tabindex=\"0\" aria-controls=\"fl-accordion--panel-2\">Shen\u00adzhen Location<\/a>\n\t\t\t\t\t\t\t\t\t\t\t<a href=\"#\" id=\"fl-accordion--icon-2\" tabindex=\"-1\"><i>Expand<\/i><\/a>\n\t\t\t\t\t<p><img loading=\"lazy\" decoding=\"async\" src=\"https:\/\/few-group.com\/wp-content\/uploads\/standorte-box-she.jpg\" alt=\"Company Profile\" width=\"500\" height=\"373\"><\/p>\n<span class=\"caps\">FEW<\/span> \u2014 Auto\u00admo\u00adtive <span class=\"caps\">FPC<\/span> Appli\u00adca\u00adtion Co.,&nbsp;Ltd.<br>\nBuild\u00ading C, Yuyuan Indus\u00adtri\u00adal Park, Fuhai Street, BaoAn Dis\u00adtrict, Shen\u00adzhen\n\t\t\t\t\t<a href=\"#\" id=\"fl-accordion--label-3\" tabindex=\"0\" aria-controls=\"fl-accordion--panel-3\">Czech Repub\u00adlic Location<\/a>\n\t\t\t\t\t\t\t\t\t\t\t<a href=\"#\" id=\"fl-accordion--icon-3\" tabindex=\"-1\"><i>Expand<\/i><\/a>\n\t\t\t\t\t<p><img loading=\"lazy\" decoding=\"async\" src=\"https:\/\/few-group.com\/wp-content\/uploads\/standorte-box-cz.jpg\" alt=\"Company Profile\" width=\"500\" height=\"373\"><\/p>\n<span class=\"caps\">FEW<\/span> \u017dan\u00addov, s.r.o.<br>\nN\u00e1dra\u017en\u00ed 10, 471 07 \u017dandov&nbsp;<a href=\"#\" id=\"fl-accordion--label-4\" tabindex=\"0\" aria-controls=\"fl-accordion--panel-4\"><\/a>\n\t\t\t\t\t\t\t\t\t\t\t<a href=\"#\" id=\"fl-accordion--icon-4\" tabindex=\"-1\"><i>Expand<\/i><\/a>\n\t\t\t\t\t<p><img loading=\"lazy\" decoding=\"async\" src=\"https:\/\/few-group.com\/wp-content\/uploads\/web-allgemein\/standortkarte-box-ch.jpg\" alt=\"Company Profile\" width=\"309\" height=\"230\"><\/p>\n\n\t\t\t\t\t<a href=\"#\" id=\"fl-accordion--label-5\" tabindex=\"0\" aria-controls=\"fl-accordion--panel-5\"><span class=\"caps\">USA<\/span><\/a>\n\t\t\t\t\t\t\t\t\t\t\t<a href=\"#\" id=\"fl-accordion--icon-5\" tabindex=\"-1\"><i>Expand<\/i><\/a>\n\t\t\t\t\tE\u2011mail:<br>\nsales.usa@few-group.com\n\t\t\t\t\t<a href=\"#\" id=\"fl-accordion--label-6\" tabindex=\"0\" aria-controls=\"fl-accordion--panel-6\"><\/a>\n\t\t\t\t\t\t\t\t\t\t\t<a href=\"#\" id=\"fl-accordion--icon-6\" tabindex=\"-1\"><i>Expand<\/i><\/a>\n\t\t\t\t\t<p><img loading=\"lazy\" decoding=\"async\" src=\"https:\/\/few-group.com\/wp-content\/uploads\/web-allgemein\/standortkarte-box-jp-vp.jpg\" alt=\"Company Profile\" width=\"309\" height=\"230\"><\/p>\n\n<h4>\n\t\tDownloads&nbsp;<\/h4>\n\t\t<h4><\/h4>\n\t\t\t\t<img loading=\"lazy\" decoding=\"async\" src=\"https:\/\/few-group.com\/wp-content\/uploads\/web-allgemein\/few-product-catalogue-2.jpg\" alt=\"few-product-catalogue-2\" itemprop=\"image\" height=\"600\" width=\"800\" title=\"few-product-catalogue-2\" onerror=\"this.style.display='none'\">\n\n<p><a href=\"\/wp-content\/uploads\/downloads\/produktkatalog\/FEW-Produktkatalog-de.pdf\" target=\"_blank\" rel=\"noopener\"><\/a><\/p>\n<p><a href=\"\/wp-content\/uploads\/downloads\/produktkatalog\/FEW-Produktkatalog-en.pdf\" target=\"_blank\" rel=\"noopener\"><\/a><\/p>\n\n","protected":false},"excerpt":{"rendered":"<p>Your experts for con\u00adnec\u00adtions for auto\u00admo\u00adtive glass pan\u00adels The <span class=\"caps\">FEW<\/span> Auto\u00admo\u00adtive Group in pro\u00adfile <span class=\"caps\">FEW<\/span> Fahrzeugelek\u00adtrik Werk GmbH &amp; Co. <span class=\"caps\">KG<\/span> \u2014 <span class=\"caps\">FEW<\/span> Auto\u00admo\u00adtive Group -, found\u00aded in 1995, is a suc\u00adcess\u00adful and inter\u00adna\u00adtion\u00adal\u00adly active sup\u00adpli\u00ader for the auto\u00admo\u00adtive indus\u00adtry. We, as one of the lead\u00ading glob\u00adal man\u00adu\u00adfac\u00adtur\u00aders of con\u00adnec\u00adtions for auto\u00admo\u00adtive glass pan\u00adels,&nbsp;work\u2026<\/p>\n","protected":false},"author":8,"featured_media":0,"parent":2379,"menu_order":1,"comment_status":"closed","ping_status":"closed","template":"","meta":{"_acf_changed":false,"wp_typography_post_enhancements_disabled":false,"footnotes":""},"class_list":["post-2315","page","type-page","status-publish","hentry"],"acf":[],"yoast_head":"\n<title>Company Profile - FEW Automotive Group<\/title>\n<meta name=\"robots\" content=\"index, follow, max-snippet:-1, max-image-preview:large, max-video-preview:-1\" \/>\n<link rel=\"canonical\" href=\"https:\/\/few-group.com\/en\/few-automotive-group\/company-profile\/\" \/>\n<meta property=\"og:locale\" content=\"en_US\" \/>\n<meta property=\"og:type\" content=\"article\" \/>\n<meta property=\"og:title\" content=\"Company Profile - FEW Automotive Group\" \/>\n<meta property=\"og:description\" content=\"Your experts for connections for automotive glass panels The FEW Automotive Group in profile FEW Fahrzeugelek\u00adtrik Werk GmbH &amp; Co. KG \u2014 FEW Auto\u00admo\u00adtive Group -, found\u00aded in 1995, is a suc\u00adcess\u00adful and inter\u00adna\u00adtion\u00adal\u00adly active sup\u00adpli\u00ader for the auto\u00admo\u00adtive indus\u00adtry. We, as one of the lead\u00ading glob\u00adal man\u00adu\u00adfac\u00adtur\u00aders of con\u00adnec\u00adtions for auto\u00admo\u00adtive glass pan\u00adels, work&hellip;\" \/>\n<meta property=\"og:url\" content=\"https:\/\/few-group.com\/en\/few-automotive-group\/company-profile\/\" \/>\n<meta property=\"og:site_name\" content=\"FEW Automotive Group\" \/>\n<meta property=\"article:modified_time\" content=\"2024-07-04T09:48:35+00:00\" \/>\n<meta property=\"og:image\" content=\"http:\/\/few-group.com\/wp-content\/uploads\/web-allgemein\/header-us-few-automotive-group.jpg\" \/>\n<meta name=\"twitter:card\" content=\"summary_large_image\" \/>\n<meta name=\"twitter:label1\" content=\"Est. reading time\" \/>\n\t<meta name=\"twitter:data1\" content=\"2 minutes\" \/>\n<script type=\"application\/ld+json\" class=\"yoast-schema-graph\">{\"@context\":\"https:\/\/schema.org\",\"@graph\":[{\"@type\":\"WebPage\",\"@id\":\"https:\/\/few-group.com\/en\/few-automotive-group\/company-profile\/\",\"url\":\"https:\/\/few-group.com\/en\/few-automotive-group\/company-profile\/\",\"name\":\"Company Profile - FEW Automotive Group\",\"isPartOf\":{\"@id\":\"https:\/\/few-group.com\/de\/#website\"},\"primaryImageOfPage\":{\"@id\":\"https:\/\/few-group.com\/en\/few-automotive-group\/company-profile\/#primaryimage\"},\"image\":{\"@id\":\"https:\/\/few-group.com\/en\/few-automotive-group\/company-profile\/#primaryimage\"},\"thumbnailUrl\":\"https:\/\/few-group.com\/wp-content\/uploads\/web-allgemein\/header-us-few-automotive-group.jpg\",\"datePublished\":\"2017-10-17T07:28:53+00:00\",\"dateModified\":\"2024-07-04T09:48:35+00:00\",\"breadcrumb\":{\"@id\":\"https:\/\/few-group.com\/en\/few-automotive-group\/company-profile\/#breadcrumb\"},\"inLanguage\":\"en-US\",\"potentialAction\":[{\"@type\":\"ReadAction\",\"target\":[\"https:\/\/few-group.com\/en\/few-automotive-group\/company-profile\/\"]}]},{\"@type\":\"ImageObject\",\"inLanguage\":\"en-US\",\"@id\":\"https:\/\/few-group.com\/en\/few-automotive-group\/company-profile\/#primaryimage\",\"url\":\"https:\/\/few-group.com\/wp-content\/uploads\/web-allgemein\/header-us-few-automotive-group.jpg\",\"contentUrl\":\"https:\/\/few-group.com\/wp-content\/uploads\/web-allgemein\/header-us-few-automotive-group.jpg\"},{\"@type\":\"BreadcrumbList\",\"@id\":\"https:\/\/few-group.com\/en\/few-automotive-group\/company-profile\/#breadcrumb\",\"itemListElement\":[{\"@type\":\"ListItem\",\"position\":1,\"name\":\"Startseite\",\"item\":\"https:\/\/few-group.com\/en\/\"},{\"@type\":\"ListItem\",\"position\":2,\"name\":\"FEW Automotive Group\",\"item\":\"https:\/\/few-group.com\/en\/few-automotive-group\/\"},{\"@type\":\"ListItem\",\"position\":3,\"name\":\"Company Profile\"}]},{\"@type\":\"WebSite\",\"@id\":\"https:\/\/few-group.com\/de\/#website\",\"url\":\"https:\/\/few-group.com\/de\/\",\"name\":\"FEW Automotive Group\",\"description\":\"Customized Glass Connectivity\",\"potentialAction\":[{\"@type\":\"SearchAction\",\"target\":{\"@type\":\"EntryPoint\",\"urlTemplate\":\"https:\/\/few-group.com\/de\/?s={search_term_string}\"},\"query-input\":{\"@type\":\"PropertyValueSpecification\",\"valueRequired\":true,\"valueName\":\"search_term_string\"}}],\"inLanguage\":\"en-US\"}]}<\/script>\n","yoast_head_json":{"title":"Company Profile - FEW Automotive Group","robots":{"index":"index","follow":"follow","max-snippet":"max-snippet:-1","max-image-preview":"max-image-preview:large","max-video-preview":"max-video-preview:-1"},"canonical":"https:\/\/few-group.com\/en\/few-automotive-group\/company-profile\/","og_locale":"en_US","og_type":"article","og_title":"Company Profile - FEW Automotive Group","og_description":"Your experts for connections for automotive glass panels The FEW Automotive Group in profile FEW Fahrzeugelek\u00adtrik Werk GmbH &amp; Co. KG \u2014 FEW Auto\u00admo\u00adtive Group -, found\u00aded in 1995, is a suc\u00adcess\u00adful and inter\u00adna\u00adtion\u00adal\u00adly active sup\u00adpli\u00ader for the auto\u00admo\u00adtive indus\u00adtry. We, as one of the lead\u00ading glob\u00adal man\u00adu\u00adfac\u00adtur\u00aders of con\u00adnec\u00adtions for auto\u00admo\u00adtive glass pan\u00adels, work&hellip;","og_url":"https:\/\/few-group.com\/en\/few-automotive-group\/company-profile\/","og_site_name":"FEW Automotive Group","article_modified_time":"2024-07-04T09:48:35+00:00","og_image":[{"url":"http:\/\/few-group.com\/wp-content\/uploads\/web-allgemein\/header-us-few-automotive-group.jpg","type":"","width":"","height":""}],"twitter_card":"summary_large_image","twitter_misc":{"Est. reading time":"2 minutes"},"schema":{"@context":"https:\/\/schema.org","@graph":[{"@type":"WebPage","@id":"https:\/\/few-group.com\/en\/few-automotive-group\/company-profile\/","url":"https:\/\/few-group.com\/en\/few-automotive-group\/company-profile\/","name":"Company Profile - FEW Automotive Group","isPartOf":{"@id":"https:\/\/few-group.com\/de\/#website"},"primaryImageOfPage":{"@id":"https:\/\/few-group.com\/en\/few-automotive-group\/company-profile\/#primaryimage"},"image":{"@id":"https:\/\/few-group.com\/en\/few-automotive-group\/company-profile\/#primaryimage"},"thumbnailUrl":"https:\/\/few-group.com\/wp-content\/uploads\/web-allgemein\/header-us-few-automotive-group.jpg","datePublished":"2017-10-17T07:28:53+00:00","dateModified":"2024-07-04T09:48:35+00:00","breadcrumb":{"@id":"https:\/\/few-group.com\/en\/few-automotive-group\/company-profile\/#breadcrumb"},"inLanguage":"en-US","potentialAction":[{"@type":"ReadAction","target":["https:\/\/few-group.com\/en\/few-automotive-group\/company-profile\/"]}]},{"@type":"ImageObject","inLanguage":"en-US","@id":"https:\/\/few-group.com\/en\/few-automotive-group\/company-profile\/#primaryimage","url":"https:\/\/few-group.com\/wp-content\/uploads\/web-allgemein\/header-us-few-automotive-group.jpg","contentUrl":"https:\/\/few-group.com\/wp-content\/uploads\/web-allgemein\/header-us-few-automotive-group.jpg"},{"@type":"BreadcrumbList","@id":"https:\/\/few-group.com\/en\/few-automotive-group\/company-profile\/#breadcrumb","itemListElement":[{"@type":"ListItem","position":1,"name":"Startseite","item":"https:\/\/few-group.com\/en\/"},{"@type":"ListItem","position":2,"name":"FEW Automotive Group","item":"https:\/\/few-group.com\/en\/few-automotive-group\/"},{"@type":"ListItem","position":3,"name":"Company Profile"}]},{"@type":"WebSite","@id":"https:\/\/few-group.com\/de\/#website","url":"https:\/\/few-group.com\/de\/","name":"FEW Automotive Group","description":"Customized Glass Connectivity","potentialAction":[{"@type":"SearchAction","target":{"@type":"EntryPoint","urlTemplate":"https:\/\/few-group.com\/de\/?s={search_term_string}"},"query-input":{"@type":"PropertyValueSpecification","valueRequired":true,"valueName":"search_term_string"}}],"inLanguage":"en-US"}]}},"_links":{"self":[{"href":"https:\/\/few-group.com\/en\/wp-json\/wp\/v2\/pages\/2315","targetHints":{"allow":["GET"]}}],"collection":[{"href":"https:\/\/few-group.com\/en\/wp-json\/wp\/v2\/pages"}],"about":[{"href":"https:\/\/few-group.com\/en\/wp-json\/wp\/v2\/types\/page"}],"author":[{"embeddable":true,"href":"https:\/\/few-group.com\/en\/wp-json\/wp\/v2\/users\/8"}],"replies":[{"embeddable":true,"href":"https:\/\/few-group.com\/en\/wp-json\/wp\/v2\/comments?post=2315"}],"version-history":[{"count":1,"href":"https:\/\/few-group.com\/en\/wp-json\/wp\/v2\/pages\/2315\/revisions"}],"predecessor-version":[{"id":3807,"href":"https:\/\/few-group.com\/en\/wp-json\/wp\/v2\/pages\/2315\/revisions\/3807"}],"up":[{"embeddable":true,"href":"https:\/\/few-group.com\/en\/wp-json\/wp\/v2\/pages\/2379"}],"wp:attachment":[{"href":"https:\/\/few-group.com\/en\/wp-json\/wp\/v2\/media?parent=2315"}],"curies":[{"name":"wp","href":"https:\/\/api.w.org\/{rel}","templated":true}]}}