{"id":2321,"date":"2017-10-17T12:07:18","date_gmt":"2017-10-17T10:07:18","guid":{"rendered":"http:\/\/few-group.com\/product-development\/"},"modified":"2024-07-04T11:49:18","modified_gmt":"2024-07-04T09:49:18","slug":"product-development","status":"publish","type":"page","link":"https:\/\/few-group.com\/en\/few-automotive-group\/product-development\/","title":{"rendered":"Product Development"},"content":{"rendered":"\n\n\t\t\t\t<img decoding=\"async\" src=\"https:\/\/few-group.com\/wp-content\/uploads\/web-allgemein\/header-us-produktentwicklung.jpg\" alt=\"header-us-produktentwicklung\" itemprop=\"image\" title=\"header-us-produktentwicklung\" onerror=\"this.style.display='none'\">\n<h1>\n\t\tProduct Development&nbsp;<\/h1>\n\t<h2>Pre-soldered connectors: High-quality and customized<\/h2>\n<p>The core com\u00adpe\u00adtence of the <span class=\"caps\">FEW<\/span> Auto\u00admo\u00adtive Group is the man\u00adu\u00adfac\u00adtur\u00ading of tech\u00adni\u00adcal\u00adly high-qual\u00adi\u00adty and cus\u00adtomized sol\u00adder\u00ading con\u00adnec\u00adtors for auto\u00admo\u00adtive glass pan\u00adels. We find tai\u00adlored solu\u00adtions in close coop\u00ader\u00ada\u00adtion with our cus\u00adtomers that are spe\u00adcif\u00adic, unique and pre\u00adcise\u00adly appro\u00adpri\u00adate for the respec\u00adtive require\u00adments. We man\u00adu\u00adfac\u00adture pre-sol\u00addered con\u00adnec\u00adtors for wind\u00adshields, side win\u00addows and back\u00adlites with any desired func\u00adtion\u00adal\u00adi\u00adty, shape and size. In doing so, high pre\u00adci\u00adsion, con\u00adtin\u00adu\u00adous process con\u00adtrol and the use of inno\u00adv\u00ada\u00adtive tech\u00adniques are our basic prerequisites.<\/p>\n<h2>Optimal determination of the solder volume<\/h2>\n<p>We con\u00adcern our\u00adselves with the best pos\u00adsi\u00adble imple\u00admen\u00adta\u00adtion of your indi\u00advid\u00adual requests. There\u00adfore, we deter\u00admine the per\u00adfect sol\u00adder vol\u00adume dur\u00ading pre-sol\u00adder\u00ading of the sol\u00adder\u00ading con\u00adnec\u00adtions based on the prod\u00aduct require\u00adments. Close con\u00adsul\u00adta\u00adtion with our cus\u00adtomers and pre\u00adcise imple\u00admen\u00adta\u00adtion of the planned prod\u00aducts pro\u00advide for a high lev\u00adel of process capa\u00adbil\u00adi\u00adty and supe\u00adri\u00ador fur\u00adther processing.<\/p>\n<h2>Successful development of lead-free connectors<\/h2>\n<p>Since Jan\u00adu\u00adary 1, 2016, heavy met\u00adals such as lead may no longer be used in pro\u00adduc\u00adtion of new mod\u00adels in the auto\u00admo\u00adtive indus\u00adtry in accor\u00addance with the <span class=\"caps\">EU<\/span> End-of-Life Vehi\u00adcle Direc\u00adtive (Direc\u00adtive 2000\/53\/<span class=\"caps\">EG<\/span>). <span class=\"caps\">FEW<\/span> Auto\u00admo\u00adtive Group has devel\u00adoped a solu\u00adtion to equip con\u00adnec\u00adtors with lead-free sol\u00adder. In an exten\u00adsive process, we man\u00adu\u00adfac\u00adtured it and test\u00aded it togeth\u00ader with our cus\u00adtomers, and we have now suc\u00adcess\u00adful\u00adly imple\u00adment\u00aded it. The lead-free sol\u00adder\u00ading con\u00adnec\u00adtors have, in the mean\u00adtime, become stan\u00addard for our range of prod\u00aducts and are con\u00adstant\u00adly being fur\u00adther devel\u00adoped in close con\u00adsul\u00adta\u00adtion with our customers.<\/p>\n\t\t\t\t<img decoding=\"async\" src=\"https:\/\/few-group.com\/wp-content\/uploads\/web-allgemein\/siegel-rohs-1.png\" alt=\"siegel-rohs-1\" itemprop=\"image\" title=\"siegel-rohs-1\" onerror=\"this.style.display='none'\">\n<h4>\n\t\tOur Locations&nbsp;<\/h4>\n\t\t\t\t\t<a href=\"#\" id=\"fl-accordion--label-0\" tabindex=\"0\" aria-controls=\"fl-accordion--panel-0\"><\/a>\n\t\t\t\t\t\t\t\t\t\t\t<a href=\"#\" id=\"fl-accordion--icon-0\" tabindex=\"-1\"><i>Col\u00adlapse<\/i><\/a>\n\t\t\t\t\t<p><img loading=\"lazy\" decoding=\"async\" src=\"https:\/\/few-group.com\/wp-content\/uploads\/web-allgemein\/standortkarte-box-de.jpg\" alt=\"Product Development\" width=\"309\" height=\"230\"><\/p>\n\n\t\t\t\t\t<a href=\"#\" id=\"fl-accordion--label-1\" tabindex=\"0\" aria-controls=\"fl-accordion--panel-1\">Mex\u00adi\u00adco Location<\/a>\n\t\t\t\t\t\t\t\t\t\t\t<a href=\"#\" id=\"fl-accordion--icon-1\" tabindex=\"-1\"><i>Expand<\/i><\/a>\n\t\t\t\t\t<p><img loading=\"lazy\" decoding=\"async\" src=\"https:\/\/few-group.com\/wp-content\/uploads\/standorte-box-mexiko.jpg\" alt=\"Product Development\" width=\"500\" height=\"373\"><\/p>\n<span class=\"caps\">FEW<\/span> Auto\u00admo\u00adtive Glass Appli\u00adca\u00adtions- Mexico<br>\note uni\u00adco, Man\u00adzana <span class=\"caps\">II<\/span>, Sec\u00adcion C Numero 100 \u2014&nbsp;7,<br>\nCar\u00adretera Mena <span class=\"caps\">CIX<\/span>, <span class=\"caps\">KM<\/span> 7, <span class=\"caps\">CD<\/span>. Indus\u00adtri\u00adal Xico\u00adten\u00adcatl&nbsp;1<br>\nTet\u00adla de la Solidaridad<br>\n<span class=\"caps\">CP<\/span> 90434, Tlax\u00adcala, M\u00e9x\u00adi\u00adco.\n\t\t\t\t\t<a href=\"#\" id=\"fl-accordion--label-2\" tabindex=\"0\" aria-controls=\"fl-accordion--panel-2\">Shen\u00adzhen Location<\/a>\n\t\t\t\t\t\t\t\t\t\t\t<a href=\"#\" id=\"fl-accordion--icon-2\" tabindex=\"-1\"><i>Expand<\/i><\/a>\n\t\t\t\t\t<p><img loading=\"lazy\" decoding=\"async\" src=\"https:\/\/few-group.com\/wp-content\/uploads\/standorte-box-she.jpg\" alt=\"Product Development\" width=\"500\" height=\"373\"><\/p>\n<span class=\"caps\">FEW<\/span> \u2014 Auto\u00admo\u00adtive <span class=\"caps\">FPC<\/span> Appli\u00adca\u00adtion Co.,&nbsp;Ltd.<br>\nBuild\u00ading C, Yuyuan Indus\u00adtri\u00adal Park, Fuhai Street, BaoAn Dis\u00adtrict, Shen\u00adzhen\n\t\t\t\t\t<a href=\"#\" id=\"fl-accordion--label-3\" tabindex=\"0\" aria-controls=\"fl-accordion--panel-3\">Czech Repub\u00adlic Location<\/a>\n\t\t\t\t\t\t\t\t\t\t\t<a href=\"#\" id=\"fl-accordion--icon-3\" tabindex=\"-1\"><i>Expand<\/i><\/a>\n\t\t\t\t\t<p><img loading=\"lazy\" decoding=\"async\" src=\"https:\/\/few-group.com\/wp-content\/uploads\/standorte-box-cz.jpg\" alt=\"Product Development\" width=\"500\" height=\"373\"><\/p>\n<span class=\"caps\">FEW<\/span> \u017dan\u00addov, s.r.o.<br>\nN\u00e1dra\u017en\u00ed 10, 471 07 \u017dandov&nbsp;<a href=\"#\" id=\"fl-accordion--label-4\" tabindex=\"0\" aria-controls=\"fl-accordion--panel-4\"><\/a>\n\t\t\t\t\t\t\t\t\t\t\t<a href=\"#\" id=\"fl-accordion--icon-4\" tabindex=\"-1\"><i>Expand<\/i><\/a>\n\t\t\t\t\t<p><img loading=\"lazy\" decoding=\"async\" src=\"https:\/\/few-group.com\/wp-content\/uploads\/web-allgemein\/standortkarte-box-ch.jpg\" alt=\"Product Development\" width=\"309\" height=\"230\"><\/p>\n\n\t\t\t\t\t<a href=\"#\" id=\"fl-accordion--label-5\" tabindex=\"0\" aria-controls=\"fl-accordion--panel-5\"><span class=\"caps\">USA<\/span><\/a>\n\t\t\t\t\t\t\t\t\t\t\t<a href=\"#\" id=\"fl-accordion--icon-5\" tabindex=\"-1\"><i>Expand<\/i><\/a>\n\t\t\t\t\tE\u2011mail:<br>\nsales.usa@few-group.com\n\t\t\t\t\t<a href=\"#\" id=\"fl-accordion--label-6\" tabindex=\"0\" aria-controls=\"fl-accordion--panel-6\"><\/a>\n\t\t\t\t\t\t\t\t\t\t\t<a href=\"#\" id=\"fl-accordion--icon-6\" tabindex=\"-1\"><i>Expand<\/i><\/a>\n\t\t\t\t\t<p><img loading=\"lazy\" decoding=\"async\" src=\"https:\/\/few-group.com\/wp-content\/uploads\/web-allgemein\/standortkarte-box-jp-vp.jpg\" alt=\"Product Development\" width=\"309\" height=\"230\"><\/p>\n\n<h4>\n\t\tDownloads&nbsp;<\/h4>\n\t\t<h4><\/h4>\n\t\t\t\t<img loading=\"lazy\" decoding=\"async\" src=\"https:\/\/few-group.com\/wp-content\/uploads\/web-allgemein\/few-product-catalogue-2.jpg\" alt=\"few-product-catalogue-2\" itemprop=\"image\" height=\"600\" width=\"800\" title=\"few-product-catalogue-2\" onerror=\"this.style.display='none'\">\n\n<p><a href=\"\/wp-content\/uploads\/downloads\/produktkatalog\/FEW-Produktkatalog-de.pdf\" target=\"_blank\" rel=\"noopener\"><\/a><\/p>\n<p><a href=\"\/wp-content\/uploads\/downloads\/produktkatalog\/FEW-Produktkatalog-en.pdf\" target=\"_blank\" rel=\"noopener\"><\/a><\/p>\n\n","protected":false},"excerpt":{"rendered":"<p>Prod\u00aduct Devel\u00adop\u00adment Pre-sol\u00addered con\u00adnec\u00adtors: High-qual\u00adi\u00ad\u00adty and cus\u00adtomized The core com\u00adpe\u00adtence of the <span class=\"caps\">FEW<\/span> Auto\u00admo\u00adtive Group is the man\u00adu\u00adfac\u00adtur\u00ading of tech\u00adni\u00adcal\u00adly high-qual\u00adi\u00ad\u00ad\u00adty and cus\u00adtomized sol\u00adder\u00ading con\u00adnec\u00adtors for auto\u00admo\u00adtive glass pan\u00adels. We find tai\u00adlored solu\u00adtions in close coop\u00ader\u00ada\u00adtion with our cus\u00adtomers that are spe\u00adcif\u00adic, unique and pre\u00adcise\u00adly appro\u00adpri\u00adate for the respec\u00adtive require\u00adments. We man\u00adu\u00adfac\u00adture pre-sol\u00addered con\u00adnec\u00adtors&nbsp;for\u2026<\/p>\n","protected":false},"author":8,"featured_media":0,"parent":2379,"menu_order":3,"comment_status":"closed","ping_status":"closed","template":"","meta":{"_acf_changed":false,"wp_typography_post_enhancements_disabled":false,"footnotes":""},"class_list":["post-2321","page","type-page","status-publish","hentry"],"acf":[],"yoast_head":"\n<title>Product Development - FEW Automotive Group<\/title>\n<meta name=\"robots\" content=\"index, follow, max-snippet:-1, max-image-preview:large, max-video-preview:-1\" \/>\n<link rel=\"canonical\" href=\"https:\/\/few-group.com\/en\/few-automotive-group\/product-development\/\" \/>\n<meta property=\"og:locale\" content=\"en_US\" \/>\n<meta property=\"og:type\" content=\"article\" \/>\n<meta property=\"og:title\" content=\"Product Development - FEW Automotive Group\" \/>\n<meta property=\"og:description\" content=\"Product Development Pre-soldered connectors: High-quality and customized The core com\u00adpe\u00adtence of the FEW Auto\u00admo\u00adtive Group is the man\u00adu\u00adfac\u00adtur\u00ading of tech\u00adni\u00adcal\u00adly high-qual\u00adi\u00adty and cus\u00adtomized sol\u00adder\u00ading con\u00adnec\u00adtors for auto\u00admo\u00adtive glass pan\u00adels. We find tai\u00adlored solu\u00adtions in close coop\u00ader\u00ada\u00adtion with our cus\u00adtomers that are spe\u00adcif\u00adic, unique and pre\u00adcise\u00adly appro\u00adpri\u00adate for the respec\u00adtive require\u00adments. We man\u00adu\u00adfac\u00adture pre-sol\u00addered con\u00adnec\u00adtors for&hellip;\" \/>\n<meta property=\"og:url\" content=\"https:\/\/few-group.com\/en\/few-automotive-group\/product-development\/\" \/>\n<meta property=\"og:site_name\" content=\"FEW Automotive Group\" \/>\n<meta property=\"article:modified_time\" content=\"2024-07-04T09:49:18+00:00\" \/>\n<meta property=\"og:image\" content=\"http:\/\/few-group.com\/wp-content\/uploads\/web-allgemein\/header-us-produktentwicklung.jpg\" \/>\n<meta name=\"twitter:card\" content=\"summary_large_image\" \/>\n<meta name=\"twitter:label1\" content=\"Est. reading time\" \/>\n\t<meta name=\"twitter:data1\" content=\"2 minutes\" \/>\n<script type=\"application\/ld+json\" class=\"yoast-schema-graph\">{\"@context\":\"https:\/\/schema.org\",\"@graph\":[{\"@type\":\"WebPage\",\"@id\":\"https:\/\/few-group.com\/en\/few-automotive-group\/product-development\/\",\"url\":\"https:\/\/few-group.com\/en\/few-automotive-group\/product-development\/\",\"name\":\"Product Development - FEW Automotive Group\",\"isPartOf\":{\"@id\":\"https:\/\/few-group.com\/de\/#website\"},\"primaryImageOfPage\":{\"@id\":\"https:\/\/few-group.com\/en\/few-automotive-group\/product-development\/#primaryimage\"},\"image\":{\"@id\":\"https:\/\/few-group.com\/en\/few-automotive-group\/product-development\/#primaryimage\"},\"thumbnailUrl\":\"https:\/\/few-group.com\/wp-content\/uploads\/web-allgemein\/header-us-produktentwicklung.jpg\",\"datePublished\":\"2017-10-17T10:07:18+00:00\",\"dateModified\":\"2024-07-04T09:49:18+00:00\",\"breadcrumb\":{\"@id\":\"https:\/\/few-group.com\/en\/few-automotive-group\/product-development\/#breadcrumb\"},\"inLanguage\":\"en-US\",\"potentialAction\":[{\"@type\":\"ReadAction\",\"target\":[\"https:\/\/few-group.com\/en\/few-automotive-group\/product-development\/\"]}]},{\"@type\":\"ImageObject\",\"inLanguage\":\"en-US\",\"@id\":\"https:\/\/few-group.com\/en\/few-automotive-group\/product-development\/#primaryimage\",\"url\":\"https:\/\/few-group.com\/wp-content\/uploads\/web-allgemein\/header-us-produktentwicklung.jpg\",\"contentUrl\":\"https:\/\/few-group.com\/wp-content\/uploads\/web-allgemein\/header-us-produktentwicklung.jpg\"},{\"@type\":\"BreadcrumbList\",\"@id\":\"https:\/\/few-group.com\/en\/few-automotive-group\/product-development\/#breadcrumb\",\"itemListElement\":[{\"@type\":\"ListItem\",\"position\":1,\"name\":\"Startseite\",\"item\":\"https:\/\/few-group.com\/en\/\"},{\"@type\":\"ListItem\",\"position\":2,\"name\":\"FEW Automotive Group\",\"item\":\"https:\/\/few-group.com\/en\/few-automotive-group\/\"},{\"@type\":\"ListItem\",\"position\":3,\"name\":\"Product Development\"}]},{\"@type\":\"WebSite\",\"@id\":\"https:\/\/few-group.com\/de\/#website\",\"url\":\"https:\/\/few-group.com\/de\/\",\"name\":\"FEW Automotive Group\",\"description\":\"Customized Glass Connectivity\",\"potentialAction\":[{\"@type\":\"SearchAction\",\"target\":{\"@type\":\"EntryPoint\",\"urlTemplate\":\"https:\/\/few-group.com\/de\/?s={search_term_string}\"},\"query-input\":{\"@type\":\"PropertyValueSpecification\",\"valueRequired\":true,\"valueName\":\"search_term_string\"}}],\"inLanguage\":\"en-US\"}]}<\/script>\n","yoast_head_json":{"title":"Product Development - FEW Automotive Group","robots":{"index":"index","follow":"follow","max-snippet":"max-snippet:-1","max-image-preview":"max-image-preview:large","max-video-preview":"max-video-preview:-1"},"canonical":"https:\/\/few-group.com\/en\/few-automotive-group\/product-development\/","og_locale":"en_US","og_type":"article","og_title":"Product Development - FEW Automotive Group","og_description":"Product Development Pre-soldered connectors: High-quality and customized The core com\u00adpe\u00adtence of the FEW Auto\u00admo\u00adtive Group is the man\u00adu\u00adfac\u00adtur\u00ading of tech\u00adni\u00adcal\u00adly high-qual\u00adi\u00adty and cus\u00adtomized sol\u00adder\u00ading con\u00adnec\u00adtors for auto\u00admo\u00adtive glass pan\u00adels. We find tai\u00adlored solu\u00adtions in close coop\u00ader\u00ada\u00adtion with our cus\u00adtomers that are spe\u00adcif\u00adic, unique and pre\u00adcise\u00adly appro\u00adpri\u00adate for the respec\u00adtive require\u00adments. We man\u00adu\u00adfac\u00adture pre-sol\u00addered con\u00adnec\u00adtors for&hellip;","og_url":"https:\/\/few-group.com\/en\/few-automotive-group\/product-development\/","og_site_name":"FEW Automotive Group","article_modified_time":"2024-07-04T09:49:18+00:00","og_image":[{"url":"http:\/\/few-group.com\/wp-content\/uploads\/web-allgemein\/header-us-produktentwicklung.jpg","type":"","width":"","height":""}],"twitter_card":"summary_large_image","twitter_misc":{"Est. reading time":"2 minutes"},"schema":{"@context":"https:\/\/schema.org","@graph":[{"@type":"WebPage","@id":"https:\/\/few-group.com\/en\/few-automotive-group\/product-development\/","url":"https:\/\/few-group.com\/en\/few-automotive-group\/product-development\/","name":"Product Development - FEW Automotive Group","isPartOf":{"@id":"https:\/\/few-group.com\/de\/#website"},"primaryImageOfPage":{"@id":"https:\/\/few-group.com\/en\/few-automotive-group\/product-development\/#primaryimage"},"image":{"@id":"https:\/\/few-group.com\/en\/few-automotive-group\/product-development\/#primaryimage"},"thumbnailUrl":"https:\/\/few-group.com\/wp-content\/uploads\/web-allgemein\/header-us-produktentwicklung.jpg","datePublished":"2017-10-17T10:07:18+00:00","dateModified":"2024-07-04T09:49:18+00:00","breadcrumb":{"@id":"https:\/\/few-group.com\/en\/few-automotive-group\/product-development\/#breadcrumb"},"inLanguage":"en-US","potentialAction":[{"@type":"ReadAction","target":["https:\/\/few-group.com\/en\/few-automotive-group\/product-development\/"]}]},{"@type":"ImageObject","inLanguage":"en-US","@id":"https:\/\/few-group.com\/en\/few-automotive-group\/product-development\/#primaryimage","url":"https:\/\/few-group.com\/wp-content\/uploads\/web-allgemein\/header-us-produktentwicklung.jpg","contentUrl":"https:\/\/few-group.com\/wp-content\/uploads\/web-allgemein\/header-us-produktentwicklung.jpg"},{"@type":"BreadcrumbList","@id":"https:\/\/few-group.com\/en\/few-automotive-group\/product-development\/#breadcrumb","itemListElement":[{"@type":"ListItem","position":1,"name":"Startseite","item":"https:\/\/few-group.com\/en\/"},{"@type":"ListItem","position":2,"name":"FEW Automotive Group","item":"https:\/\/few-group.com\/en\/few-automotive-group\/"},{"@type":"ListItem","position":3,"name":"Product Development"}]},{"@type":"WebSite","@id":"https:\/\/few-group.com\/de\/#website","url":"https:\/\/few-group.com\/de\/","name":"FEW Automotive Group","description":"Customized Glass Connectivity","potentialAction":[{"@type":"SearchAction","target":{"@type":"EntryPoint","urlTemplate":"https:\/\/few-group.com\/de\/?s={search_term_string}"},"query-input":{"@type":"PropertyValueSpecification","valueRequired":true,"valueName":"search_term_string"}}],"inLanguage":"en-US"}]}},"_links":{"self":[{"href":"https:\/\/few-group.com\/en\/wp-json\/wp\/v2\/pages\/2321","targetHints":{"allow":["GET"]}}],"collection":[{"href":"https:\/\/few-group.com\/en\/wp-json\/wp\/v2\/pages"}],"about":[{"href":"https:\/\/few-group.com\/en\/wp-json\/wp\/v2\/types\/page"}],"author":[{"embeddable":true,"href":"https:\/\/few-group.com\/en\/wp-json\/wp\/v2\/users\/8"}],"replies":[{"embeddable":true,"href":"https:\/\/few-group.com\/en\/wp-json\/wp\/v2\/comments?post=2321"}],"version-history":[{"count":1,"href":"https:\/\/few-group.com\/en\/wp-json\/wp\/v2\/pages\/2321\/revisions"}],"predecessor-version":[{"id":3808,"href":"https:\/\/few-group.com\/en\/wp-json\/wp\/v2\/pages\/2321\/revisions\/3808"}],"up":[{"embeddable":true,"href":"https:\/\/few-group.com\/en\/wp-json\/wp\/v2\/pages\/2379"}],"wp:attachment":[{"href":"https:\/\/few-group.com\/en\/wp-json\/wp\/v2\/media?parent=2321"}],"curies":[{"name":"wp","href":"https:\/\/api.w.org\/{rel}","templated":true}]}}