{"id":2323,"date":"2017-10-17T13:27:45","date_gmt":"2017-10-17T11:27:45","guid":{"rendered":"http:\/\/few-group.com\/quality-management-2\/"},"modified":"2024-07-04T11:50:19","modified_gmt":"2024-07-04T09:50:19","slug":"quality-management","status":"publish","type":"page","link":"https:\/\/few-group.com\/en\/few-automotive-group\/quality-management\/","title":{"rendered":"Quality Management"},"content":{"rendered":"\n\n\t\t\t\t<img loading=\"lazy\" decoding=\"async\" src=\"https:\/\/few-group.com\/wp-content\/uploads\/web-allgemein\/header-frontscheibenanschluesse.jpg\" alt=\"header-frontscheibenanschluesse\" itemprop=\"image\" height=\"360\" width=\"1240\" title=\"header-frontscheibenanschluesse\" onerror=\"this.style.display='none'\">\n<h1>\n\t\tQuality Management&nbsp;<\/h1>\n\t<h2>Customized products with convincing quality<\/h2>\n<p>Sup\u00adpli\u00aders in the auto\u00admo\u00adtive indus\u00adtry world\u00adwide trust in the prod\u00aducts made by the <span class=\"caps\">FEW<\/span> Auto\u00admo\u00adtive Group. In order to ensure the sat\u00adis\u00adfac\u00adtion of our cus\u00adtomers, we have high stan\u00addards for man\u00adu\u00adfac\u00adtur\u00ading our prod\u00aducts. Reg\u00adu\u00adlar qual\u00adi\u00adty con\u00adtrols and a high lev\u00adel of flex\u00adi\u00adbil\u00adi\u00adty in the areas of devel\u00adop\u00adment, plan\u00adning and man\u00adu\u00adfac\u00adtur\u00ading are the basis for the opti\u00admal imple\u00admen\u00adta\u00adtion of your cus\u00adtomized requests.<\/p>\n<h2>High satisfaction through certified quality management<\/h2>\n<p>In order to ensure the high qual\u00adi\u00adty of our prod\u00aducts and to meet the require\u00adments of our cus\u00adtomers, we leave noth\u00ading up to chance. A qual\u00adi\u00adty man\u00adage\u00adment sys\u00adtem cer\u00adti\u00adfied accord\u00ading to <span class=\"caps\">ISO<\/span>&nbsp;9001 and <span class=\"caps\">IATF<\/span>&nbsp;16949 forms the back\u00adbone of our work in this respect.<\/p>\n<h2>Clever processes for continuous quality control<\/h2>\n<p>Intel\u00adli\u00adgent meth\u00adods and solu\u00adtions help us to imple\u00adment the high\u00adest prin\u00adci\u00adple of our qual\u00adi\u00adty phi\u00adlos\u00ado\u00adphy, zero-defect pro\u00adduc\u00adtion. We ensure the high qual\u00adi\u00adty of our prod\u00aducts through oper\u00ada\u00adtor self-checks, sta\u00adtis\u00adti\u00adcal process con\u00adtrol and auto\u00admat\u00aded process\u00ades. Quick and reli\u00adable com\u00admu\u00adni\u00adca\u00adtion, a high lev\u00adel of train\u00ading and the high qual\u00adi\u00adty aware\u00adness of our employ\u00adees are like\u00adwise among the pil\u00adlars of the <span class=\"caps\">FEW<\/span> Auto\u00admo\u00adtive Group qual\u00adi\u00adty man\u00adage\u00adment system.<\/p>\n\t\t\t\t<img loading=\"lazy\" decoding=\"async\" src=\"https:\/\/few-group.com\/wp-content\/uploads\/web-allgemein\/siegel-tuev-1.png\" alt=\"siegel-tuev-1\" itemprop=\"image\" height=\"110\" width=\"350\" title=\"siegel-tuev-1\" onerror=\"this.style.display='none'\">\n<h4>\n\t\tOur Locations&nbsp;<\/h4>\n\t\t\t\t\t<a href=\"#\" id=\"fl-accordion--label-0\" tabindex=\"0\" aria-controls=\"fl-accordion--panel-0\"><\/a>\n\t\t\t\t\t\t\t\t\t\t\t<a href=\"#\" id=\"fl-accordion--icon-0\" tabindex=\"-1\"><i>Col\u00adlapse<\/i><\/a>\n\t\t\t\t\t<p><img loading=\"lazy\" decoding=\"async\" src=\"https:\/\/few-group.com\/wp-content\/uploads\/web-allgemein\/standortkarte-box-de.jpg\" alt=\"Quality Management\" width=\"309\" height=\"230\"><\/p>\n\n\t\t\t\t\t<a href=\"#\" id=\"fl-accordion--label-1\" tabindex=\"0\" aria-controls=\"fl-accordion--panel-1\">Mex\u00adi\u00adco Location<\/a>\n\t\t\t\t\t\t\t\t\t\t\t<a href=\"#\" id=\"fl-accordion--icon-1\" tabindex=\"-1\"><i>Expand<\/i><\/a>\n\t\t\t\t\t<p><img loading=\"lazy\" decoding=\"async\" src=\"https:\/\/few-group.com\/wp-content\/uploads\/standorte-box-mexiko.jpg\" alt=\"Quality Management\" width=\"500\" height=\"373\"><\/p>\n<span class=\"caps\">FEW<\/span> Auto\u00admo\u00adtive Glass Appli\u00adca\u00adtions- Mexico<br>\note uni\u00adco, Man\u00adzana <span class=\"caps\">II<\/span>, Sec\u00adcion C Numero 100 \u2014&nbsp;7,<br>\nCar\u00adretera Mena <span class=\"caps\">CIX<\/span>, <span class=\"caps\">KM<\/span> 7, <span class=\"caps\">CD<\/span>. Indus\u00adtri\u00adal Xico\u00adten\u00adcatl&nbsp;1<br>\nTet\u00adla de la Solidaridad<br>\n<span class=\"caps\">CP<\/span> 90434, Tlax\u00adcala, M\u00e9x\u00adi\u00adco.\n\t\t\t\t\t<a href=\"#\" id=\"fl-accordion--label-2\" tabindex=\"0\" aria-controls=\"fl-accordion--panel-2\">Shen\u00adzhen Location<\/a>\n\t\t\t\t\t\t\t\t\t\t\t<a href=\"#\" id=\"fl-accordion--icon-2\" tabindex=\"-1\"><i>Expand<\/i><\/a>\n\t\t\t\t\t<p><img loading=\"lazy\" decoding=\"async\" src=\"https:\/\/few-group.com\/wp-content\/uploads\/standorte-box-she.jpg\" alt=\"Quality Management\" width=\"500\" height=\"373\"><\/p>\n<span class=\"caps\">FEW<\/span> \u2014 Auto\u00admo\u00adtive <span class=\"caps\">FPC<\/span> Appli\u00adca\u00adtion Co.,&nbsp;Ltd.<br>\nBuild\u00ading C, Yuyuan Indus\u00adtri\u00adal Park, Fuhai Street, BaoAn Dis\u00adtrict, Shen\u00adzhen\n\t\t\t\t\t<a href=\"#\" id=\"fl-accordion--label-3\" tabindex=\"0\" aria-controls=\"fl-accordion--panel-3\">Czech Repub\u00adlic Location<\/a>\n\t\t\t\t\t\t\t\t\t\t\t<a href=\"#\" id=\"fl-accordion--icon-3\" tabindex=\"-1\"><i>Expand<\/i><\/a>\n\t\t\t\t\t<p><img loading=\"lazy\" decoding=\"async\" src=\"https:\/\/few-group.com\/wp-content\/uploads\/standorte-box-cz.jpg\" alt=\"Quality Management\" width=\"500\" height=\"373\"><\/p>\n<span class=\"caps\">FEW<\/span> \u017dan\u00addov, s.r.o.<br>\nN\u00e1dra\u017en\u00ed 10, 471 07 \u017dandov&nbsp;<a href=\"#\" id=\"fl-accordion--label-4\" tabindex=\"0\" aria-controls=\"fl-accordion--panel-4\"><\/a>\n\t\t\t\t\t\t\t\t\t\t\t<a href=\"#\" id=\"fl-accordion--icon-4\" tabindex=\"-1\"><i>Expand<\/i><\/a>\n\t\t\t\t\t<p><img loading=\"lazy\" decoding=\"async\" src=\"https:\/\/few-group.com\/wp-content\/uploads\/web-allgemein\/standortkarte-box-ch.jpg\" alt=\"Quality Management\" width=\"309\" height=\"230\"><\/p>\n\n\t\t\t\t\t<a href=\"#\" id=\"fl-accordion--label-5\" tabindex=\"0\" aria-controls=\"fl-accordion--panel-5\"><span class=\"caps\">USA<\/span><\/a>\n\t\t\t\t\t\t\t\t\t\t\t<a href=\"#\" id=\"fl-accordion--icon-5\" tabindex=\"-1\"><i>Expand<\/i><\/a>\n\t\t\t\t\tE\u2011mail:<br>\nsales.usa@few-group.com\n\t\t\t\t\t<a href=\"#\" id=\"fl-accordion--label-6\" tabindex=\"0\" aria-controls=\"fl-accordion--panel-6\"><\/a>\n\t\t\t\t\t\t\t\t\t\t\t<a href=\"#\" id=\"fl-accordion--icon-6\" tabindex=\"-1\"><i>Expand<\/i><\/a>\n\t\t\t\t\t<p><img loading=\"lazy\" decoding=\"async\" src=\"https:\/\/few-group.com\/wp-content\/uploads\/web-allgemein\/standortkarte-box-jp-vp.jpg\" alt=\"Quality Management\" width=\"309\" height=\"230\"><\/p>\n\n<h4>\n\t\tDownloads&nbsp;<\/h4>\n\t\t<h4>Certificates<\/h4>\n\t\t\t\t<img loading=\"lazy\" decoding=\"async\" src=\"https:\/\/few-group.com\/wp-content\/uploads\/few-zertifikat.jpg\" alt=\"few-zertifikat\" itemprop=\"image\" height=\"600\" width=\"800\" title=\"few-zertifikat\" onerror=\"this.style.display='none'\">\n<p>Down\u00adload our Cer\u00adtifi\u00adcates&nbsp;here.<\/p>\n<p><a href=\"https:\/\/few-group.com\/wp-content\/uploads\/12685ms_00_en-2.pdf\" target=\"_blank\" rel=\"noopener\"><span class=\"caps\">ISO<\/span> 9001 <span class=\"caps\">FEW<\/span>&nbsp;Group<\/a><\/p>\n<p><a href=\"https:\/\/few-group.com\/wp-content\/uploads\/12685ms_01_de_en_chi.pdf\" target=\"_blank\" rel=\"noopener\"><span class=\"caps\">ISO<\/span> 9001 <span class=\"caps\">FEW<\/span>&nbsp;China<\/a><\/p>\n<p><a href=\"https:\/\/few-group.com\/wp-content\/uploads\/12685ms_en.pdf\" target=\"_blank\" rel=\"noopener\"><span class=\"caps\">IATF<\/span> <span class=\"caps\">FEW<\/span> Germany<\/a><\/p>\n<p><a href=\"https:\/\/few-group.com\/wp-content\/uploads\/12685msIATF_en03-2.pdf\" target=\"_blank\" rel=\"noopener\"><span class=\"caps\">IATF<\/span> <span class=\"caps\">FEW<\/span>&nbsp;<span class=\"caps\">USA<\/span><\/a><\/p>\n<p><a href=\"https:\/\/few-group.com\/wp-content\/uploads\/ISO14001_en.pdf\" target=\"_blank\" rel=\"noopener\"><span class=\"caps\">ISO<\/span> 14001<\/a><\/p>\n\n","protected":false},"excerpt":{"rendered":"<p>Qual\u00adi\u00adty Man\u00adage\u00adment Cus\u00adtomized prod\u00aducts with con\u00advinc\u00ading qual\u00adi\u00adty Sup\u00adpli\u00aders in the auto\u00admo\u00adtive indus\u00adtry world\u00adwide trust in the prod\u00aducts made by the <span class=\"caps\">FEW<\/span> Auto\u00admo\u00adtive Group. In order to ensure the sat\u00adis\u00adfac\u00adtion of our cus\u00adtomers, we have high stan\u00addards for man\u00adu\u00adfac\u00adtur\u00ading our prod\u00aducts. Reg\u00adu\u00adlar qual\u00adi\u00adty con\u00adtrols and a high lev\u00adel of flex\u00adi\u00adbil\u00adi\u00adty in the areas of devel\u00adop\u00adment, planning\u2026<\/p>\n","protected":false},"author":8,"featured_media":0,"parent":2379,"menu_order":4,"comment_status":"closed","ping_status":"closed","template":"","meta":{"_acf_changed":false,"wp_typography_post_enhancements_disabled":false,"footnotes":""},"class_list":["post-2323","page","type-page","status-publish","hentry"],"acf":[],"yoast_head":"\n<title>Quality Management - FEW Automotive Group<\/title>\n<meta name=\"robots\" content=\"index, follow, max-snippet:-1, max-image-preview:large, max-video-preview:-1\" \/>\n<link rel=\"canonical\" href=\"https:\/\/few-group.com\/en\/few-automotive-group\/quality-management\/\" \/>\n<meta property=\"og:locale\" content=\"en_US\" \/>\n<meta property=\"og:type\" content=\"article\" \/>\n<meta property=\"og:title\" content=\"Quality Management - FEW Automotive Group\" \/>\n<meta property=\"og:description\" content=\"Quality Management Customized products with convincing quality Sup\u00adpli\u00aders in the auto\u00admo\u00adtive indus\u00adtry world\u00adwide trust in the prod\u00aducts made by the FEW Auto\u00admo\u00adtive Group. In order to ensure the sat\u00adis\u00adfac\u00adtion of our cus\u00adtomers, we have high stan\u00addards for man\u00adu\u00adfac\u00adtur\u00ading our prod\u00aducts. Reg\u00adu\u00adlar qual\u00adi\u00adty con\u00adtrols and a high lev\u00adel of flex\u00adi\u00adbil\u00adi\u00adty in the areas of devel\u00adop\u00adment, plan\u00adning&hellip;\" \/>\n<meta property=\"og:url\" content=\"https:\/\/few-group.com\/en\/few-automotive-group\/quality-management\/\" \/>\n<meta property=\"og:site_name\" content=\"FEW Automotive Group\" \/>\n<meta property=\"article:modified_time\" content=\"2024-07-04T09:50:19+00:00\" \/>\n<meta property=\"og:image\" content=\"https:\/\/few-group.com\/wp-content\/uploads\/web-allgemein\/header-frontscheibenanschluesse.jpg\" \/>\n<meta name=\"twitter:card\" content=\"summary_large_image\" \/>\n<meta name=\"twitter:label1\" content=\"Est. reading time\" \/>\n\t<meta name=\"twitter:data1\" content=\"2 minutes\" \/>\n<script type=\"application\/ld+json\" class=\"yoast-schema-graph\">{\"@context\":\"https:\/\/schema.org\",\"@graph\":[{\"@type\":\"WebPage\",\"@id\":\"https:\/\/few-group.com\/en\/few-automotive-group\/quality-management\/\",\"url\":\"https:\/\/few-group.com\/en\/few-automotive-group\/quality-management\/\",\"name\":\"Quality Management - FEW Automotive Group\",\"isPartOf\":{\"@id\":\"https:\/\/few-group.com\/de\/#website\"},\"primaryImageOfPage\":{\"@id\":\"https:\/\/few-group.com\/en\/few-automotive-group\/quality-management\/#primaryimage\"},\"image\":{\"@id\":\"https:\/\/few-group.com\/en\/few-automotive-group\/quality-management\/#primaryimage\"},\"thumbnailUrl\":\"https:\/\/few-group.com\/wp-content\/uploads\/web-allgemein\/header-frontscheibenanschluesse.jpg\",\"datePublished\":\"2017-10-17T11:27:45+00:00\",\"dateModified\":\"2024-07-04T09:50:19+00:00\",\"breadcrumb\":{\"@id\":\"https:\/\/few-group.com\/en\/few-automotive-group\/quality-management\/#breadcrumb\"},\"inLanguage\":\"en-US\",\"potentialAction\":[{\"@type\":\"ReadAction\",\"target\":[\"https:\/\/few-group.com\/en\/few-automotive-group\/quality-management\/\"]}]},{\"@type\":\"ImageObject\",\"inLanguage\":\"en-US\",\"@id\":\"https:\/\/few-group.com\/en\/few-automotive-group\/quality-management\/#primaryimage\",\"url\":\"https:\/\/few-group.com\/wp-content\/uploads\/web-allgemein\/header-frontscheibenanschluesse.jpg\",\"contentUrl\":\"https:\/\/few-group.com\/wp-content\/uploads\/web-allgemein\/header-frontscheibenanschluesse.jpg\"},{\"@type\":\"BreadcrumbList\",\"@id\":\"https:\/\/few-group.com\/en\/few-automotive-group\/quality-management\/#breadcrumb\",\"itemListElement\":[{\"@type\":\"ListItem\",\"position\":1,\"name\":\"Startseite\",\"item\":\"https:\/\/few-group.com\/en\/\"},{\"@type\":\"ListItem\",\"position\":2,\"name\":\"FEW Automotive Group\",\"item\":\"https:\/\/few-group.com\/en\/few-automotive-group\/\"},{\"@type\":\"ListItem\",\"position\":3,\"name\":\"Quality Management\"}]},{\"@type\":\"WebSite\",\"@id\":\"https:\/\/few-group.com\/de\/#website\",\"url\":\"https:\/\/few-group.com\/de\/\",\"name\":\"FEW Automotive Group\",\"description\":\"Customized Glass Connectivity\",\"potentialAction\":[{\"@type\":\"SearchAction\",\"target\":{\"@type\":\"EntryPoint\",\"urlTemplate\":\"https:\/\/few-group.com\/de\/?s={search_term_string}\"},\"query-input\":{\"@type\":\"PropertyValueSpecification\",\"valueRequired\":true,\"valueName\":\"search_term_string\"}}],\"inLanguage\":\"en-US\"}]}<\/script>\n","yoast_head_json":{"title":"Quality Management - FEW Automotive Group","robots":{"index":"index","follow":"follow","max-snippet":"max-snippet:-1","max-image-preview":"max-image-preview:large","max-video-preview":"max-video-preview:-1"},"canonical":"https:\/\/few-group.com\/en\/few-automotive-group\/quality-management\/","og_locale":"en_US","og_type":"article","og_title":"Quality Management - FEW Automotive Group","og_description":"Quality Management Customized products with convincing quality Sup\u00adpli\u00aders in the auto\u00admo\u00adtive indus\u00adtry world\u00adwide trust in the prod\u00aducts made by the FEW Auto\u00admo\u00adtive Group. In order to ensure the sat\u00adis\u00adfac\u00adtion of our cus\u00adtomers, we have high stan\u00addards for man\u00adu\u00adfac\u00adtur\u00ading our prod\u00aducts. Reg\u00adu\u00adlar qual\u00adi\u00adty con\u00adtrols and a high lev\u00adel of flex\u00adi\u00adbil\u00adi\u00adty in the areas of devel\u00adop\u00adment, plan\u00adning&hellip;","og_url":"https:\/\/few-group.com\/en\/few-automotive-group\/quality-management\/","og_site_name":"FEW Automotive Group","article_modified_time":"2024-07-04T09:50:19+00:00","og_image":[{"url":"https:\/\/few-group.com\/wp-content\/uploads\/web-allgemein\/header-frontscheibenanschluesse.jpg","type":"","width":"","height":""}],"twitter_card":"summary_large_image","twitter_misc":{"Est. reading time":"2 minutes"},"schema":{"@context":"https:\/\/schema.org","@graph":[{"@type":"WebPage","@id":"https:\/\/few-group.com\/en\/few-automotive-group\/quality-management\/","url":"https:\/\/few-group.com\/en\/few-automotive-group\/quality-management\/","name":"Quality Management - FEW Automotive Group","isPartOf":{"@id":"https:\/\/few-group.com\/de\/#website"},"primaryImageOfPage":{"@id":"https:\/\/few-group.com\/en\/few-automotive-group\/quality-management\/#primaryimage"},"image":{"@id":"https:\/\/few-group.com\/en\/few-automotive-group\/quality-management\/#primaryimage"},"thumbnailUrl":"https:\/\/few-group.com\/wp-content\/uploads\/web-allgemein\/header-frontscheibenanschluesse.jpg","datePublished":"2017-10-17T11:27:45+00:00","dateModified":"2024-07-04T09:50:19+00:00","breadcrumb":{"@id":"https:\/\/few-group.com\/en\/few-automotive-group\/quality-management\/#breadcrumb"},"inLanguage":"en-US","potentialAction":[{"@type":"ReadAction","target":["https:\/\/few-group.com\/en\/few-automotive-group\/quality-management\/"]}]},{"@type":"ImageObject","inLanguage":"en-US","@id":"https:\/\/few-group.com\/en\/few-automotive-group\/quality-management\/#primaryimage","url":"https:\/\/few-group.com\/wp-content\/uploads\/web-allgemein\/header-frontscheibenanschluesse.jpg","contentUrl":"https:\/\/few-group.com\/wp-content\/uploads\/web-allgemein\/header-frontscheibenanschluesse.jpg"},{"@type":"BreadcrumbList","@id":"https:\/\/few-group.com\/en\/few-automotive-group\/quality-management\/#breadcrumb","itemListElement":[{"@type":"ListItem","position":1,"name":"Startseite","item":"https:\/\/few-group.com\/en\/"},{"@type":"ListItem","position":2,"name":"FEW Automotive Group","item":"https:\/\/few-group.com\/en\/few-automotive-group\/"},{"@type":"ListItem","position":3,"name":"Quality Management"}]},{"@type":"WebSite","@id":"https:\/\/few-group.com\/de\/#website","url":"https:\/\/few-group.com\/de\/","name":"FEW Automotive Group","description":"Customized Glass Connectivity","potentialAction":[{"@type":"SearchAction","target":{"@type":"EntryPoint","urlTemplate":"https:\/\/few-group.com\/de\/?s={search_term_string}"},"query-input":{"@type":"PropertyValueSpecification","valueRequired":true,"valueName":"search_term_string"}}],"inLanguage":"en-US"}]}},"_links":{"self":[{"href":"https:\/\/few-group.com\/en\/wp-json\/wp\/v2\/pages\/2323","targetHints":{"allow":["GET"]}}],"collection":[{"href":"https:\/\/few-group.com\/en\/wp-json\/wp\/v2\/pages"}],"about":[{"href":"https:\/\/few-group.com\/en\/wp-json\/wp\/v2\/types\/page"}],"author":[{"embeddable":true,"href":"https:\/\/few-group.com\/en\/wp-json\/wp\/v2\/users\/8"}],"replies":[{"embeddable":true,"href":"https:\/\/few-group.com\/en\/wp-json\/wp\/v2\/comments?post=2323"}],"version-history":[{"count":1,"href":"https:\/\/few-group.com\/en\/wp-json\/wp\/v2\/pages\/2323\/revisions"}],"predecessor-version":[{"id":3809,"href":"https:\/\/few-group.com\/en\/wp-json\/wp\/v2\/pages\/2323\/revisions\/3809"}],"up":[{"embeddable":true,"href":"https:\/\/few-group.com\/en\/wp-json\/wp\/v2\/pages\/2379"}],"wp:attachment":[{"href":"https:\/\/few-group.com\/en\/wp-json\/wp\/v2\/media?parent=2323"}],"curies":[{"name":"wp","href":"https:\/\/api.w.org\/{rel}","templated":true}]}}