{"id":2324,"date":"2017-10-19T14:35:04","date_gmt":"2017-10-19T12:35:04","guid":{"rendered":"http:\/\/few-group.com\/environmental-management\/"},"modified":"2024-07-04T12:02:55","modified_gmt":"2024-07-04T10:02:55","slug":"environmental-management","status":"publish","type":"page","link":"https:\/\/few-group.com\/en\/few-automotive-group\/environmental-management\/","title":{"rendered":"Environmental Management"},"content":{"rendered":"\n\n\t\t\t\t<img loading=\"lazy\" decoding=\"async\" src=\"https:\/\/few-group.com\/wp-content\/uploads\/web-allgemein\/header-us-umwelt.jpg\" alt=\"header-us-umwelt\" itemprop=\"image\" height=\"320\" width=\"1240\" title=\"header-us-umwelt\" onerror=\"this.style.display='none'\">\n<h1>\n\t\tEnvironmental Management&nbsp;<\/h1>\n\t<h2>Protection of the environment as a central task for the company<\/h2>\n<p>Pro\u00adtec\u00adtion of the envi\u00adron\u00adment is an impor\u00adtant part of our cor\u00adpo\u00adrate activ\u00adi\u00adty in the <span class=\"caps\">FEW<\/span> Auto\u00admo\u00adtive Group. We are aware of our respon\u00adsi\u00adbil\u00adi\u00adty to future gen\u00ader\u00ada\u00adtions, and see it as our duty to keep the effects of our actions on nature and soci\u00adety as low as pos\u00adsi\u00adble. Require\u00adments from the cus\u00adtomers and leg\u00adis\u00adla\u00adtion have also been inte\u00adgrat\u00aded into our envi\u00adron\u00admen\u00adtal strategy.<\/p>\n<h2>We are responsible<\/h2>\n<p>In order to meet our envi\u00adron\u00admen\u00adtal goals, we have cre\u00adat\u00aded guide\u00adlines which are reg\u00adu\u00adlar\u00adly checked.<\/p>\n<ul>\n<li>Envi\u00adron\u00admen\u00adtal pro\u00adtec\u00adtion is an impor\u00adtant exec\u00adu\u00adtive func\u00adtion. Oper\u00ada\u00adtional sequences are con\u00adstant\u00adly checked with regard to their effects on nature, and legal pro\u00advi\u00adsions are adhered to.<\/li>\n<li>In pro\u00adduc\u00adtion, we ensure that we pre\u00advent neg\u00ada\u00adtive effects on humans and nature from the out\u00adset and suc\u00adces\u00adsive\u00adly min\u00adi\u00admize any envi\u00adron\u00admen\u00adtal effects.<\/li>\n<li>Reli\u00adable con\u00adtrol and mon\u00adi\u00adtor\u00ading sys\u00adtems improve the oper\u00ada\u00adtional sequences and check the safe\u00adty of the sys\u00adtems and the activ\u00adi\u00adties of the employ\u00adees in terms of envi\u00adron\u00admen\u00adtal protection.<\/li>\n<li>Each and every employ\u00adee is respon\u00adsi\u00adble for achiev\u00ading our envi\u00adron\u00admen\u00adtal&nbsp;goals.<\/li>\n<\/ul>\n<h2>Practicing sustainability<\/h2>\n<p>We pay par\u00adtic\u00adu\u00adlar atten\u00adtion to man\u00adu\u00adfac\u00adtur\u00ading lead-free sol\u00adder\u00ading con\u00adnec\u00adtors. They are con\u00adstant\u00adly being fur\u00adther devel\u00adoped and improved in coop\u00ader\u00ada\u00adtion with our cus\u00adtomers. For the <span class=\"caps\">FEW<\/span> Auto\u00admo\u00adtive Group, the inter\u00adna\u00adtion\u00adal envi\u00adron\u00admen\u00adtal man\u00adage\u00adment stan\u00addard <span class=\"caps\">ISO<\/span>&nbsp;14001 is the basis for sus\u00adtain\u00adable action to pro\u00adtect the environment.<\/p>\n\t\t\t\t<img loading=\"lazy\" decoding=\"async\" src=\"https:\/\/few-group.com\/wp-content\/uploads\/web-allgemein\/siegel-tuev-iso-14001.png\" alt=\"siegel-tuev-iso-14001\" itemprop=\"image\" height=\"110\" width=\"110\" title=\"siegel-tuev-iso-14001\" onerror=\"this.style.display='none'\">\n<h4>\n\t\tOur Locations&nbsp;<\/h4>\n\t\t\t\t\t<a href=\"#\" id=\"fl-accordion--label-0\" tabindex=\"0\" aria-controls=\"fl-accordion--panel-0\"><\/a>\n\t\t\t\t\t\t\t\t\t\t\t<a href=\"#\" id=\"fl-accordion--icon-0\" tabindex=\"-1\"><i>Col\u00adlapse<\/i><\/a>\n\t\t\t\t\t<p><img loading=\"lazy\" decoding=\"async\" src=\"https:\/\/few-group.com\/wp-content\/uploads\/web-allgemein\/standortkarte-box-de.jpg\" alt=\"Environmental Management\" width=\"309\" height=\"230\"><\/p>\n\n\t\t\t\t\t<a href=\"#\" id=\"fl-accordion--label-1\" tabindex=\"0\" aria-controls=\"fl-accordion--panel-1\">Mex\u00adi\u00adco Location<\/a>\n\t\t\t\t\t\t\t\t\t\t\t<a href=\"#\" id=\"fl-accordion--icon-1\" tabindex=\"-1\"><i>Expand<\/i><\/a>\n\t\t\t\t\t<p><img loading=\"lazy\" decoding=\"async\" src=\"https:\/\/few-group.com\/wp-content\/uploads\/standorte-box-mexiko.jpg\" alt=\"Environmental Management\" width=\"500\" height=\"373\"><\/p>\n<span class=\"caps\">FEW<\/span> Auto\u00admo\u00adtive Glass Appli\u00adca\u00adtions- Mexico<br>\note uni\u00adco, Man\u00adzana <span class=\"caps\">II<\/span>, Sec\u00adcion C Numero 100 \u2014&nbsp;7,<br>\nCar\u00adretera Mena <span class=\"caps\">CIX<\/span>, <span class=\"caps\">KM<\/span> 7, <span class=\"caps\">CD<\/span>. Indus\u00adtri\u00adal Xico\u00adten\u00adcatl&nbsp;1<br>\nTet\u00adla de la Solidaridad<br>\n<span class=\"caps\">CP<\/span> 90434, Tlax\u00adcala, M\u00e9x\u00adi\u00adco.\n\t\t\t\t\t<a href=\"#\" id=\"fl-accordion--label-2\" tabindex=\"0\" aria-controls=\"fl-accordion--panel-2\">Shen\u00adzhen Location<\/a>\n\t\t\t\t\t\t\t\t\t\t\t<a href=\"#\" id=\"fl-accordion--icon-2\" tabindex=\"-1\"><i>Expand<\/i><\/a>\n\t\t\t\t\t<p><img loading=\"lazy\" decoding=\"async\" src=\"https:\/\/few-group.com\/wp-content\/uploads\/standorte-box-she.jpg\" alt=\"Environmental Management\" width=\"500\" height=\"373\"><\/p>\n<span class=\"caps\">FEW<\/span> \u2014 Auto\u00admo\u00adtive <span class=\"caps\">FPC<\/span> Appli\u00adca\u00adtion Co.,&nbsp;Ltd.<br>\nBuild\u00ading C, Yuyuan Indus\u00adtri\u00adal Park, Fuhai Street, BaoAn Dis\u00adtrict, Shen\u00adzhen\n\t\t\t\t\t<a href=\"#\" id=\"fl-accordion--label-3\" tabindex=\"0\" aria-controls=\"fl-accordion--panel-3\">Czech Repub\u00adlic Location<\/a>\n\t\t\t\t\t\t\t\t\t\t\t<a href=\"#\" id=\"fl-accordion--icon-3\" tabindex=\"-1\"><i>Expand<\/i><\/a>\n\t\t\t\t\t<p><img loading=\"lazy\" decoding=\"async\" src=\"https:\/\/few-group.com\/wp-content\/uploads\/standorte-box-cz.jpg\" alt=\"Environmental Management\" width=\"500\" height=\"373\"><\/p>\n<span class=\"caps\">FEW<\/span> \u017dan\u00addov, s.r.o.<br>\nN\u00e1dra\u017en\u00ed 10, 471 07 \u017dandov&nbsp;<a href=\"#\" id=\"fl-accordion--label-4\" tabindex=\"0\" aria-controls=\"fl-accordion--panel-4\"><\/a>\n\t\t\t\t\t\t\t\t\t\t\t<a href=\"#\" id=\"fl-accordion--icon-4\" tabindex=\"-1\"><i>Expand<\/i><\/a>\n\t\t\t\t\t<p><img loading=\"lazy\" decoding=\"async\" src=\"https:\/\/few-group.com\/wp-content\/uploads\/web-allgemein\/standortkarte-box-ch.jpg\" alt=\"Environmental Management\" width=\"309\" height=\"230\"><\/p>\n\n\t\t\t\t\t<a href=\"#\" id=\"fl-accordion--label-5\" tabindex=\"0\" aria-controls=\"fl-accordion--panel-5\"><span class=\"caps\">USA<\/span><\/a>\n\t\t\t\t\t\t\t\t\t\t\t<a href=\"#\" id=\"fl-accordion--icon-5\" tabindex=\"-1\"><i>Expand<\/i><\/a>\n\t\t\t\t\tE\u2011mail:<br>\nsales.usa@few-group.com\n\t\t\t\t\t<a href=\"#\" id=\"fl-accordion--label-6\" tabindex=\"0\" aria-controls=\"fl-accordion--panel-6\"><\/a>\n\t\t\t\t\t\t\t\t\t\t\t<a href=\"#\" id=\"fl-accordion--icon-6\" tabindex=\"-1\"><i>Expand<\/i><\/a>\n\t\t\t\t\t<p><img loading=\"lazy\" decoding=\"async\" src=\"https:\/\/few-group.com\/wp-content\/uploads\/web-allgemein\/standortkarte-box-jp-vp.jpg\" alt=\"Environmental Management\" width=\"309\" height=\"230\"><\/p>\n\n<h4>\n\t\tDownloads&nbsp;<\/h4>\n\t\t<h4>Certificates<\/h4>\n\t\t\t\t<img loading=\"lazy\" decoding=\"async\" src=\"https:\/\/few-group.com\/wp-content\/uploads\/few-zertifikat.jpg\" alt=\"few-zertifikat\" itemprop=\"image\" height=\"600\" width=\"800\" title=\"few-zertifikat\" onerror=\"this.style.display='none'\">\n<p>Down\u00adload our Cer\u00adtifi\u00adcates&nbsp;here.<\/p>\n<p><a href=\"https:\/\/few-group.com\/wp-content\/uploads\/12685ms_00_en-2.pdf\" target=\"_blank\" rel=\"noopener\"><span class=\"caps\">ISO<\/span> 9001 <span class=\"caps\">FEW<\/span>&nbsp;Group<\/a><\/p>\n<p><a href=\"https:\/\/few-group.com\/wp-content\/uploads\/12685ms_01_de_en_chi.pdf\" target=\"_blank\" rel=\"noopener\"><span class=\"caps\">ISO<\/span> 9001 <span class=\"caps\">FEW<\/span>&nbsp;China<\/a><\/p>\n<p><a href=\"https:\/\/few-group.com\/wp-content\/uploads\/12685ms_en.pdf\" target=\"_blank\" rel=\"noopener\"><span class=\"caps\">IATF<\/span> <span class=\"caps\">FEW<\/span> Germany<\/a><\/p>\n<p><a href=\"https:\/\/few-group.com\/wp-content\/uploads\/12685msIATF_en03-2.pdf\" target=\"_blank\" rel=\"noopener\"><span class=\"caps\">IATF<\/span> <span class=\"caps\">FEW<\/span>&nbsp;<span class=\"caps\">USA<\/span><\/a><\/p>\n<p><a href=\"https:\/\/few-group.com\/wp-content\/uploads\/ISO14001_en.pdf\" target=\"_blank\" rel=\"noopener\"><span class=\"caps\">ISO<\/span> 14001<\/a><\/p>\n\n","protected":false},"excerpt":{"rendered":"<p>Envi\u00adron\u00admen\u00adtal Man\u00adage\u00adment Pro\u00adtec\u00adtion of the envi\u00adron\u00adment as a cen\u00adtral task for the com\u00adpa\u00adny Pro\u00adtec\u00adtion of the envi\u00adron\u00adment is an impor\u00adtant part of our cor\u00adpo\u00adrate activ\u00adi\u00adty in the <span class=\"caps\">FEW<\/span> Auto\u00admo\u00adtive Group. We are aware of our respon\u00adsi\u00adbil\u00adi\u00adty to future gen\u00ader\u00ada\u00adtions, and see it as our duty to keep the effects of our actions on nature and\u2026<\/p>\n","protected":false},"author":8,"featured_media":0,"parent":2379,"menu_order":5,"comment_status":"closed","ping_status":"closed","template":"","meta":{"_acf_changed":false,"wp_typography_post_enhancements_disabled":false,"footnotes":""},"class_list":["post-2324","page","type-page","status-publish","hentry"],"acf":[],"yoast_head":"\n<title>Environmental Management - FEW Automotive Group<\/title>\n<meta name=\"robots\" content=\"index, follow, max-snippet:-1, max-image-preview:large, max-video-preview:-1\" \/>\n<link rel=\"canonical\" href=\"https:\/\/few-group.com\/en\/few-automotive-group\/environmental-management\/\" \/>\n<meta property=\"og:locale\" content=\"en_US\" \/>\n<meta property=\"og:type\" content=\"article\" \/>\n<meta property=\"og:title\" content=\"Environmental Management - FEW Automotive Group\" \/>\n<meta property=\"og:description\" content=\"Environmental Management Protection of the environment as a central task for the company Pro\u00adtec\u00adtion of the envi\u00adron\u00adment is an impor\u00adtant part of our cor\u00adpo\u00adrate activ\u00adi\u00adty in the FEW Auto\u00admo\u00adtive Group. We are aware of our respon\u00adsi\u00adbil\u00adi\u00adty to future gen\u00ader\u00ada\u00adtions, and see it as our duty to keep the effects of our actions on nature and&hellip;\" \/>\n<meta property=\"og:url\" content=\"https:\/\/few-group.com\/en\/few-automotive-group\/environmental-management\/\" \/>\n<meta property=\"og:site_name\" content=\"FEW Automotive Group\" \/>\n<meta property=\"article:modified_time\" content=\"2024-07-04T10:02:55+00:00\" \/>\n<meta property=\"og:image\" content=\"https:\/\/few-group.com\/wp-content\/uploads\/web-allgemein\/header-us-umwelt.jpg\" \/>\n<meta name=\"twitter:card\" content=\"summary_large_image\" \/>\n<meta name=\"twitter:label1\" content=\"Est. reading time\" \/>\n\t<meta name=\"twitter:data1\" content=\"2 minutes\" \/>\n<script type=\"application\/ld+json\" class=\"yoast-schema-graph\">{\"@context\":\"https:\/\/schema.org\",\"@graph\":[{\"@type\":\"WebPage\",\"@id\":\"https:\/\/few-group.com\/en\/few-automotive-group\/environmental-management\/\",\"url\":\"https:\/\/few-group.com\/en\/few-automotive-group\/environmental-management\/\",\"name\":\"Environmental Management - FEW Automotive Group\",\"isPartOf\":{\"@id\":\"https:\/\/few-group.com\/de\/#website\"},\"primaryImageOfPage\":{\"@id\":\"https:\/\/few-group.com\/en\/few-automotive-group\/environmental-management\/#primaryimage\"},\"image\":{\"@id\":\"https:\/\/few-group.com\/en\/few-automotive-group\/environmental-management\/#primaryimage\"},\"thumbnailUrl\":\"https:\/\/few-group.com\/wp-content\/uploads\/web-allgemein\/header-us-umwelt.jpg\",\"datePublished\":\"2017-10-19T12:35:04+00:00\",\"dateModified\":\"2024-07-04T10:02:55+00:00\",\"breadcrumb\":{\"@id\":\"https:\/\/few-group.com\/en\/few-automotive-group\/environmental-management\/#breadcrumb\"},\"inLanguage\":\"en-US\",\"potentialAction\":[{\"@type\":\"ReadAction\",\"target\":[\"https:\/\/few-group.com\/en\/few-automotive-group\/environmental-management\/\"]}]},{\"@type\":\"ImageObject\",\"inLanguage\":\"en-US\",\"@id\":\"https:\/\/few-group.com\/en\/few-automotive-group\/environmental-management\/#primaryimage\",\"url\":\"https:\/\/few-group.com\/wp-content\/uploads\/web-allgemein\/header-us-umwelt.jpg\",\"contentUrl\":\"https:\/\/few-group.com\/wp-content\/uploads\/web-allgemein\/header-us-umwelt.jpg\"},{\"@type\":\"BreadcrumbList\",\"@id\":\"https:\/\/few-group.com\/en\/few-automotive-group\/environmental-management\/#breadcrumb\",\"itemListElement\":[{\"@type\":\"ListItem\",\"position\":1,\"name\":\"Startseite\",\"item\":\"https:\/\/few-group.com\/en\/\"},{\"@type\":\"ListItem\",\"position\":2,\"name\":\"FEW Automotive Group\",\"item\":\"https:\/\/few-group.com\/en\/few-automotive-group\/\"},{\"@type\":\"ListItem\",\"position\":3,\"name\":\"Environmental Management\"}]},{\"@type\":\"WebSite\",\"@id\":\"https:\/\/few-group.com\/de\/#website\",\"url\":\"https:\/\/few-group.com\/de\/\",\"name\":\"FEW Automotive Group\",\"description\":\"Customized Glass Connectivity\",\"potentialAction\":[{\"@type\":\"SearchAction\",\"target\":{\"@type\":\"EntryPoint\",\"urlTemplate\":\"https:\/\/few-group.com\/de\/?s={search_term_string}\"},\"query-input\":{\"@type\":\"PropertyValueSpecification\",\"valueRequired\":true,\"valueName\":\"search_term_string\"}}],\"inLanguage\":\"en-US\"}]}<\/script>\n","yoast_head_json":{"title":"Environmental Management - FEW Automotive Group","robots":{"index":"index","follow":"follow","max-snippet":"max-snippet:-1","max-image-preview":"max-image-preview:large","max-video-preview":"max-video-preview:-1"},"canonical":"https:\/\/few-group.com\/en\/few-automotive-group\/environmental-management\/","og_locale":"en_US","og_type":"article","og_title":"Environmental Management - FEW Automotive Group","og_description":"Environmental Management Protection of the environment as a central task for the company Pro\u00adtec\u00adtion of the envi\u00adron\u00adment is an impor\u00adtant part of our cor\u00adpo\u00adrate activ\u00adi\u00adty in the FEW Auto\u00admo\u00adtive Group. We are aware of our respon\u00adsi\u00adbil\u00adi\u00adty to future gen\u00ader\u00ada\u00adtions, and see it as our duty to keep the effects of our actions on nature and&hellip;","og_url":"https:\/\/few-group.com\/en\/few-automotive-group\/environmental-management\/","og_site_name":"FEW Automotive Group","article_modified_time":"2024-07-04T10:02:55+00:00","og_image":[{"url":"https:\/\/few-group.com\/wp-content\/uploads\/web-allgemein\/header-us-umwelt.jpg","type":"","width":"","height":""}],"twitter_card":"summary_large_image","twitter_misc":{"Est. reading time":"2 minutes"},"schema":{"@context":"https:\/\/schema.org","@graph":[{"@type":"WebPage","@id":"https:\/\/few-group.com\/en\/few-automotive-group\/environmental-management\/","url":"https:\/\/few-group.com\/en\/few-automotive-group\/environmental-management\/","name":"Environmental Management - FEW Automotive Group","isPartOf":{"@id":"https:\/\/few-group.com\/de\/#website"},"primaryImageOfPage":{"@id":"https:\/\/few-group.com\/en\/few-automotive-group\/environmental-management\/#primaryimage"},"image":{"@id":"https:\/\/few-group.com\/en\/few-automotive-group\/environmental-management\/#primaryimage"},"thumbnailUrl":"https:\/\/few-group.com\/wp-content\/uploads\/web-allgemein\/header-us-umwelt.jpg","datePublished":"2017-10-19T12:35:04+00:00","dateModified":"2024-07-04T10:02:55+00:00","breadcrumb":{"@id":"https:\/\/few-group.com\/en\/few-automotive-group\/environmental-management\/#breadcrumb"},"inLanguage":"en-US","potentialAction":[{"@type":"ReadAction","target":["https:\/\/few-group.com\/en\/few-automotive-group\/environmental-management\/"]}]},{"@type":"ImageObject","inLanguage":"en-US","@id":"https:\/\/few-group.com\/en\/few-automotive-group\/environmental-management\/#primaryimage","url":"https:\/\/few-group.com\/wp-content\/uploads\/web-allgemein\/header-us-umwelt.jpg","contentUrl":"https:\/\/few-group.com\/wp-content\/uploads\/web-allgemein\/header-us-umwelt.jpg"},{"@type":"BreadcrumbList","@id":"https:\/\/few-group.com\/en\/few-automotive-group\/environmental-management\/#breadcrumb","itemListElement":[{"@type":"ListItem","position":1,"name":"Startseite","item":"https:\/\/few-group.com\/en\/"},{"@type":"ListItem","position":2,"name":"FEW Automotive Group","item":"https:\/\/few-group.com\/en\/few-automotive-group\/"},{"@type":"ListItem","position":3,"name":"Environmental Management"}]},{"@type":"WebSite","@id":"https:\/\/few-group.com\/de\/#website","url":"https:\/\/few-group.com\/de\/","name":"FEW Automotive Group","description":"Customized Glass Connectivity","potentialAction":[{"@type":"SearchAction","target":{"@type":"EntryPoint","urlTemplate":"https:\/\/few-group.com\/de\/?s={search_term_string}"},"query-input":{"@type":"PropertyValueSpecification","valueRequired":true,"valueName":"search_term_string"}}],"inLanguage":"en-US"}]}},"_links":{"self":[{"href":"https:\/\/few-group.com\/en\/wp-json\/wp\/v2\/pages\/2324","targetHints":{"allow":["GET"]}}],"collection":[{"href":"https:\/\/few-group.com\/en\/wp-json\/wp\/v2\/pages"}],"about":[{"href":"https:\/\/few-group.com\/en\/wp-json\/wp\/v2\/types\/page"}],"author":[{"embeddable":true,"href":"https:\/\/few-group.com\/en\/wp-json\/wp\/v2\/users\/8"}],"replies":[{"embeddable":true,"href":"https:\/\/few-group.com\/en\/wp-json\/wp\/v2\/comments?post=2324"}],"version-history":[{"count":1,"href":"https:\/\/few-group.com\/en\/wp-json\/wp\/v2\/pages\/2324\/revisions"}],"predecessor-version":[{"id":3810,"href":"https:\/\/few-group.com\/en\/wp-json\/wp\/v2\/pages\/2324\/revisions\/3810"}],"up":[{"embeddable":true,"href":"https:\/\/few-group.com\/en\/wp-json\/wp\/v2\/pages\/2379"}],"wp:attachment":[{"href":"https:\/\/few-group.com\/en\/wp-json\/wp\/v2\/media?parent=2324"}],"curies":[{"name":"wp","href":"https:\/\/api.w.org\/{rel}","templated":true}]}}