{"id":2378,"date":"2017-11-01T15:21:42","date_gmt":"2017-11-01T14:21:42","guid":{"rendered":"http:\/\/few-group.com\/home\/"},"modified":"2024-07-04T11:46:48","modified_gmt":"2024-07-04T09:46:48","slug":"home","status":"publish","type":"page","link":"https:\/\/few-group.com\/en\/","title":{"rendered":"Home"},"content":{"rendered":"\n\n\t\t\t<img decoding=\"async\" loading=\"false\" src=\"https:\/\/few-group.com\/wp-content\/uploads\/web-allgemein\/header-frontscheibenanschluesse.jpg\" alt=\"Home\">\t\t\t\n\t\t\t<img decoding=\"async\" loading=\"false\" src=\"https:\/\/few-group.com\/wp-content\/uploads\/2017\/06\/header-loetstation.jpg\" alt=\"Home\">\t\t\t\n\t\t\t<img decoding=\"async\" loading=\"false\" src=\"https:\/\/few-group.com\/wp-content\/uploads\/web-allgemein\/headerbilder_startseite_3.jpg\" alt=\"Home\">\t\t\t\n\t\t\t<img decoding=\"async\" loading=\"false\" src=\"https:\/\/few-group.com\/wp-content\/uploads\/web-allgemein\/header-us-rundlitzen-crimpkontakt.jpg\" alt=\"Home\">\t\t\t\n\t\t\t<img decoding=\"async\" loading=\"false\" src=\"https:\/\/few-group.com\/wp-content\/uploads\/web-allgemein\/header-start-01-hell.jpg\" alt=\"Home\">\t\t\t\n\t\t\t\t<a href=\"#\" aria-label=\"previous\" role=\"button\">\n<\/a>\n\t\t\t\t<a href=\"#\" aria-label=\"next\" role=\"button\">\n<\/a>\n<h1>\n\t\t<span class=\"caps\">FEW<\/span> Automotive Group&nbsp;<\/h1>\n\t<h2>Customized soldering connectors for the automotive industry<\/h2>\n<p>Wel\u00adcome to the <span class=\"caps\">FEW<\/span> Auto\u00admo\u00adtive&nbsp;Group!<\/p>\n<p>The <a href=\"http:\/\/few-group.com\/few-automotive-group\/unternehmensprofil\/\"><span class=\"caps\">FEW<\/span> Auto\u00admo\u00adtive Group<\/a> is one of the glob\u00adal\u00adly-lead\u00ading man\u00adu\u00adfac\u00adtur\u00aders of pre-sol\u00addered con\u00adnec\u00adtors for the auto\u00admo\u00adtive indus\u00adtry. Found\u00aded in 1995 in Ger\u00admany, our com\u00adpa\u00adny has an extreme\u00adly high lev\u00adel of <a href=\"http:\/\/few-group.com\/few-automotive-group\/produktentwicklung\/\">exper\u00adtise<\/a>. High\u00adly qual\u00adi\u00adfied employ\u00adees at all <a href=\"http:\/\/few-group.com\/few-automotive-group\/standorte\/\">loca\u00adtions<\/a>, con\u00adtin\u00adu\u00adous process con\u00adtrol, an above-aver\u00adage lev\u00adel of automa\u00adtion, and coop\u00ader\u00ada\u00adtion with high-per\u00adfor\u00admance sup\u00adpli\u00aders are the basis for the man\u00adu\u00adfac\u00adtur\u00ading of&nbsp;<a href=\"http:\/\/few-group.com\/few-automotive-group\/umweltmanagement\/\">of&nbsp;envi\u00adron\u00admen\u00adtal\u00adly sen\u00adsi\u00adtive<\/a> prod\u00aducts at an out\u00adstand\u00ading lev\u00adel of <a href=\"http:\/\/few-group.com\/few-automotive-group\/qualitaetsmanagement\/\">qual\u00adi\u00adty<\/a>.<\/p>\n<h2>Soldering connectors for windshields and backlites<\/h2>\n<p>In agree\u00adment with our cus\u00adtomers, we man\u00adu\u00adfac\u00adture cus\u00adtomized <a href=\"http:\/\/few-group.com\/frontscheibenanschluesse\/\">zed&nbsp;sol\u00adder\u00ading con\u00adnec\u00adtors for wind\u00adshields<\/a> and <a href=\"http:\/\/few-group.com\/heck-und-seitenscheibenanschluesse\/\">back\u00adlites<\/a>. These ele\u00adments con\u00adnect the elec\u00adtri\u00adcal sys\u00adtem of a vehi\u00adcle with the appli\u00adca\u00adtions for heat\u00ading pan\u00adels, anten\u00adnas and sen\u00adsors. Lead-free sol\u00adder\u00ading con\u00adnec\u00adtors and not using eco\u00adlog\u00adi\u00adcal\u00adly harm\u00adful heavy met\u00adals are stan\u00addard for the <span class=\"caps\">FEW<\/span> Auto\u00admo\u00adtive Group. The con\u00adnec\u00adtors that we make are suit\u00adable for all vehi\u00adcle load&nbsp;types.<\/p>\n<h2>Customer-oriented solutions for the automotive industry<\/h2>\n<p>We place par\u00adtic\u00adu\u00adlar val\u00adue on close coop\u00ader\u00ada\u00adtion with our cus\u00adtomers. We cre\u00adate cus\u00adtomized solu\u00adtions accord\u00ading to the spe\u00adcif\u00adic needs and man\u00adu\u00adfac\u00adture sol\u00adder\u00ading con\u00adnec\u00adtors with any desired func\u00adtion\u00adal\u00adi\u00adty, shape and size. Effi\u00adcient devel\u00adop\u00adment process\u00ades, pro\u00adfes\u00adsion\u00adal\u00adism and expe\u00adri\u00adence, as well as an enthu\u00adsi\u00adasm for inno\u00adva\u00adtions are the pil\u00adlars for man\u00adu\u00adfac\u00adtur\u00ading qual\u00adi\u00adta\u00adtive\u00adly high-qual\u00adi\u00adty prod\u00aducts. In doing so, time\u00adly, dead\u00adline-dri\u00adven and cost-opti\u00admal imple\u00admen\u00adta\u00adtion of your project of course goes with\u00adout say\u00ading for&nbsp;us.&nbsp;<\/p>\n<h4>\n\t\tOur Locations&nbsp;<\/h4>\n\t\t\t\t\t<a href=\"#\" id=\"fl-accordion--label-0\" tabindex=\"0\" aria-controls=\"fl-accordion--panel-0\"><\/a>\n\t\t\t\t\t\t\t\t\t\t\t<a href=\"#\" id=\"fl-accordion--icon-0\" tabindex=\"-1\"><i>Col\u00adlapse<\/i><\/a>\n\t\t\t\t\t<p><img loading=\"lazy\" decoding=\"async\" src=\"https:\/\/few-group.com\/wp-content\/uploads\/web-allgemein\/standortkarte-box-de.jpg\" alt=\"Home\" width=\"309\" height=\"230\"><\/p>\n\n\t\t\t\t\t<a href=\"#\" id=\"fl-accordion--label-1\" tabindex=\"0\" aria-controls=\"fl-accordion--panel-1\">Mex\u00adi\u00adco Location<\/a>\n\t\t\t\t\t\t\t\t\t\t\t<a href=\"#\" id=\"fl-accordion--icon-1\" tabindex=\"-1\"><i>Expand<\/i><\/a>\n\t\t\t\t\t<p><img loading=\"lazy\" decoding=\"async\" src=\"https:\/\/few-group.com\/wp-content\/uploads\/standorte-box-mexiko.jpg\" alt=\"Home\" width=\"500\" height=\"373\"><\/p>\n<span class=\"caps\">FEW<\/span> Auto\u00admo\u00adtive Glass Appli\u00adca\u00adtions- Mexico<br>\note uni\u00adco, Man\u00adzana <span class=\"caps\">II<\/span>, Sec\u00adcion C Numero 100 \u2014&nbsp;7,<br>\nCar\u00adretera Mena <span class=\"caps\">CIX<\/span>, <span class=\"caps\">KM<\/span> 7, <span class=\"caps\">CD<\/span>. Indus\u00adtri\u00adal Xico\u00adten\u00adcatl&nbsp;1<br>\nTet\u00adla de la Solidaridad<br>\n<span class=\"caps\">CP<\/span> 90434, Tlax\u00adcala, M\u00e9x\u00adi\u00adco.\n\t\t\t\t\t<a href=\"#\" id=\"fl-accordion--label-2\" tabindex=\"0\" aria-controls=\"fl-accordion--panel-2\">Loca\u00adtion Shenzhen<\/a>\n\t\t\t\t\t\t\t\t\t\t\t<a href=\"#\" id=\"fl-accordion--icon-2\" tabindex=\"-1\"><i>Expand<\/i><\/a>\n\t\t\t\t\t<p><img loading=\"lazy\" decoding=\"async\" src=\"https:\/\/few-group.com\/wp-content\/uploads\/standorte-box-she.jpg\" alt=\"Home\" width=\"500\" height=\"373\"><\/p>\n<span class=\"caps\">FEW<\/span> \u2014 Auto\u00admo\u00adtive <span class=\"caps\">FPC<\/span> Appli\u00adca\u00adtion Co.,&nbsp;Ltd.<br>\nBuild\u00ading C, Yuyuan Indus\u00adtri\u00adal Park, Fuhai Street, BaoAn Dis\u00adtrict, Shen\u00adzhen\n\t\t\t\t\t<a href=\"#\" id=\"fl-accordion--label-3\" tabindex=\"0\" aria-controls=\"fl-accordion--panel-3\">Loca\u00adtion Czech Republic<\/a>\n\t\t\t\t\t\t\t\t\t\t\t<a href=\"#\" id=\"fl-accordion--icon-3\" tabindex=\"-1\"><i>Expand<\/i><\/a>\n\t\t\t\t\t<p><img loading=\"lazy\" decoding=\"async\" src=\"https:\/\/few-group.com\/wp-content\/uploads\/standorte-box-cz.jpg\" alt=\"Home\" width=\"500\" height=\"373\"><\/p>\n<span class=\"caps\">FEW<\/span> \u017dan\u00addov, s.r.o.<br>\nN\u00e1dra\u017en\u00ed 10, 471 07 \u017dandov&nbsp;<a href=\"#\" id=\"fl-accordion--label-4\" tabindex=\"0\" aria-controls=\"fl-accordion--panel-4\"><\/a>\n\t\t\t\t\t\t\t\t\t\t\t<a href=\"#\" id=\"fl-accordion--icon-4\" tabindex=\"-1\"><i>Expand<\/i><\/a>\n\t\t\t\t\t<p><img loading=\"lazy\" decoding=\"async\" src=\"https:\/\/few-group.com\/wp-content\/uploads\/web-allgemein\/standortkarte-box-ch.jpg\" alt=\"Home\" width=\"309\" height=\"230\"><\/p>\n\n\t\t\t\t\t<a href=\"#\" id=\"fl-accordion--label-5\" tabindex=\"0\" aria-controls=\"fl-accordion--panel-5\"><span class=\"caps\">USA<\/span><\/a>\n\t\t\t\t\t\t\t\t\t\t\t<a href=\"#\" id=\"fl-accordion--icon-5\" tabindex=\"-1\"><i>Expand<\/i><\/a>\n\t\t\t\t\tE\u2011mail:<br>\nsales.usa@few-group.com\n\t\t\t\t\t<a href=\"#\" id=\"fl-accordion--label-6\" tabindex=\"0\" aria-controls=\"fl-accordion--panel-6\"><\/a>\n\t\t\t\t\t\t\t\t\t\t\t<a href=\"#\" id=\"fl-accordion--icon-6\" tabindex=\"-1\"><i>Expand<\/i><\/a>\n\t\t\t\t\t<p><img loading=\"lazy\" decoding=\"async\" src=\"https:\/\/few-group.com\/wp-content\/uploads\/web-allgemein\/standortkarte-box-jp-vp.jpg\" alt=\"Home\" width=\"309\" height=\"230\"><\/p>\n\n<h4>\n\t\tDownloads&nbsp;<\/h4>\n\t\t<h4><\/h4>\n\t\t\t\t<img loading=\"lazy\" decoding=\"async\" src=\"https:\/\/few-group.com\/wp-content\/uploads\/web-allgemein\/few-product-catalogue-2.jpg\" alt=\"few-product-catalogue-2\" itemprop=\"image\" height=\"600\" width=\"800\" title=\"few-product-catalogue-2\" onerror=\"this.style.display='none'\">\n\n<p><a href=\"\/wp-content\/uploads\/downloads\/produktkatalog\/FEW-Produktkatalog-de.pdf\" target=\"_blank\" rel=\"noopener\"><\/a><\/p>\n<p><a href=\"\/wp-content\/uploads\/downloads\/produktkatalog\/FEW-Produktkatalog-en.pdf\" target=\"_blank\" rel=\"noopener\"><\/a><\/p>\n\n","protected":false},"excerpt":{"rendered":"<p><span class=\"caps\">FEW<\/span> Auto\u00admo\u00adtive Group Cus\u00adtomized sol\u00adder\u00ading con\u00adnec\u00adtors for the auto\u00admo\u00adtive indus\u00adtry Wel\u00adcome to the <span class=\"caps\">FEW<\/span> Auto\u00admo\u00adtive&nbsp;Group! The <span class=\"caps\">FEW<\/span> Auto\u00admo\u00adtive Group is one of the glob\u00adal\u00ad\u00ad\u00adly-lead\u00ad\u00ad\u00ading man\u00adu\u00adfac\u00adtur\u00aders of pre-sol\u00addered con\u00adnec\u00adtors for the auto\u00admo\u00adtive indus\u00adtry. Found\u00aded in 1995 in Ger\u00admany, our com\u00adpa\u00adny has an extreme\u00adly high lev\u00adel of exper\u00adtise. High\u00adly qual\u00adi\u00adfied employ\u00adees at all loca\u00adtions, con\u00adtin\u00adu\u00adous process control,\u2026<\/p>\n","protected":false},"author":8,"featured_media":0,"parent":0,"menu_order":1,"comment_status":"closed","ping_status":"closed","template":"","meta":{"_acf_changed":false,"wp_typography_post_enhancements_disabled":false,"footnotes":""},"class_list":["post-2378","page","type-page","status-publish","hentry"],"acf":[],"yoast_head":"\n<title>FEW Automotive Group \u2013 Customized soldering connectors Made in Germany<\/title>\n<meta name=\"description\" content=\"Customized soldering connectors for the automotive industry\" \/>\n<meta name=\"robots\" content=\"index, follow, max-snippet:-1, max-image-preview:large, max-video-preview:-1\" \/>\n<link rel=\"canonical\" href=\"https:\/\/few-group.com\/en\/\" \/>\n<meta property=\"og:locale\" content=\"en_US\" \/>\n<meta property=\"og:type\" content=\"article\" \/>\n<meta property=\"og:title\" content=\"FEW Automotive Group \u2013 Customized soldering connectors Made in Germany\" \/>\n<meta property=\"og:description\" content=\"Customized soldering connectors for the automotive industry\" \/>\n<meta property=\"og:url\" content=\"https:\/\/few-group.com\/en\/\" \/>\n<meta property=\"og:site_name\" content=\"FEW Automotive Group\" \/>\n<meta property=\"article:modified_time\" content=\"2024-07-04T09:46:48+00:00\" \/>\n<meta property=\"og:image\" content=\"https:\/\/few-group.com\/wp-content\/uploads\/web-allgemein\/header-frontscheibenanschluesse.jpg\" \/>\n<meta name=\"twitter:card\" content=\"summary_large_image\" \/>\n<meta name=\"twitter:label1\" content=\"Est. reading time\" \/>\n\t<meta name=\"twitter:data1\" content=\"2 minutes\" \/>\n<script type=\"application\/ld+json\" class=\"yoast-schema-graph\">{\"@context\":\"https:\/\/schema.org\",\"@graph\":[{\"@type\":\"WebPage\",\"@id\":\"https:\/\/few-group.com\/en\/\",\"url\":\"https:\/\/few-group.com\/en\/\",\"name\":\"FEW Automotive Group \u2013 Customized soldering connectors Made in Germany\",\"isPartOf\":{\"@id\":\"https:\/\/few-group.com\/de\/#website\"},\"primaryImageOfPage\":{\"@id\":\"https:\/\/few-group.com\/en\/#primaryimage\"},\"image\":{\"@id\":\"https:\/\/few-group.com\/en\/#primaryimage\"},\"thumbnailUrl\":\"https:\/\/few-group.com\/wp-content\/uploads\/web-allgemein\/header-frontscheibenanschluesse.jpg\",\"datePublished\":\"2017-11-01T14:21:42+00:00\",\"dateModified\":\"2024-07-04T09:46:48+00:00\",\"description\":\"Customized soldering connectors for the automotive industry\",\"breadcrumb\":{\"@id\":\"https:\/\/few-group.com\/en\/#breadcrumb\"},\"inLanguage\":\"en-US\",\"potentialAction\":[{\"@type\":\"ReadAction\",\"target\":[\"https:\/\/few-group.com\/en\/\"]}]},{\"@type\":\"ImageObject\",\"inLanguage\":\"en-US\",\"@id\":\"https:\/\/few-group.com\/en\/#primaryimage\",\"url\":\"https:\/\/few-group.com\/wp-content\/uploads\/web-allgemein\/header-frontscheibenanschluesse.jpg\",\"contentUrl\":\"https:\/\/few-group.com\/wp-content\/uploads\/web-allgemein\/header-frontscheibenanschluesse.jpg\"},{\"@type\":\"BreadcrumbList\",\"@id\":\"https:\/\/few-group.com\/en\/#breadcrumb\",\"itemListElement\":[{\"@type\":\"ListItem\",\"position\":1,\"name\":\"Startseite\",\"item\":\"https:\/\/few-group.com\/en\/\"},{\"@type\":\"ListItem\",\"position\":2,\"name\":\"Home\"}]},{\"@type\":\"WebSite\",\"@id\":\"https:\/\/few-group.com\/de\/#website\",\"url\":\"https:\/\/few-group.com\/de\/\",\"name\":\"FEW Automotive Group\",\"description\":\"Customized Glass Connectivity\",\"potentialAction\":[{\"@type\":\"SearchAction\",\"target\":{\"@type\":\"EntryPoint\",\"urlTemplate\":\"https:\/\/few-group.com\/de\/?s={search_term_string}\"},\"query-input\":{\"@type\":\"PropertyValueSpecification\",\"valueRequired\":true,\"valueName\":\"search_term_string\"}}],\"inLanguage\":\"en-US\"}]}<\/script>\n","yoast_head_json":{"title":"FEW Automotive Group \u2013 Customized soldering connectors Made in Germany","description":"Customized soldering connectors for the automotive industry","robots":{"index":"index","follow":"follow","max-snippet":"max-snippet:-1","max-image-preview":"max-image-preview:large","max-video-preview":"max-video-preview:-1"},"canonical":"https:\/\/few-group.com\/en\/","og_locale":"en_US","og_type":"article","og_title":"FEW Automotive Group \u2013 Customized soldering connectors Made in Germany","og_description":"Customized soldering connectors for the automotive industry","og_url":"https:\/\/few-group.com\/en\/","og_site_name":"FEW Automotive Group","article_modified_time":"2024-07-04T09:46:48+00:00","og_image":[{"url":"https:\/\/few-group.com\/wp-content\/uploads\/web-allgemein\/header-frontscheibenanschluesse.jpg","type":"","width":"","height":""}],"twitter_card":"summary_large_image","twitter_misc":{"Est. reading time":"2 minutes"},"schema":{"@context":"https:\/\/schema.org","@graph":[{"@type":"WebPage","@id":"https:\/\/few-group.com\/en\/","url":"https:\/\/few-group.com\/en\/","name":"FEW Automotive Group \u2013 Customized soldering connectors Made in Germany","isPartOf":{"@id":"https:\/\/few-group.com\/de\/#website"},"primaryImageOfPage":{"@id":"https:\/\/few-group.com\/en\/#primaryimage"},"image":{"@id":"https:\/\/few-group.com\/en\/#primaryimage"},"thumbnailUrl":"https:\/\/few-group.com\/wp-content\/uploads\/web-allgemein\/header-frontscheibenanschluesse.jpg","datePublished":"2017-11-01T14:21:42+00:00","dateModified":"2024-07-04T09:46:48+00:00","description":"Customized soldering connectors for the automotive industry","breadcrumb":{"@id":"https:\/\/few-group.com\/en\/#breadcrumb"},"inLanguage":"en-US","potentialAction":[{"@type":"ReadAction","target":["https:\/\/few-group.com\/en\/"]}]},{"@type":"ImageObject","inLanguage":"en-US","@id":"https:\/\/few-group.com\/en\/#primaryimage","url":"https:\/\/few-group.com\/wp-content\/uploads\/web-allgemein\/header-frontscheibenanschluesse.jpg","contentUrl":"https:\/\/few-group.com\/wp-content\/uploads\/web-allgemein\/header-frontscheibenanschluesse.jpg"},{"@type":"BreadcrumbList","@id":"https:\/\/few-group.com\/en\/#breadcrumb","itemListElement":[{"@type":"ListItem","position":1,"name":"Startseite","item":"https:\/\/few-group.com\/en\/"},{"@type":"ListItem","position":2,"name":"Home"}]},{"@type":"WebSite","@id":"https:\/\/few-group.com\/de\/#website","url":"https:\/\/few-group.com\/de\/","name":"FEW Automotive Group","description":"Customized Glass Connectivity","potentialAction":[{"@type":"SearchAction","target":{"@type":"EntryPoint","urlTemplate":"https:\/\/few-group.com\/de\/?s={search_term_string}"},"query-input":{"@type":"PropertyValueSpecification","valueRequired":true,"valueName":"search_term_string"}}],"inLanguage":"en-US"}]}},"_links":{"self":[{"href":"https:\/\/few-group.com\/en\/wp-json\/wp\/v2\/pages\/2378","targetHints":{"allow":["GET"]}}],"collection":[{"href":"https:\/\/few-group.com\/en\/wp-json\/wp\/v2\/pages"}],"about":[{"href":"https:\/\/few-group.com\/en\/wp-json\/wp\/v2\/types\/page"}],"author":[{"embeddable":true,"href":"https:\/\/few-group.com\/en\/wp-json\/wp\/v2\/users\/8"}],"replies":[{"embeddable":true,"href":"https:\/\/few-group.com\/en\/wp-json\/wp\/v2\/comments?post=2378"}],"version-history":[{"count":1,"href":"https:\/\/few-group.com\/en\/wp-json\/wp\/v2\/pages\/2378\/revisions"}],"predecessor-version":[{"id":3806,"href":"https:\/\/few-group.com\/en\/wp-json\/wp\/v2\/pages\/2378\/revisions\/3806"}],"wp:attachment":[{"href":"https:\/\/few-group.com\/en\/wp-json\/wp\/v2\/media?parent=2378"}],"curies":[{"name":"wp","href":"https:\/\/api.w.org\/{rel}","templated":true}]}}